{"id":991,"date":"2023-11-20T14:41:39","date_gmt":"2023-11-20T17:41:39","guid":{"rendered":"http:\/\/ppcl.uern.br?page_id=991"},"modified":"2025-09-15T13:14:10","modified_gmt":"2025-09-15T16:14:10","slug":"pgccs","status":"publish","type":"page","link":"http:\/\/ppcl.uern.br\/?page_id=991","title":{"rendered":"Componentes Curriculares (PGCC)"},"content":{"rendered":"\t\t<div data-elementor-type=\"wp-page\" data-elementor-id=\"991\" class=\"elementor elementor-991\" data-elementor-post-type=\"page\">\n\t\t\t\t<div class=\"elementor-element elementor-element-11f5d39 e-flex e-con-boxed e-con e-parent\" data-id=\"11f5d39\" data-element_type=\"container\">\n\t\t\t\t\t<div class=\"e-con-inner\">\n\t\t<div class=\"elementor-element elementor-element-1933768 e-flex e-con-boxed e-con e-child\" data-id=\"1933768\" data-element_type=\"container\">\n\t\t\t\t\t<div class=\"e-con-inner\">\n\t\t\t\t<div class=\"elementor-element elementor-element-0882106 elementor-widget elementor-widget-heading\" data-id=\"0882106\" data-element_type=\"widget\" data-widget_type=\"heading.default\">\n\t\t\t\t<div class=\"elementor-widget-container\">\n\t\t\t\t\t<h2 class=\"elementor-heading-title elementor-size-default\">Componentes Curriculares (PGCC)<\/h2>\t\t\t\t<\/div>\n\t\t\t\t<\/div>\n\t\t\t\t\t<\/div>\n\t\t\t\t<\/div>\n\t\t\t\t\t<\/div>\n\t\t\t\t<\/div>\n\t\t<div class=\"elementor-element elementor-element-498a7c8 e-flex e-con-boxed e-con e-parent\" data-id=\"498a7c8\" data-element_type=\"container\">\n\t\t\t\t\t<div class=\"e-con-inner\">\n\t\t\t\t<div class=\"elementor-element elementor-element-afa5b74 elementor-widget elementor-widget-text-editor\" data-id=\"afa5b74\" data-element_type=\"widget\" data-widget_type=\"text-editor.default\">\n\t\t\t\t<div class=\"elementor-widget-container\">\n\t\t\t\t\t\t\t\t\t<h5><a href=\"http:\/\/ppcl.uern.br\/?page_id=2258\"><span style=\"text-decoration: underline;\">Componentes Obrigat\u00f3rios<\/span><\/a><\/h5><h5><a href=\"http:\/\/ppcl.uern.br\/?page_id=2260\"><span style=\"text-decoration: underline;\">Componentes Optativos (45 horas\/03 cr\u00e9ditos)<\/span><\/a><\/h5><h5><span style=\"color: #0070ba;\"><a style=\"color: #0070ba;\" href=\"http:\/\/ppcl.uern.br\/?page_id=2262\" rel=\"noopener\">T\u00f3picos em Estrutura e Funcionamento da Linguagem (30 horas\/02 cr\u00e9ditos)<\/a><\/span><\/h5><h5><span style=\"color: #0070ba;\"><a style=\"color: #0070ba;\" href=\"http:\/\/ppcl.uern.br\/?page_id=2264\" rel=\"noopener\">T\u00f3picos em Linguagens e Pr\u00e1ticas Sociais (30 horas\/02 cr\u00e9ditos)<\/a><\/span><\/h5><h5><span style=\"color: #0070ba;\"><a style=\"color: #0070ba;\" href=\"http:\/\/ppcl.uern.br\/?page_id=2266\" rel=\"noopener\">T\u00f3picos em Literatura, Cultura e Representa\u00e7\u00e3o (30 horas\/02 cr\u00e9ditos)<\/a><\/span><\/h5><h5><span style=\"color: #0070ba;\"><a style=\"color: #0070ba;\" href=\"http:\/\/ppcl.uern.br\/?page_id=2268\" rel=\"noopener\">Semin\u00e1rio Tem\u00e1tico (15 horas\/01 cr\u00e9dito)<\/a><\/span><\/h5>\t\t\t\t\t\t\t\t<\/div>\n\t\t\t\t<\/div>\n\t\t\t\t\t<\/div>\n\t\t\t\t<\/div>\n\t\t\t\t<\/div>\n\t\t","protected":false},"excerpt":{"rendered":"<p>Componentes Curriculares (PGCC) Componentes Obrigat\u00f3rios Componentes Optativos (45 horas\/03 cr\u00e9ditos) T\u00f3picos em Estrutura e Funcionamento da Linguagem (30 horas\/02 cr\u00e9ditos) T\u00f3picos em Linguagens e Pr\u00e1ticas Sociais (30 horas\/02 cr\u00e9ditos) T\u00f3picos em Literatura, Cultura e Representa\u00e7\u00e3o (30 horas\/02 cr\u00e9ditos) Semin\u00e1rio Tem\u00e1tico (15 horas\/01 cr\u00e9dito)<\/p>\n","protected":false},"author":3,"featured_media":0,"parent":0,"menu_order":0,"comment_status":"closed","ping_status":"closed","template":"","meta":{"site-sidebar-layout":"no-sidebar","site-content-layout":"page-builder","ast-site-content-layout":"full-width-container","site-content-style":"default","site-sidebar-style":"default","ast-global-header-display":"","ast-banner-title-visibility":"","ast-main-header-display":"","ast-hfb-above-header-display":"","ast-hfb-below-header-display":"","ast-hfb-mobile-header-display":"","site-post-title":"disabled","ast-breadcrumbs-content":"","ast-featured-img":"disabled","footer-sml-layout":"","theme-transparent-header-meta":"","adv-header-id-meta":"","stick-header-meta":"","header-above-stick-meta":"","header-main-stick-meta":"","header-below-stick-meta":"","astra-migrate-meta-layouts":"set","ast-page-background-enabled":"default","ast-page-background-meta":{"desktop":{"background-color":"var(--ast-global-color-4)","background-image":"","background-repeat":"repeat","background-position":"center center","background-size":"auto","background-attachment":"scroll","background-type":"","background-media":"","overlay-type":"","overlay-color":"","overlay-opacity":"","overlay-gradient":""},"tablet":{"background-color":"","background-image":"","background-repeat":"repeat","background-position":"center center","background-size":"auto","background-attachment":"scroll","background-type":"","background-media":"","overlay-type":"","overlay-color":"","overlay-opacity":"","overlay-gradient":""},"mobile":{"background-color":"","background-image":"","background-repeat":"repeat","background-position":"center center","background-size":"auto","background-attachment":"scroll","background-type":"","background-media":"","overlay-type":"","overlay-color":"","overlay-opacity":"","overlay-gradient":""}},"ast-content-background-meta":{"desktop":{"background-color":"var(--ast-global-color-5)","background-image":"","background-repeat":"repeat","background-position":"center center","background-size":"auto","background-attachment":"scroll","background-type":"","background-media":"","overlay-type":"","overlay-color":"","overlay-opacity":"","overlay-gradient":""},"tablet":{"background-color":"var(--ast-global-color-5)","background-image":"","background-repeat":"repeat","background-position":"center center","background-size":"auto","background-attachment":"scroll","background-type":"","background-media":"","overlay-type":"","overlay-color":"","overlay-opacity":"","overlay-gradient":""},"mobile":{"background-color":"var(--ast-global-color-5)","background-image":"","background-repeat":"repeat","background-position":"center center","background-size":"auto","background-attachment":"scroll","background-type":"","background-media":"","overlay-type":"","overlay-color":"","overlay-opacity":"","overlay-gradient":""}},"footnotes":""},"class_list":["post-991","page","type-page","status-publish","hentry"],"_links":{"self":[{"href":"http:\/\/ppcl.uern.br\/index.php?rest_route=\/wp\/v2\/pages\/991","targetHints":{"allow":["GET"]}}],"collection":[{"href":"http:\/\/ppcl.uern.br\/index.php?rest_route=\/wp\/v2\/pages"}],"about":[{"href":"http:\/\/ppcl.uern.br\/index.php?rest_route=\/wp\/v2\/types\/page"}],"author":[{"embeddable":true,"href":"http:\/\/ppcl.uern.br\/index.php?rest_route=\/wp\/v2\/users\/3"}],"replies":[{"embeddable":true,"href":"http:\/\/ppcl.uern.br\/index.php?rest_route=%2Fwp%2Fv2%2Fcomments&post=991"}],"version-history":[{"count":131,"href":"http:\/\/ppcl.uern.br\/index.php?rest_route=\/wp\/v2\/pages\/991\/revisions"}],"predecessor-version":[{"id":4157,"href":"http:\/\/ppcl.uern.br\/index.php?rest_route=\/wp\/v2\/pages\/991\/revisions\/4157"}],"wp:attachment":[{"href":"http:\/\/ppcl.uern.br\/index.php?rest_route=%2Fwp%2Fv2%2Fmedia&parent=991"}],"curies":[{"name":"wp","href":"https:\/\/api.w.org\/{rel}","templated":true}]}}