{"id":881,"date":"2023-11-13T09:38:11","date_gmt":"2023-11-13T12:38:11","guid":{"rendered":"http:\/\/ppcl.uern.br?page_id=881"},"modified":"2025-08-05T08:07:09","modified_gmt":"2025-08-05T11:07:09","slug":"grupos-de-pesquisa","status":"publish","type":"page","link":"http:\/\/ppcl.uern.br\/?page_id=881","title":{"rendered":"Grupos de Pesquisa"},"content":{"rendered":"\t\t<div data-elementor-type=\"wp-page\" data-elementor-id=\"881\" class=\"elementor elementor-881\" data-elementor-post-type=\"page\">\n\t\t\t\t<div class=\"elementor-element elementor-element-65ea275 e-flex e-con-boxed e-con e-parent\" data-id=\"65ea275\" data-element_type=\"container\">\n\t\t\t\t\t<div class=\"e-con-inner\">\n\t\t\t\t<div class=\"elementor-element elementor-element-2856833 elementor-widget elementor-widget-text-editor\" data-id=\"2856833\" data-element_type=\"widget\" data-widget_type=\"text-editor.default\">\n\t\t\t\t<div class=\"elementor-widget-container\">\n\t\t\t\t\t\t\t\t\t<h3 class=\"titulo\">Grupos de Pesquisa<\/h3><div>\u00a0<\/div><div class=\"texto\"><p><strong><a href=\"http:\/\/dgp.cnpq.br\/dgp\/espelhogrupo\/28452\" target=\"_blank\" rel=\"noopener\">Grupo de Estudos do Discurso da UERN (GEDUERN)<\/a><\/strong><br \/>L\u00edder: Prof. Dr. Francisco Paulo da Silva<br \/>Vice-l\u00edder: Prof. Dr. Edgley Freire Tavares<br \/><a href=\"https:\/\/www.instagram.com\/geduern\/\" target=\"_blank\" rel=\"noopener\">https:\/\/www.instagram.com\/geduern<\/a><\/p><p><a href=\"http:\/\/dgp.cnpq.br\/dgp\/espelhogrupo\/29362\" target=\"_blank\" rel=\"noopener\"><strong>Grupo de Pesquisa em Lingu\u00edstica (GPEL)<\/strong><\/a><br \/>L\u00edder: Prof. Dr. Gilson Chicon Alves<br \/>Vice-l\u00edder: Profa. Dra. Maria Solange de Farias<\/p><p><a href=\"http:\/\/dgp.cnpq.br\/dgp\/espelhogrupo\/23074\"><strong>Grupo de Estudos da Tradu\u00e7\u00e3o (GET)<\/strong><\/a><br \/>L\u00edder: Prof. Dr. Nilson Roberto Barros da Silva<br \/>Vice-l\u00edder: Prof. Dr. Em\u00edlio Soares Ribeiro<\/p><p><a href=\"http:\/\/dgp.cnpq.br\/dgp\/espelhogrupo\/10707\" target=\"_blank\" rel=\"noopener\"><strong>Grupo de Pesquisa em Literaturas de L\u00edngua Portuguesa (GPORT)<\/strong><\/a><br \/>L\u00edder: Profa. Dra. Conc\u00edsia Lopes dos Santos<br \/>Vice-l\u00edder: Prof. Dr. Sebasti\u00e3o Marques Cardoso<\/p><p><a href=\"http:\/\/dgp.cnpq.br\/dgp\/espelhogrupo\/6556175441270865\" target=\"_blank\" rel=\"noopener\"><strong>Grupo de Pesquisa em Fon\u00e9tica e Fonologia (GPeFF)<\/strong><\/a><br \/>L\u00edder: Prof. Dr. Clerton Luiz F\u00e9lix Barboza<br \/>Vice-l\u00edder: Profa. Dra. Katiene Rozy Santos do Nascimento<\/p><p><a href=\"http:\/\/dgp.cnpq.br\/dgp\/espelhogrupo\/688213\" target=\"_blank\" rel=\"noopener\"><strong>Grupo de Pesquisa em Multimodalidade, Semi\u00f3tica Social e TICs (Multisemiotics)<\/strong><\/a><br \/>L\u00edder: Prof. Dr. Mois\u00e9s Batista da Silva<br \/>Vice-l\u00edder: Prof. Dr.\u00a0Jos\u00e9 Roberto Alves Barbosa<\/p><\/div>\t\t\t\t\t\t\t\t<\/div>\n\t\t\t\t<\/div>\n\t\t\t\t\t<\/div>\n\t\t\t\t<\/div>\n\t\t\t\t<\/div>\n\t\t","protected":false},"excerpt":{"rendered":"<p>Grupos de Pesquisa \u00a0 Grupo de Estudos do Discurso da UERN (GEDUERN)L\u00edder: Prof. Dr. Francisco Paulo da SilvaVice-l\u00edder: Prof. Dr. Edgley Freire Tavareshttps:\/\/www.instagram.com\/geduern Grupo de Pesquisa em Lingu\u00edstica (GPEL)L\u00edder: Prof. Dr. Gilson Chicon AlvesVice-l\u00edder: Profa. Dra. Maria Solange de Farias Grupo de Estudos da Tradu\u00e7\u00e3o (GET)L\u00edder: Prof. Dr. Nilson Roberto Barros da SilvaVice-l\u00edder: Prof. Dr. [&hellip;]<\/p>\n","protected":false},"author":1,"featured_media":0,"parent":0,"menu_order":0,"comment_status":"closed","ping_status":"closed","template":"","meta":{"site-sidebar-layout":"default","site-content-layout":"","ast-site-content-layout":"default","site-content-style":"default","site-sidebar-style":"default","ast-global-header-display":"","ast-banner-title-visibility":"","ast-main-header-display":"","ast-hfb-above-header-display":"","ast-hfb-below-header-display":"","ast-hfb-mobile-header-display":"","site-post-title":"disabled","ast-breadcrumbs-content":"","ast-featured-img":"","footer-sml-layout":"","theme-transparent-header-meta":"","adv-header-id-meta":"","stick-header-meta":"","header-above-stick-meta":"","header-main-stick-meta":"","header-below-stick-meta":"","astra-migrate-meta-layouts":"set","ast-page-background-enabled":"default","ast-page-background-meta":{"desktop":{"background-color":"var(--ast-global-color-4)","background-image":"","background-repeat":"repeat","background-position":"center center","background-size":"auto","background-attachment":"scroll","background-type":"","background-media":"","overlay-type":"","overlay-color":"","overlay-opacity":"","overlay-gradient":""},"tablet":{"background-color":"","background-image":"","background-repeat":"repeat","background-position":"center center","background-size":"auto","background-attachment":"scroll","background-type":"","background-media":"","overlay-type":"","overlay-color":"","overlay-opacity":"","overlay-gradient":""},"mobile":{"background-color":"","background-image":"","background-repeat":"repeat","background-position":"center center","background-size":"auto","background-attachment":"scroll","background-type":"","background-media":"","overlay-type":"","overlay-color":"","overlay-opacity":"","overlay-gradient":""}},"ast-content-background-meta":{"desktop":{"background-color":"var(--ast-global-color-5)","background-image":"","background-repeat":"repeat","background-position":"center center","background-size":"auto","background-attachment":"scroll","background-type":"","background-media":"","overlay-type":"","overlay-color":"","overlay-opacity":"","overlay-gradient":""},"tablet":{"background-color":"var(--ast-global-color-5)","background-image":"","background-repeat":"repeat","background-position":"center center","background-size":"auto","background-attachment":"scroll","background-type":"","background-media":"","overlay-type":"","overlay-color":"","overlay-opacity":"","overlay-gradient":""},"mobile":{"background-color":"var(--ast-global-color-5)","background-image":"","background-repeat":"repeat","background-position":"center center","background-size":"auto","background-attachment":"scroll","background-type":"","background-media":"","overlay-type":"","overlay-color":"","overlay-opacity":"","overlay-gradient":""}},"footnotes":""},"class_list":["post-881","page","type-page","status-publish","hentry"],"_links":{"self":[{"href":"http:\/\/ppcl.uern.br\/index.php?rest_route=\/wp\/v2\/pages\/881","targetHints":{"allow":["GET"]}}],"collection":[{"href":"http:\/\/ppcl.uern.br\/index.php?rest_route=\/wp\/v2\/pages"}],"about":[{"href":"http:\/\/ppcl.uern.br\/index.php?rest_route=\/wp\/v2\/types\/page"}],"author":[{"embeddable":true,"href":"http:\/\/ppcl.uern.br\/index.php?rest_route=\/wp\/v2\/users\/1"}],"replies":[{"embeddable":true,"href":"http:\/\/ppcl.uern.br\/index.php?rest_route=%2Fwp%2Fv2%2Fcomments&post=881"}],"version-history":[{"count":31,"href":"http:\/\/ppcl.uern.br\/index.php?rest_route=\/wp\/v2\/pages\/881\/revisions"}],"predecessor-version":[{"id":4081,"href":"http:\/\/ppcl.uern.br\/index.php?rest_route=\/wp\/v2\/pages\/881\/revisions\/4081"}],"wp:attachment":[{"href":"http:\/\/ppcl.uern.br\/index.php?rest_route=%2Fwp%2Fv2%2Fmedia&parent=881"}],"curies":[{"name":"wp","href":"https:\/\/api.w.org\/{rel}","templated":true}]}}