{"id":544,"date":"2023-11-01T14:14:44","date_gmt":"2023-11-01T17:14:44","guid":{"rendered":"http:\/\/ppcl.uern.br?page_id=544"},"modified":"2025-08-06T07:47:31","modified_gmt":"2025-08-06T10:47:31","slug":"regimento","status":"publish","type":"page","link":"http:\/\/ppcl.uern.br\/?page_id=544","title":{"rendered":"Extens\u00e3o"},"content":{"rendered":"\t\t<div data-elementor-type=\"wp-page\" data-elementor-id=\"544\" class=\"elementor elementor-544\" data-elementor-post-type=\"page\">\n\t\t\t\t<div class=\"elementor-element elementor-element-284b5e4 e-flex e-con-boxed e-con e-parent\" data-id=\"284b5e4\" data-element_type=\"container\">\n\t\t\t\t\t<div class=\"e-con-inner\">\n\t\t\t\t<div class=\"elementor-element elementor-element-20eaa1a elementor-widget elementor-widget-heading\" data-id=\"20eaa1a\" data-element_type=\"widget\" data-widget_type=\"heading.default\">\n\t\t\t\t<div class=\"elementor-widget-container\">\n\t\t\t\t\t<h2 class=\"elementor-heading-title elementor-size-default\">Extens\u00e3o<\/h2>\t\t\t\t<\/div>\n\t\t\t\t<\/div>\n\t\t\t\t\t<\/div>\n\t\t\t\t<\/div>\n\t\t<div class=\"elementor-element elementor-element-1433ee6 e-flex e-con-boxed e-con e-parent\" data-id=\"1433ee6\" data-element_type=\"container\">\n\t\t\t\t\t<div class=\"e-con-inner\">\n\t\t\t\t<div class=\"elementor-element elementor-element-1362535 elementor-widget elementor-widget-text-editor\" data-id=\"1362535\" data-element_type=\"widget\" data-widget_type=\"text-editor.default\">\n\t\t\t\t<div class=\"elementor-widget-container\">\n\t\t\t\t\t\t\t\t\t<p><a href=\"https:\/\/sigproj.uern.br\/apoiados.php?projeto_id=6394\" target=\"_blank\" rel=\"noopener\"><strong>FALA, BARROCO<\/strong><\/a><br \/><span style=\"color: #000000;\"><strong>Coordena\u00e7\u00e3o:<\/strong> Profa. Dra. Leila Maria de Ara\u00fajo Tabosa<\/span><br \/><a href=\"https:\/\/www.instagram.com\/falabarrocofalauern\/\" target=\"_blank\" rel=\"noopener\"><img decoding=\"async\" class=\"alignnone\" src=\"https:\/\/img.freepik.com\/vetores-premium\/ilustracao-artistica_929495-37.jpg\" alt=\"Simbolo Instagram Imagens \u2013 Download Gr\u00e1tis no Freepik\" width=\"45\" height=\"46\" \/><\/a> <a href=\"https:\/\/drive.google.com\/drive\/folders\/16NrNIxfjCUKXwydANhFJz6h7TX1eVOng\" target=\"_blank\" rel=\"noopener\"><img decoding=\"async\" class=\"alignnone\" src=\"https:\/\/img.freepik.com\/vetores-premium\/icone-da-pasta-de-arquivos_188544-4753.jpg\" alt=\"\u00cdcone da pasta de arquivos | Vetor Premium\" width=\"60\" height=\"48\" \/><\/a><\/p>\t\t\t\t\t\t\t\t<\/div>\n\t\t\t\t<\/div>\n\t\t\t\t\t<\/div>\n\t\t\t\t<\/div>\n\t\t<div class=\"elementor-element elementor-element-3e24611 e-flex e-con-boxed e-con e-parent\" data-id=\"3e24611\" data-element_type=\"container\">\n\t\t\t\t\t<div class=\"e-con-inner\">\n\t\t\t\t<div class=\"elementor-element elementor-element-7e53b61 elementor-widget elementor-widget-text-editor\" data-id=\"7e53b61\" data-element_type=\"widget\" data-widget_type=\"text-editor.default\">\n\t\t\t\t<div class=\"elementor-widget-container\">\n\t\t\t\t\t\t\t\t\t<p><a href=\"https:\/\/sigproj.uern.br\/apoiados.php?projeto_id=6933\" target=\"_blank\" rel=\"noopener\"><strong>N\u00daCLEO GENI &#8211; A\u00e7\u00f5es em G\u00eanero e Interseccionalidade<\/strong><\/a><br \/><span style=\"color: #000000;\"><strong>Coordena\u00e7\u00e3o:<\/strong> Profa. Dra. Daiany Ferreira Dantas<\/span><br \/><a href=\"https:\/\/www.instagram.com\/nucleo_geni\/?__d=11\" target=\"_blank\" rel=\"noopener\"><img decoding=\"async\" class=\"alignnone\" src=\"https:\/\/img.freepik.com\/vetores-premium\/ilustracao-artistica_929495-37.jpg\" alt=\"Simbolo Instagram Imagens \u2013 Download Gr\u00e1tis no Freepik\" width=\"45\" height=\"46\" \/><\/a><\/p><div><strong><span style=\"color: #000000;\">Brunel UERN Gothic Webinar<\/span><\/strong><\/div><div><a href=\"https:\/\/tinyurl.com\/webnar-brunel\" target=\"_blank\" rel=\"noopener\" data-saferedirecturl=\"https:\/\/www.google.com\/url?q=https:\/\/tinyurl.com\/webnar-brunel&amp;source=gmail&amp;ust=1754563261029000&amp;usg=AOvVaw0583rjB3J2sV-y_1w-8Iqm\">https:\/\/tinyurl.com\/webnar-<wbr \/>brunel<\/a><\/div><div>\u00a0<\/div><p><span style=\"color: #000000;\"><strong>Profa. Dra. Tha\u00efs Crist\u00f3faro Silva<\/strong><\/span><br \/><a href=\"http:\/\/www.fonologia.org\/\" target=\"_blank\" rel=\"noopener\">www.fonologia.org<\/a><br \/>Youtube: <a href=\"https:\/\/tinyurl.com\/thais-yt\" target=\"_blank\" rel=\"noopener\">https:\/\/tinyurl.com\/thais-yt<\/a><\/p><p><span style=\"color: #000000;\"><strong>Prof. Dr. Jos\u00e9 Roberto Alves Barbosa<\/strong><\/span><br \/>Youtube: <a href=\"https:\/\/tinyurl.com\/ze-roberto\" target=\"_blank\" rel=\"noopener\">https:\/\/tinyurl.com\/ze-roberto<\/a><\/p><div><strong><span style=\"color: #000000;\">O Prof. Dr. Clerton Barboza conta com v\u00e1rias playlists no YouTube voltadas para a discuss\u00e3o de quest\u00f5es relativas \u00e0 fon\u00e9tica e fonologia das l\u00ednguas naturais:<\/span><\/strong><\/div><div>\u00a0<\/div><div><span style=\"color: #000000;\">&#8211; Fon\u00e9tica Ac\u00fastica<\/span> (<a href=\"https:\/\/tinyurl.com\/fonetica-acustica\" target=\"_blank\" rel=\"noopener\" data-saferedirecturl=\"https:\/\/www.google.com\/url?q=https:\/\/tinyurl.com\/fonetica-acustica&amp;source=gmail&amp;ust=1754474650277000&amp;usg=AOvVaw1gbgUuLY1WZ-7QPphB130C\">https:\/\/tinyurl.com\/fonetica-<wbr \/>acustica<\/a>);<br \/><span style=\"color: #000000;\">&#8211; Fon\u00e9tica e Fonologia do Portugu\u00eas<\/span> (<a href=\"https:\/\/tinyurl.com\/fonologia-portugues\" target=\"_blank\" rel=\"noopener\" data-saferedirecturl=\"https:\/\/www.google.com\/url?q=https:\/\/tinyurl.com\/fonologia-portugues&amp;source=gmail&amp;ust=1754474650277000&amp;usg=AOvVaw15s6qZfYI3D5fwAtgkj-kn\">https:\/\/tinyurl.com\/<wbr \/>fonologia-portugues<\/a>);<br \/><span style=\"color: #000000;\">&#8211; Fon\u00e9tica ac\u00fastica: sons do portugu\u00eas brasileiro<\/span> (<a href=\"https:\/\/tinyurl.com\/acustica-PB\" target=\"_blank\" rel=\"noopener\" data-saferedirecturl=\"https:\/\/www.google.com\/url?q=https:\/\/tinyurl.com\/acustica-PB&amp;source=gmail&amp;ust=1754474650277000&amp;usg=AOvVaw0x1Rh1BGSWj0LgxpsA5cDR\">https:\/\/tinyurl.com\/acustica-<wbr \/>PB<\/a>);<br \/><span style=\"color: #000000;\">&#8211; Fonologia L\u00edngua Inglesa<\/span> (<a href=\"https:\/\/tinyurl.com\/fonologia-ingles\" target=\"_blank\" rel=\"noopener\" data-saferedirecturl=\"https:\/\/www.google.com\/url?q=https:\/\/tinyurl.com\/fonologia-ingles&amp;source=gmail&amp;ust=1754474650277000&amp;usg=AOvVaw2mJDcK8wksRf6RYQaCfVS2\">https:\/\/tinyurl.com\/<wbr \/>fonologia-ingles<\/a>);<br \/><span style=\"color: #000000;\">&#8211; Estat\u00edstica para Linguistas<\/span> (<a href=\"https:\/\/tinyurl.com\/estatistica-linguistas\" target=\"_blank\" rel=\"noopener\" data-saferedirecturl=\"https:\/\/www.google.com\/url?q=https:\/\/tinyurl.com\/estatistica-linguistas&amp;source=gmail&amp;ust=1754474650277000&amp;usg=AOvVaw0YRNzJbYuml5PJMFgjKMg2\">https:\/\/tinyurl.com\/<wbr \/>estatistica-linguistas<\/a>).<\/div>\t\t\t\t\t\t\t\t<\/div>\n\t\t\t\t<\/div>\n\t\t\t\t\t<\/div>\n\t\t\t\t<\/div>\n\t\t\t\t<\/div>\n\t\t","protected":false},"excerpt":{"rendered":"<p>Extens\u00e3o FALA, BARROCOCoordena\u00e7\u00e3o: Profa. Dra. Leila Maria de Ara\u00fajo Tabosa N\u00daCLEO GENI &#8211; A\u00e7\u00f5es em G\u00eanero e InterseccionalidadeCoordena\u00e7\u00e3o: Profa. Dra. Daiany Ferreira Dantas Brunel UERN Gothic Webinarhttps:\/\/tinyurl.com\/webnar-brunel\u00a0 Profa. Dra. Tha\u00efs Crist\u00f3faro Silvawww.fonologia.orgYoutube: https:\/\/tinyurl.com\/thais-yt Prof. Dr. Jos\u00e9 Roberto Alves BarbosaYoutube: https:\/\/tinyurl.com\/ze-roberto O Prof. Dr. Clerton Barboza conta com v\u00e1rias playlists no YouTube voltadas para a discuss\u00e3o [&hellip;]<\/p>\n","protected":false},"author":4,"featured_media":0,"parent":0,"menu_order":0,"comment_status":"closed","ping_status":"closed","template":"","meta":{"site-sidebar-layout":"no-sidebar","site-content-layout":"page-builder","ast-site-content-layout":"full-width-container","site-content-style":"default","site-sidebar-style":"default","ast-global-header-display":"","ast-banner-title-visibility":"","ast-main-header-display":"","ast-hfb-above-header-display":"","ast-hfb-below-header-display":"","ast-hfb-mobile-header-display":"","site-post-title":"disabled","ast-breadcrumbs-content":"","ast-featured-img":"","footer-sml-layout":"","theme-transparent-header-meta":"","adv-header-id-meta":"","stick-header-meta":"","header-above-stick-meta":"","header-main-stick-meta":"","header-below-stick-meta":"","astra-migrate-meta-layouts":"set","ast-page-background-enabled":"default","ast-page-background-meta":{"desktop":{"background-color":"var(--ast-global-color-4)","background-image":"","background-repeat":"repeat","background-position":"center center","background-size":"auto","background-attachment":"scroll","background-type":"","background-media":"","overlay-type":"","overlay-color":"","overlay-opacity":"","overlay-gradient":""},"tablet":{"background-color":"","background-image":"","background-repeat":"repeat","background-position":"center center","background-size":"auto","background-attachment":"scroll","background-type":"","background-media":"","overlay-type":"","overlay-color":"","overlay-opacity":"","overlay-gradient":""},"mobile":{"background-color":"","background-image":"","background-repeat":"repeat","background-position":"center center","background-size":"auto","background-attachment":"scroll","background-type":"","background-media":"","overlay-type":"","overlay-color":"","overlay-opacity":"","overlay-gradient":""}},"ast-content-background-meta":{"desktop":{"background-color":"var(--ast-global-color-5)","background-image":"","background-repeat":"repeat","background-position":"center center","background-size":"auto","background-attachment":"scroll","background-type":"","background-media":"","overlay-type":"","overlay-color":"","overlay-opacity":"","overlay-gradient":""},"tablet":{"background-color":"var(--ast-global-color-5)","background-image":"","background-repeat":"repeat","background-position":"center center","background-size":"auto","background-attachment":"scroll","background-type":"","background-media":"","overlay-type":"","overlay-color":"","overlay-opacity":"","overlay-gradient":""},"mobile":{"background-color":"var(--ast-global-color-5)","background-image":"","background-repeat":"repeat","background-position":"center center","background-size":"auto","background-attachment":"scroll","background-type":"","background-media":"","overlay-type":"","overlay-color":"","overlay-opacity":"","overlay-gradient":""}},"footnotes":""},"class_list":["post-544","page","type-page","status-publish","hentry"],"_links":{"self":[{"href":"http:\/\/ppcl.uern.br\/index.php?rest_route=\/wp\/v2\/pages\/544","targetHints":{"allow":["GET"]}}],"collection":[{"href":"http:\/\/ppcl.uern.br\/index.php?rest_route=\/wp\/v2\/pages"}],"about":[{"href":"http:\/\/ppcl.uern.br\/index.php?rest_route=\/wp\/v2\/types\/page"}],"author":[{"embeddable":true,"href":"http:\/\/ppcl.uern.br\/index.php?rest_route=\/wp\/v2\/users\/4"}],"replies":[{"embeddable":true,"href":"http:\/\/ppcl.uern.br\/index.php?rest_route=%2Fwp%2Fv2%2Fcomments&post=544"}],"version-history":[{"count":79,"href":"http:\/\/ppcl.uern.br\/index.php?rest_route=\/wp\/v2\/pages\/544\/revisions"}],"predecessor-version":[{"id":4100,"href":"http:\/\/ppcl.uern.br\/index.php?rest_route=\/wp\/v2\/pages\/544\/revisions\/4100"}],"wp:attachment":[{"href":"http:\/\/ppcl.uern.br\/index.php?rest_route=%2Fwp%2Fv2%2Fmedia&parent=544"}],"curies":[{"name":"wp","href":"https:\/\/api.w.org\/{rel}","templated":true}]}}