{"id":3636,"date":"2025-02-08T01:32:30","date_gmt":"2025-02-08T04:32:30","guid":{"rendered":"http:\/\/ppcl.uern.br\/?page_id=3636"},"modified":"2025-08-05T07:24:49","modified_gmt":"2025-08-05T10:24:49","slug":"autoavaliacao-2","status":"publish","type":"page","link":"http:\/\/ppcl.uern.br\/?page_id=3636","title":{"rendered":"Autoavalia\u00e7\u00e3o e Planejamento Estrat\u00e9gico"},"content":{"rendered":"\t\t<div data-elementor-type=\"wp-page\" data-elementor-id=\"3636\" class=\"elementor elementor-3636\" data-elementor-post-type=\"page\">\n\t\t\t\t<div class=\"elementor-element elementor-element-6431b28 e-flex e-con-boxed e-con e-parent\" data-id=\"6431b28\" data-element_type=\"container\">\n\t\t\t\t\t<div class=\"e-con-inner\">\n\t\t\t\t<div class=\"elementor-element elementor-element-f877ee5 elementor-widget elementor-widget-text-editor\" data-id=\"f877ee5\" data-element_type=\"widget\" data-widget_type=\"text-editor.default\">\n\t\t\t\t<div class=\"elementor-widget-container\">\n\t\t\t\t\t\t\t\t\t<h2><span style=\"color: #339966;\">Autoavalia\u00e7\u00e3o e Planejamento Estrat\u00e9gico<\/span><\/h2><p><strong><a href=\"https:\/\/drive.google.com\/file\/d\/1xUUUPX-ZkqdXtVYaqoMi77z6kaKExEBe\/view?usp=drive_link\" target=\"_blank\" rel=\"noopener\"><span style=\"text-decoration: underline;\"><span style=\"color: #0000ff; text-decoration: underline;\">Planejamento Estrat\u00e9gico &#8211; PPCL &#8211; 2025-2028<\/span><\/span><\/a><\/strong><\/p><p><a href=\"https:\/\/drive.google.com\/file\/d\/1TsB-_jaGC0eXLVhCN_orCKm9csxj6S3q\/view?usp=drive_link\" target=\"_blank\" rel=\"noopener\"><span style=\"color: #0000ff;\"><strong><span style=\"text-decoration: underline;\">Autoavalia\u00e7\u00e3o &#8211; PPCL &#8211; 2021-2024<\/span><\/strong><\/span><\/a><\/p><p><strong><span style=\"text-decoration: underline;\"><span style=\"color: #0000ff; text-decoration: underline;\"><a style=\"color: #0000ff; text-decoration: underline;\" href=\"https:\/\/drive.google.com\/file\/d\/1DMLOxUPsgWSXNOB2jLLGuzByjnh81m4F\/view?usp=sharing\" target=\"_blank\" rel=\"noopener\">01. Relat\u00f3rio de Autoavalia\u00e7\u00e3o Docente 2021-22<\/a><\/span><\/span><\/strong><\/p><p><strong><span style=\"text-decoration: underline;\"><span style=\"color: #0000ff; text-decoration: underline;\"><a style=\"color: #0000ff; text-decoration: underline;\" href=\"https:\/\/drive.google.com\/file\/d\/1viqyQVzJgbwkAEthBGoWjZ98gPt92Xnc\/view?usp=sharing\" target=\"_blank\" rel=\"noopener\">02. Formul\u00e1rio Docentes (2020)<\/a><\/span><\/span><\/strong><\/p><p><strong><span style=\"text-decoration: underline;\"><span style=\"color: #0000ff; text-decoration: underline;\"><a style=\"color: #0000ff; text-decoration: underline;\" href=\"https:\/\/drive.google.com\/file\/d\/1gnfCWbEtn6x9c4dMpcM9Cqp4LJxxujcY\/view?usp=sharing\" target=\"_blank\" rel=\"noopener\">03. Formul\u00e1rio Docentes (2022)<\/a><\/span><\/span><\/strong><\/p><p><strong><span style=\"text-decoration: underline;\"><span style=\"color: #0000ff; text-decoration: underline;\"><a style=\"color: #0000ff; text-decoration: underline;\" href=\"https:\/\/drive.google.com\/file\/d\/1Sqpvd0qfb4zVAiRmDlTUvRmCUHUdveZn\/view?usp=sharing\" target=\"_blank\" rel=\"noopener\">04. Formul\u00e1rio Docentes (2023)<\/a><\/span><\/span><\/strong><\/p><p><strong><span style=\"text-decoration: underline;\"><span style=\"color: #0000ff; text-decoration: underline;\"><a style=\"color: #0000ff; text-decoration: underline;\" href=\"https:\/\/drive.google.com\/file\/d\/1fL_eyx_G2wuoSxep3NH-zq5er9DIOs1L\/view?usp=sharing\" target=\"_blank\" rel=\"noopener\">05. Formul\u00e1rio Discentes (2022)<\/a><\/span><\/span><\/strong><\/p><p><strong><span style=\"text-decoration: underline;\"><span style=\"color: #0000ff; text-decoration: underline;\"><a style=\"color: #0000ff; text-decoration: underline;\" href=\"https:\/\/drive.google.com\/file\/d\/1ZMII6tOubeiXKzzlo5nUHSOhgx7DFaCF\/view?usp=sharing\" target=\"_blank\" rel=\"noopener\">06. Formul\u00e1rio Discentes (2023)<\/a><\/span><\/span><\/strong><\/p><p><strong><span style=\"text-decoration: underline;\"><span style=\"color: #0000ff; text-decoration: underline;\"><a style=\"color: #0000ff; text-decoration: underline;\" href=\"https:\/\/drive.google.com\/file\/d\/1hNIxwkvfVYqf0Qp38WAPN7LfBOjQGn3Q\/view?usp=sharing\" target=\"_blank\" rel=\"noopener\">07. Formul\u00e1rio Egressos (2022)<\/a><\/span><\/span><\/strong><\/p><p><strong><span style=\"text-decoration: underline;\"><span style=\"color: #0000ff; text-decoration: underline;\"><a style=\"color: #0000ff; text-decoration: underline;\" href=\"https:\/\/drive.google.com\/file\/d\/1aqwdKiqjCq4n33kK5TPAF4NhiidE9jeT\/view?usp=sharing\" target=\"_blank\" rel=\"noopener\">08. Formul\u00e1rio Egressos (2023)<\/a><\/span><\/span><\/strong><\/p><p><strong><span style=\"text-decoration: underline;\"><span style=\"color: #0000ff; text-decoration: underline;\"><a style=\"color: #0000ff; text-decoration: underline;\" href=\"https:\/\/drive.google.com\/file\/d\/1o-riZxYCZ069eSg3pvLImVqlbdmBTIuq\/view?usp=sharing\" target=\"_blank\" rel=\"noopener\">09. Formul\u00e1rio T\u00e9cnicos (2022)<\/a><\/span><\/span><\/strong><\/p><p><strong><span style=\"text-decoration: underline;\"><span style=\"color: #0000ff; text-decoration: underline;\"><a style=\"color: #0000ff; text-decoration: underline;\" href=\"https:\/\/drive.google.com\/file\/d\/1DnNFNB6t6ystXJKsI9BiFsgiTykoMXVC\/view?usp=sharing\" target=\"_blank\" rel=\"noopener\">10. Formul\u00e1rio T\u00e9cnicos (2023)<\/a><\/span><\/span><\/strong><\/p><p><strong><span style=\"text-decoration: underline;\"><span style=\"color: #0000ff; text-decoration: underline;\"><a style=\"color: #0000ff; text-decoration: underline;\" href=\"https:\/\/drive.google.com\/file\/d\/1CgYuZsQ3bRKpg76sq0sm-BwLdxFGTZkC\/view?usp=sharing\" target=\"_blank\" rel=\"noopener\">11. Plano de Autoavalia\u00e7\u00e3o (2023)<\/a><\/span><\/span><\/strong><\/p>\t\t\t\t\t\t\t\t<\/div>\n\t\t\t\t<\/div>\n\t\t\t\t\t<\/div>\n\t\t\t\t<\/div>\n\t\t\t\t<\/div>\n\t\t","protected":false},"excerpt":{"rendered":"<p>Autoavalia\u00e7\u00e3o e Planejamento Estrat\u00e9gico Planejamento Estrat\u00e9gico &#8211; PPCL &#8211; 2025-2028 Autoavalia\u00e7\u00e3o &#8211; PPCL &#8211; 2021-2024 01. Relat\u00f3rio de Autoavalia\u00e7\u00e3o Docente 2021-22 02. Formul\u00e1rio Docentes (2020) 03. Formul\u00e1rio Docentes (2022) 04. Formul\u00e1rio Docentes (2023) 05. Formul\u00e1rio Discentes (2022) 06. Formul\u00e1rio Discentes (2023) 07. Formul\u00e1rio Egressos (2022) 08. Formul\u00e1rio Egressos (2023) 09. Formul\u00e1rio T\u00e9cnicos (2022) 10. Formul\u00e1rio [&hellip;]<\/p>\n","protected":false},"author":5,"featured_media":0,"parent":0,"menu_order":0,"comment_status":"closed","ping_status":"closed","template":"","meta":{"site-sidebar-layout":"no-sidebar","site-content-layout":"page-builder","ast-site-content-layout":"full-width-container","site-content-style":"default","site-sidebar-style":"default","ast-global-header-display":"","ast-banner-title-visibility":"","ast-main-header-display":"","ast-hfb-above-header-display":"","ast-hfb-below-header-display":"","ast-hfb-mobile-header-display":"","site-post-title":"disabled","ast-breadcrumbs-content":"","ast-featured-img":"disabled","footer-sml-layout":"","theme-transparent-header-meta":"","adv-header-id-meta":"","stick-header-meta":"","header-above-stick-meta":"","header-main-stick-meta":"","header-below-stick-meta":"","astra-migrate-meta-layouts":"set","ast-page-background-enabled":"default","ast-page-background-meta":{"desktop":{"background-color":"var(--ast-global-color-4)","background-image":"","background-repeat":"repeat","background-position":"center center","background-size":"auto","background-attachment":"scroll","background-type":"","background-media":"","overlay-type":"","overlay-color":"","overlay-gradient":""},"tablet":{"background-color":"","background-image":"","background-repeat":"repeat","background-position":"center center","background-size":"auto","background-attachment":"scroll","background-type":"","background-media":"","overlay-type":"","overlay-color":"","overlay-gradient":""},"mobile":{"background-color":"","background-image":"","background-repeat":"repeat","background-position":"center center","background-size":"auto","background-attachment":"scroll","background-type":"","background-media":"","overlay-type":"","overlay-color":"","overlay-gradient":""}},"ast-content-background-meta":{"desktop":{"background-color":"var(--ast-global-color-5)","background-image":"","background-repeat":"repeat","background-position":"center center","background-size":"auto","background-attachment":"scroll","background-type":"","background-media":"","overlay-type":"","overlay-color":"","overlay-gradient":""},"tablet":{"background-color":"var(--ast-global-color-5)","background-image":"","background-repeat":"repeat","background-position":"center center","background-size":"auto","background-attachment":"scroll","background-type":"","background-media":"","overlay-type":"","overlay-color":"","overlay-gradient":""},"mobile":{"background-color":"var(--ast-global-color-5)","background-image":"","background-repeat":"repeat","background-position":"center center","background-size":"auto","background-attachment":"scroll","background-type":"","background-media":"","overlay-type":"","overlay-color":"","overlay-gradient":""}},"footnotes":""},"class_list":["post-3636","page","type-page","status-publish","hentry"],"_links":{"self":[{"href":"http:\/\/ppcl.uern.br\/index.php?rest_route=\/wp\/v2\/pages\/3636","targetHints":{"allow":["GET"]}}],"collection":[{"href":"http:\/\/ppcl.uern.br\/index.php?rest_route=\/wp\/v2\/pages"}],"about":[{"href":"http:\/\/ppcl.uern.br\/index.php?rest_route=\/wp\/v2\/types\/page"}],"author":[{"embeddable":true,"href":"http:\/\/ppcl.uern.br\/index.php?rest_route=\/wp\/v2\/users\/5"}],"replies":[{"embeddable":true,"href":"http:\/\/ppcl.uern.br\/index.php?rest_route=%2Fwp%2Fv2%2Fcomments&post=3636"}],"version-history":[{"count":20,"href":"http:\/\/ppcl.uern.br\/index.php?rest_route=\/wp\/v2\/pages\/3636\/revisions"}],"predecessor-version":[{"id":4048,"href":"http:\/\/ppcl.uern.br\/index.php?rest_route=\/wp\/v2\/pages\/3636\/revisions\/4048"}],"wp:attachment":[{"href":"http:\/\/ppcl.uern.br\/index.php?rest_route=%2Fwp%2Fv2%2Fmedia&parent=3636"}],"curies":[{"name":"wp","href":"https:\/\/api.w.org\/{rel}","templated":true}]}}