{"id":3319,"date":"2025-01-03T09:51:59","date_gmt":"2025-01-03T12:51:59","guid":{"rendered":"http:\/\/ppcl.uern.br\/?page_id=3319"},"modified":"2025-08-07T07:43:55","modified_gmt":"2025-08-07T10:43:55","slug":"editais-2025","status":"publish","type":"page","link":"http:\/\/ppcl.uern.br\/?page_id=3319","title":{"rendered":"Editais 2025"},"content":{"rendered":"\t\t<div data-elementor-type=\"wp-page\" data-elementor-id=\"3319\" class=\"elementor elementor-3319\" data-elementor-post-type=\"page\">\n\t\t\t\t<div class=\"elementor-element elementor-element-a2f8ebb e-flex e-con-boxed e-con e-parent\" data-id=\"a2f8ebb\" data-element_type=\"container\">\n\t\t\t\t\t<div class=\"e-con-inner\">\n\t\t\t\t<div class=\"elementor-element elementor-element-af96125 elementor-widget elementor-widget-heading\" data-id=\"af96125\" data-element_type=\"widget\" data-widget_type=\"heading.default\">\n\t\t\t\t<div class=\"elementor-widget-container\">\n\t\t\t\t\t<h2 class=\"elementor-heading-title elementor-size-default\">Editais 2025<\/h2>\t\t\t\t<\/div>\n\t\t\t\t<\/div>\n\t\t\t\t\t<\/div>\n\t\t\t\t<\/div>\n\t\t<div class=\"elementor-element elementor-element-9618198 e-flex e-con-boxed e-con e-parent\" data-id=\"9618198\" data-element_type=\"container\">\n\t\t\t\t\t<div class=\"e-con-inner\">\n\t\t\t\t<div class=\"elementor-element elementor-element-ec65cf1 elementor-widget elementor-widget-text-editor\" data-id=\"ec65cf1\" data-element_type=\"widget\" data-widget_type=\"text-editor.default\">\n\t\t\t\t<div class=\"elementor-widget-container\">\n\t\t\t\t\t\t\t\t\t<table style=\"width: 100%; border-collapse: collapse; border-style: solid; background-color: #00ff80;\" border=\"0\"><tbody><tr><td style=\"width: 100%;\"><span style=\"color: #000000;\"><strong>PROCESSO SELETIVO &#8211; ALUNOS(AS) REGULARES 2026<\/strong><\/span><\/td><\/tr><\/tbody><\/table><ul><li><a href=\"https:\/\/drive.google.com\/file\/d\/1_ndignCet2feFmkyHfFTbXFvraeIx_sY\/view?usp=drive_link\" target=\"_blank\" rel=\"noopener\"><span style=\"color: #808080;\"><span style=\"text-decoration: underline;\"><span style=\"color: #0000ff; text-decoration: underline;\">Edital n\u00ba 19\/2025 &#8211; PPCL\/UERN (Processo Seletivo &#8211; Alunos(as) Regulares 2026)<\/span><\/span><\/span><\/a><\/li><li><span style=\"text-decoration: underline; color: #0000ff;\"><a style=\"color: #0000ff;\" href=\"https:\/\/sigaa.uern.br\/sigaa\/public\/programa\/processo_seletivo.jsf?lc=pt_BR&amp;id=1053\" target=\"_blank\" rel=\"noopener\">Formul\u00e1rio de Inscri\u00e7\u00e3o no SIGAA<\/a><\/span><\/li><li><span style=\"text-decoration: underline;\"><span style=\"color: #0000ff; text-decoration: underline;\"><a style=\"color: #0000ff; text-decoration: underline;\" href=\"https:\/\/drive.google.com\/file\/d\/1o6ZpeMpDMWCPqvsl8xn9mBR4FmkKtLU-\/view?usp=drive_link\" target=\"_blank\" rel=\"noopener\">Aditivo n\u00b0 01 ao Edital n\u00b0 19\/2025 &#8211; PPCL\/UERN<\/a><\/span><\/span><\/li><li><a href=\"https:\/\/drive.google.com\/file\/d\/1nXeq4FIObMvQY6CRjmg7BJhP9pJYnWjv\/view?usp=drive_link\" target=\"_blank\" rel=\"noopener\"><span style=\"text-decoration: underline; color: #0000ff;\">Edital n\u00ba 25\/2025 &#8211; PPCL\/UERN (Homologa\u00e7\u00e3o das Inscri\u00e7\u00f5es)<\/span><\/a><\/li><\/ul><table style=\"width: 100%; border-collapse: collapse; border-style: solid; background-color: #ffff00;\" border=\"0\"><tbody><tr><td style=\"width: 100%;\"><span style=\"color: #000000;\"><strong>PROCESSO SELETIVO &#8211; ALUNOS(AS) ESPECIAIS 2025.2<\/strong><\/span><\/td><\/tr><\/tbody><\/table><ul><li><span style=\"text-decoration: underline; color: #0000ff;\"><span style=\"text-decoration: underline;\"><a style=\"color: #0000ff; text-decoration: underline;\" href=\"https:\/\/drive.google.com\/file\/d\/1wnvtKU8Fe2oMW84WLGNxCoqWMosBk3V3\/view?usp=sharing\" target=\"_blank\" rel=\"noopener\">Edital n\u00ba 16\/2025 &#8211; PPCL\/UERN (Alunos(as) Especiais 2025.2)<\/a><\/span><\/span><\/li><li><a href=\"https:\/\/sigaa.uern.br\/sigaa\/public\/programa\/processo_seletivo.jsf?lc=pt_BR&amp;id=1053\" target=\"_blank\" rel=\"noopener\"><span style=\"text-decoration: underline; color: #0000ff;\">Formul\u00e1rio de Inscri\u00e7\u00e3o no SIGAA<\/span><\/a><\/li><li><span style=\"text-decoration: underline;\"><span style=\"color: #0000ff; text-decoration: underline;\"><a style=\"color: #0000ff; text-decoration: underline;\" href=\"https:\/\/drive.google.com\/file\/d\/13Fo9vvOmsOqHe--U-5cO3IZlqoPUKuj1\/view?usp=drive_link\" target=\"_blank\" rel=\"noopener\">Edital n\u00b0 23\/2025 &#8211; PPCL\/UERN (Homologa\u00e7\u00e3o das Inscri\u00e7\u00f5es)<\/a><\/span><\/span><\/li><li><span style=\"text-decoration: underline; color: #0000ff;\"><a style=\"color: #0000ff;\" href=\"https:\/\/drive.google.com\/file\/d\/18CH4sMzsZuJmZNG-yhL49isQxvPkfTs6\/view?usp=drive_link\" target=\"_blank\" rel=\"noopener\">Aditivo n\u00b0 01 ao Edital n\u00b0 23\/2025 &#8211; PPCL\/UERN<\/a><\/span><\/li><li><a href=\"https:\/\/drive.google.com\/file\/d\/10pmzIze-MMYwQ3QRHx85S5fiDYickJRs\/view?usp=drive_link\" target=\"_blank\" rel=\"noopener\"><span style=\"text-decoration: underline; color: #0000ff;\">Edital n\u00b0 24\/2025 &#8211; PPCL\/UERN (Resultado Final)<\/span><\/a><\/li><\/ul><table style=\"width: 100%; border-collapse: collapse; border-style: solid; background-color: #00ff80;\" border=\"0\"><tbody><tr><td style=\"width: 100%;\"><span style=\"color: #000000;\"><strong>MATR\u00cdCULAS 2025.2 &#8211; ALUNOS(AS) REGULARES<\/strong><\/span><\/td><\/tr><\/tbody><\/table><ul><li><a href=\"https:\/\/drive.google.com\/file\/d\/1F2UqAo5PzXI6JHz4vvE6p-eZZCG6lHq9\/view?usp=drive_link\" target=\"_blank\" rel=\"noopener\"><span style=\"color: #808080;\"><span style=\"text-decoration: underline;\"><span style=\"color: #0000ff; text-decoration: underline;\">Edital n\u00ba 21\/2025 &#8211; PPCL\/UERN (Matr\u00edculas Regulares 2025.2)<\/span><\/span><\/span><\/a><\/li><\/ul><table style=\"width: 100%; border-collapse: collapse; border-style: solid; background-color: #00ff80;\" border=\"0\"><tbody><tr><td style=\"width: 100%;\"><span style=\"color: #000000;\"><strong>PROCESSO SELETIVO &#8211; ALUNOS(AS) REGULARES 2025<\/strong><\/span><\/td><\/tr><\/tbody><\/table><ul><li><a href=\"https:\/\/docs.google.com\/document\/d\/1CmdefwinJLQIxUtRGGmYsUSQKeHOgnQROZDmdydbtJA\/edit?usp=sharing\" target=\"_blank\" rel=\"noopener\"><span style=\"color: #808080;\"><span style=\"text-decoration: underline;\"><span style=\"color: #0000ff; text-decoration: underline;\">Edital n\u00ba 35\/2024 &#8211; PPCL\/UERN (Processo Seletivo &#8211; Alunos(as) Regulares 2025)<\/span><\/span><\/span><\/a><\/li><li><span style=\"color: #0000ff;\"><a style=\"color: #0000ff;\" href=\"https:\/\/sigaa.uern.br\/sigaa\/public\/programa\/processo_seletivo.jsf?lc=pt_BR&amp;id=1053\" target=\"_blank\" rel=\"noopener\">Formul\u00e1rio Eletr\u00f4nico de Inscri\u00e7\u00e3o (SIGAA)<\/a><\/span><\/li><li><span style=\"color: #0000ff;\"><span style=\"text-decoration: underline;\"><a style=\"color: #0000ff;\" href=\"https:\/\/docs.google.com\/document\/d\/1OwjQyCGzNWKoXOEmtlpiwy7MGa9pO1yVC3FFLQxR594\/edit?usp=sharing\" target=\"_blank\" rel=\"noopener\">Aditivo n\u00ba 01 ao Edital n\u00ba 35\/2024 &#8211; PPCL\/UERN<\/a><\/span><\/span><\/li><li><span style=\"color: #0000ff;\"><span style=\"text-decoration: underline;\"><del>Aditivo n\u00ba 02 ao Edital n\u00ba 35\/2024 &#8211; PPCL\/UERN<\/del><\/span><\/span><\/li><li><span style=\"color: #0000ff;\"><span style=\"text-decoration: underline;\"><a style=\"color: #0000ff; text-decoration: underline;\" href=\"https:\/\/docs.google.com\/document\/d\/1Hv8DPhz2v2ZIRSFwUz3HvnclNVrKSHSlh0BPLl4ySiQ\/edit?usp=drive_link\" target=\"_blank\" rel=\"noopener\">Aditivo n\u00ba 03 ao Edital n\u00ba 35\/2024 &#8211; PPCL\/UERN<\/a><\/span><\/span><\/li><li><a href=\"https:\/\/drive.google.com\/file\/d\/1dCzie3ZWXYMWwcrK8i1iCuHOHAifPU6v\/view?usp=drive_link\" target=\"_blank\" rel=\"noopener\"><span style=\"color: #0000ff;\"><span style=\"text-decoration: underline;\">Edital n\u00ba 04\/2025 &#8211; PPCL\/UERN (Homologa\u00e7\u00e3o das Inscri\u00e7\u00f5es)<\/span><\/span><\/a><\/li><li><span style=\"text-decoration: underline; color: #0000ff;\"><a style=\"color: #0000ff;\" href=\"https:\/\/drive.google.com\/file\/d\/1LfxpDkLAhmflvcBsBKVH7o8_NSivF1gP\/view?usp=sharing\" target=\"_blank\" rel=\"noopener\">Aditivo n\u00ba 04 ao Edital n\u00ba 35\/2024 &#8211; PPCL\/UERN<\/a><\/span><\/li><li><span style=\"text-decoration: underline; color: #0000ff;\"><a style=\"color: #0000ff;\" href=\"https:\/\/drive.google.com\/file\/d\/14tgfOrRwKvi70-ZpGXAlEVBHlSn0_kw3\/view?usp=drive_link\" target=\"_blank\" rel=\"noopener\">Edital n\u00ba 06\/2025 &#8211; PPCL\/UERN (Resultado da Prova Escrita)<\/a><\/span><\/li><li><a href=\"https:\/\/drive.google.com\/file\/d\/1HVMhCEtl9S8x4kLE14fMkd5hO1TQzzNN\/view?usp=sharing\" target=\"_blank\" rel=\"noopener\"><span style=\"text-decoration: underline; color: #0000ff;\">Edital n\u00ba 07\/2025 &#8211; PPCL\/UERN (An\u00e1lise dos Recursos ao Resultado da Prova Escrita)<\/span><\/a><\/li><li><span style=\"text-decoration: underline; color: #0000ff;\"><a style=\"color: #0000ff;\" href=\"https:\/\/drive.google.com\/file\/d\/1oYvJW1xmuFvJXR4ThWaK9vYQiZDTdAG2\/view?usp=sharing\" target=\"_blank\" rel=\"noopener\">Edital n\u00ba 11\/2025 &#8211; PPCL\/UERN (Resultado da An\u00e1lise dos Anteprojetos)<\/a><\/span><\/li><li><a href=\"https:\/\/drive.google.com\/file\/d\/1YxsBNuqYv7JXRi1LWSs_lIBrJ9Qa2DoM\/view?usp=drive_link\" target=\"_blank\" rel=\"noopener\"><span style=\"text-decoration: underline; color: #0000ff;\">Edital n\u00ba 13\/2025 &#8211; PPCL\/UERN (Cronograma das Entrevistas)<\/span><\/a><\/li><li><span style=\"text-decoration: underline; color: #0000ff;\"><a style=\"color: #0000ff;\" href=\"https:\/\/drive.google.com\/file\/d\/1zsnbGSvvA9mK86adeGIcTyTadcGC0Snj\/view?usp=drive_link\" target=\"_blank\" rel=\"noopener\">Edital n\u00ba 14\/2025 &#8211; PPCL\/UERN (Resultado das Entrevistas)<\/a><\/span><\/li><li><span style=\"text-decoration: underline; color: #0000ff;\"><a style=\"color: #0000ff;\" href=\"https:\/\/drive.google.com\/file\/d\/1VKd5RKd2P6seWFkZIQYhb4gI9CRLw4pU\/view?usp=sharing\" target=\"_blank\" rel=\"noopener\">Edital n\u00ba 15\/2025 &#8211; PPCL\/UERN (Resultado da An\u00e1lise dos Curr\u00edculos)<\/a><\/span><\/li><li><span style=\"text-decoration: underline; color: #0000ff;\"><a style=\"color: #0000ff;\" href=\"https:\/\/drive.google.com\/file\/d\/1__yNSFc1L4t-FybxFoL6Qe4t_RndJ83w\/view?usp=sharing\" target=\"_blank\" rel=\"noopener\">Edital n\u00ba 17\/2025 &#8211; PPCL\/UERN (Resultado Parcial)<\/a><\/span><\/li><li><a href=\"https:\/\/drive.google.com\/file\/d\/16OZ764ANgV-r9BSRUcU1Qztzuc9i4uyM\/view?usp=drive_link\" target=\"_blank\" rel=\"noopener\"><span style=\"text-decoration: underline; color: #0000ff;\">Edital n\u00ba 18\/2025 &#8211; PPCL\/UERN (Procedimento de Heteroidentifica\u00e7\u00e3o)<\/span><\/a><\/li><li><span style=\"text-decoration: underline;\"><a href=\"https:\/\/drive.google.com\/file\/d\/15WeFtJvjSJUdiKgV68scp3FfMha-6G26\/view?usp=sharing\" target=\"_blank\" rel=\"noopener\"><span style=\"color: #0000ff; text-decoration: underline;\">Edital n\u00b0 20\/2025 &#8211; PPCL\/UERN (Resultado do Procedimento de Heteroidentifica\u00e7\u00e3o)<\/span><\/a><\/span><\/li><li><span style=\"text-decoration: underline; color: #0000ff;\"><a style=\"color: #0000ff;\" href=\"https:\/\/drive.google.com\/file\/d\/198KkxXs2wRkRSTUIGtBT998PD0CwLPhh\/view?usp=drive_link\" target=\"_blank\" rel=\"noopener\">Edital n\u00ba 22\/2025 &#8211; PPCL\/UERN (Resultado Final)<\/a><\/span><\/li><\/ul><table style=\"background-color: #ffff00;\" border=\"0\"><tbody><tr><td><span style=\"color: #000000;\"><strong>RECREDENCIAMENTO DOCENTE<\/strong><\/span><\/td><\/tr><\/tbody><\/table><ul><li><span style=\"color: #0000ff;\"><a style=\"color: #0000ff;\" href=\"https:\/\/drive.google.com\/file\/d\/15FFFrhxdINOpxlSUvEqxhp9QC2-sAPe7\/view?usp=sharing\" target=\"_blank\" rel=\"noopener\">Edital n\u00ba 36\/2024 &#8211; PPCL\/UERN (Recredenciamento Docente)<\/a><\/span><\/li><li><span style=\"color: #0000ff;\"><a style=\"color: #0000ff;\" href=\"https:\/\/docs.google.com\/document\/d\/1x7Uz9D6-yebIA77xRwaow5iQCSNaGEem\/export?format=doc\">Formul\u00e1rio Padr\u00e3o (Submiss\u00e3o do Projeto)<\/a><\/span><\/li><li><span style=\"color: #0000ff;\"><a style=\"color: #0000ff;\" href=\"https:\/\/drive.google.com\/file\/d\/1hZFDa72V2VRVg28s2k4Ra0xcgexduksj\/view?usp=drive_link\" target=\"_blank\" rel=\"noopener\">Aditivo n\u00ba 01 ao Edital n\u00ba 36\/2024 &#8211; PPCL\/UERN<\/a><\/span><\/li><li><a href=\"https:\/\/drive.google.com\/file\/d\/1ldWPb7DdRkRaedmbIzceZd7lxwga7hNX\/view?usp=drive_link\" target=\"_blank\" rel=\"noopener\"><span style=\"color: #0000ff;\">Aditivo n\u00ba 02 ao Edital n\u00ba 36\/2024 &#8211; PPCL\/UERN<\/span><\/a><\/li><li><a href=\"https:\/\/drive.google.com\/file\/d\/1mFI368S3Ut0uVjdBEjZ0wtFDaS7RslHK\/view?usp=sharing\" target=\"_blank\" rel=\"noopener\"><span style=\"text-decoration: underline;\"><span style=\"color: #0000ff; text-decoration: underline;\">Edital n\u00ba 09\/2025 &#8211; PPCL\/UERN (Resultado Recredenciamento Docente)<\/span><\/span><\/a><\/li><\/ul><table style=\"width: 100%; border-collapse: collapse; border-style: solid; background-color: #ffff00;\" border=\"0\"><tbody><tr><td style=\"width: 100%;\"><span style=\"color: #000000;\"><strong>PROCESSO SELETIVO &#8211; BOLSAS 2025<\/strong><\/span><\/td><\/tr><\/tbody><\/table><ul><li><span style=\"text-decoration: underline; color: #0000ff;\"><a style=\"color: #0000ff; text-decoration: underline;\" href=\"https:\/\/drive.google.com\/file\/d\/1G-yLgToyxPhSW7caF7wzcUYl9K0yLHSV\/view?usp=drive_link\" target=\"_blank\" rel=\"noopener\">Edital n\u00ba 08\/2025 &#8211; PPCL\/UERN (Bolsas 2025)<\/a><\/span><\/li><li><a href=\"https:\/\/drive.google.com\/file\/d\/1Uz7CqVH3xQLkTpc3Nn9CbmZ-nxgboFgs\/view?usp=sharing\" target=\"_blank\" rel=\"noopener\"><span style=\"text-decoration: underline; color: #0000ff;\">Aditivo n\u00ba 01 ao Edital n\u00ba 08\/2025 &#8211; PPCL\/UERN<\/span><\/a><\/li><li><a href=\"https:\/\/drive.google.com\/file\/d\/1LWn77eHidagdaM6QibrKi5h9b82yBEE8\/view?usp=sharing\" target=\"_blank\" rel=\"noopener\"><span style=\"text-decoration: underline; color: #0000ff;\">Edital n\u00ba 10\/2025 &#8211; PPCL\/UERN (Resultado Parcial)<\/span><\/a><\/li><li><a href=\"https:\/\/drive.google.com\/file\/d\/1gZf1yXorHdWQPsXzpgmzZiXwlsEfb5Bo\/view?usp=drive_link\" target=\"_blank\" rel=\"noopener\"><span style=\"text-decoration: underline; color: #0000ff;\">Edital n\u00ba 12\/2025 &#8211; PPCL\/UERN (Resultado Final)<\/span><\/a><\/li><\/ul><table style=\"width: 100%; border-collapse: collapse; border-style: solid; background-color: #00ff80;\" border=\"0\"><tbody><tr><td style=\"width: 100%;\"><span style=\"color: #000000;\"><strong>PROCESSO SELETIVO &#8211; ALUNOS(AS) ESPECIAIS 2025.1<\/strong><\/span><\/td><\/tr><\/tbody><\/table><ul><li><a href=\"https:\/\/docs.google.com\/document\/d\/1-f7tgKKpEFdFzRMTE9mCWj8U7c9HEZYSlcBgaV6MBLE\/edit?usp=sharing\" target=\"_blank\" rel=\"noopener\"><span style=\"color: #808080;\"><span style=\"text-decoration: underline;\"><span style=\"color: #0000ff; text-decoration: underline;\">Edital n\u00ba 02\/2025 &#8211; PPCL\/UERN (Alunos(as) Especiais 2025.1)<\/span><\/span><\/span><\/a><\/li><li><a href=\"https:\/\/docs.google.com\/document\/d\/1n9-lSiUyvFAnstcTq5auqfJTsd-_v5wT\/edit?usp=sharing&amp;ouid=108572602878053382328&amp;rtpof=true&amp;sd=true\" target=\"_blank\" rel=\"noopener\"><span style=\"text-decoration: underline;\"><span style=\"color: #0000ff; text-decoration: underline;\">Edital n\u00ba 03\/2025 &#8211; PPCL\/UERN (Homologa\u00e7\u00e3o das Inscri\u00e7\u00f5es)<\/span><\/span><\/a><\/li><li><a href=\"https:\/\/drive.google.com\/file\/d\/1ripUlnFFa9iV0MAiAr4mjIBsCBQa7yY4\/view?usp=sharing\" target=\"_blank\" rel=\"noopener\"><span style=\"text-decoration: underline; color: #0000ff;\">Edital n\u00ba 05\/2025 &#8211; PPCL\/UERN (Resultado Final)<\/span><\/a><\/li><\/ul><table style=\"width: 100%; border-collapse: collapse; border-style: solid; background-color: #ffff00;\" border=\"0\"><tbody><tr><td style=\"width: 100%;\"><span style=\"color: #000000;\"><strong>MATR\u00cdCULAS 2025.1 &#8211; ALUNOS(AS) REGULARES<\/strong><\/span><\/td><\/tr><\/tbody><\/table><ul><li><a href=\"https:\/\/docs.google.com\/document\/d\/1NLtyyx1Ti6KnlIPuWp8DvqWYivIJG4ijDgk-mpWHgKc\/edit?usp=sharing\" target=\"_blank\" rel=\"noopener\"><span style=\"color: #808080;\"><span style=\"text-decoration: underline;\"><span style=\"color: #0000ff; text-decoration: underline;\">Edital n\u00ba 01\/2025 &#8211; PPCL\/UERN (Matr\u00edculas Regulares 2025.1)<\/span><\/span><\/span><\/a><\/li><\/ul>\t\t\t\t\t\t\t\t<\/div>\n\t\t\t\t<\/div>\n\t\t\t\t\t<\/div>\n\t\t\t\t<\/div>\n\t\t\t\t<\/div>\n\t\t","protected":false},"excerpt":{"rendered":"<p>Editais 2025 PROCESSO SELETIVO &#8211; ALUNOS(AS) REGULARES 2026 Edital n\u00ba 19\/2025 &#8211; PPCL\/UERN (Processo Seletivo &#8211; Alunos(as) Regulares 2026) Formul\u00e1rio de Inscri\u00e7\u00e3o no SIGAA Aditivo n\u00b0 01 ao Edital n\u00b0 19\/2025 &#8211; PPCL\/UERN Edital n\u00ba 25\/2025 &#8211; PPCL\/UERN (Homologa\u00e7\u00e3o das Inscri\u00e7\u00f5es) PROCESSO SELETIVO &#8211; ALUNOS(AS) ESPECIAIS 2025.2 Edital n\u00ba 16\/2025 &#8211; PPCL\/UERN (Alunos(as) Especiais 2025.2) [&hellip;]<\/p>\n","protected":false},"author":5,"featured_media":0,"parent":0,"menu_order":0,"comment_status":"closed","ping_status":"closed","template":"","meta":{"site-sidebar-layout":"no-sidebar","site-content-layout":"page-builder","ast-site-content-layout":"full-width-container","site-content-style":"default","site-sidebar-style":"default","ast-global-header-display":"","ast-banner-title-visibility":"","ast-main-header-display":"","ast-hfb-above-header-display":"","ast-hfb-below-header-display":"","ast-hfb-mobile-header-display":"","site-post-title":"disabled","ast-breadcrumbs-content":"","ast-featured-img":"disabled","footer-sml-layout":"","theme-transparent-header-meta":"","adv-header-id-meta":"","stick-header-meta":"","header-above-stick-meta":"","header-main-stick-meta":"","header-below-stick-meta":"","astra-migrate-meta-layouts":"set","ast-page-background-enabled":"default","ast-page-background-meta":{"desktop":{"background-color":"var(--ast-global-color-4)","background-image":"","background-repeat":"repeat","background-position":"center center","background-size":"auto","background-attachment":"scroll","background-type":"","background-media":"","overlay-type":"","overlay-color":"","overlay-gradient":""},"tablet":{"background-color":"","background-image":"","background-repeat":"repeat","background-position":"center center","background-size":"auto","background-attachment":"scroll","background-type":"","background-media":"","overlay-type":"","overlay-color":"","overlay-gradient":""},"mobile":{"background-color":"","background-image":"","background-repeat":"repeat","background-position":"center center","background-size":"auto","background-attachment":"scroll","background-type":"","background-media":"","overlay-type":"","overlay-color":"","overlay-gradient":""}},"ast-content-background-meta":{"desktop":{"background-color":"var(--ast-global-color-5)","background-image":"","background-repeat":"repeat","background-position":"center center","background-size":"auto","background-attachment":"scroll","background-type":"","background-media":"","overlay-type":"","overlay-color":"","overlay-gradient":""},"tablet":{"background-color":"var(--ast-global-color-5)","background-image":"","background-repeat":"repeat","background-position":"center center","background-size":"auto","background-attachment":"scroll","background-type":"","background-media":"","overlay-type":"","overlay-color":"","overlay-gradient":""},"mobile":{"background-color":"var(--ast-global-color-5)","background-image":"","background-repeat":"repeat","background-position":"center center","background-size":"auto","background-attachment":"scroll","background-type":"","background-media":"","overlay-type":"","overlay-color":"","overlay-gradient":""}},"footnotes":""},"class_list":["post-3319","page","type-page","status-publish","hentry"],"_links":{"self":[{"href":"http:\/\/ppcl.uern.br\/index.php?rest_route=\/wp\/v2\/pages\/3319","targetHints":{"allow":["GET"]}}],"collection":[{"href":"http:\/\/ppcl.uern.br\/index.php?rest_route=\/wp\/v2\/pages"}],"about":[{"href":"http:\/\/ppcl.uern.br\/index.php?rest_route=\/wp\/v2\/types\/page"}],"author":[{"embeddable":true,"href":"http:\/\/ppcl.uern.br\/index.php?rest_route=\/wp\/v2\/users\/5"}],"replies":[{"embeddable":true,"href":"http:\/\/ppcl.uern.br\/index.php?rest_route=%2Fwp%2Fv2%2Fcomments&post=3319"}],"version-history":[{"count":124,"href":"http:\/\/ppcl.uern.br\/index.php?rest_route=\/wp\/v2\/pages\/3319\/revisions"}],"predecessor-version":[{"id":4113,"href":"http:\/\/ppcl.uern.br\/index.php?rest_route=\/wp\/v2\/pages\/3319\/revisions\/4113"}],"wp:attachment":[{"href":"http:\/\/ppcl.uern.br\/index.php?rest_route=%2Fwp%2Fv2%2Fmedia&parent=3319"}],"curies":[{"name":"wp","href":"https:\/\/api.w.org\/{rel}","templated":true}]}}