{"id":30,"date":"2023-08-09T16:19:32","date_gmt":"2023-08-09T19:19:32","guid":{"rendered":"http:\/\/ppcl.uern.br?page_id=30"},"modified":"2025-06-27T13:25:54","modified_gmt":"2025-06-27T16:25:54","slug":"projetos-de-pesquisa","status":"publish","type":"page","link":"http:\/\/ppcl.uern.br\/?page_id=30","title":{"rendered":"Formul\u00e1rios"},"content":{"rendered":"\t\t<div data-elementor-type=\"wp-page\" data-elementor-id=\"30\" class=\"elementor elementor-30\" data-elementor-post-type=\"page\">\n\t\t\t\t<div class=\"elementor-element elementor-element-cf467cb e-flex e-con-boxed e-con e-parent\" data-id=\"cf467cb\" data-element_type=\"container\">\n\t\t\t\t\t<div class=\"e-con-inner\">\n\t\t\t\t<div class=\"elementor-element elementor-element-91f2ea5 elementor-widget elementor-widget-text-editor\" data-id=\"91f2ea5\" data-element_type=\"widget\" data-widget_type=\"text-editor.default\">\n\t\t\t\t<div class=\"elementor-widget-container\">\n\t\t\t\t\t\t\t\t\t<div class=\"texto\"><table><tbody><tr><td><strong>FORMUL\u00c1RIOS<\/strong><\/td><\/tr><\/tbody><\/table><p><a href=\"https:\/\/docs.google.com\/document\/d\/1hCS06iXf7K8IkKxNK7B4x5jwXnhvWehY\/export?format=doc\" target=\"_blank\" rel=\"noopener\"><strong>1. RELAT\u00d3RIO PARA LEITURAS ORIENTADAS I, II\u00a0III ou IV<\/strong><\/a><\/p><p>Ao final de cada semestre letivo, enviar o formul\u00e1rio com a numera\u00e7\u00e3o correspondente (I, II, III ou IV), devidamente preenchido, para o email ppcl@mestrado.uern.br.<strong style=\"font-size: 16px;\">\u00a0<\/strong><\/p><div><div><a href=\"https:\/\/docs.google.com\/document\/d\/1e8xJLK-ff71BqnMexdro1InKE4nsa0Ay\/export?format=doc\" target=\"_blank\" rel=\"noopener\"><strong>2. APROVEITAMENTO DE\u00a0EXAME DE PROFICI\u00caNCIA EM L\u00cdNGUA ESTRANGEIRA<\/strong><\/a><\/div><div>Requerimento para solicita\u00e7\u00e3o de aproveitamento de exame de profici\u00eancia em l\u00edngua estrangeira (preencher e enviar, com c\u00f3pia do certificado\/declara\u00e7\u00e3o de aprova\u00e7\u00e3o, para o email ppcl@mestrado.uern.br).<\/div><\/div><div>\u00a0<\/div><div><a href=\"https:\/\/docs.google.com\/document\/d\/14NvKRETQGsTS3fEVNmEY3ZQbbyi4l-mn\/export?format=doc\" target=\"_blank\" rel=\"noopener\"><strong>3. APROVEITAMENTO<\/strong><strong>\u00a0DE ATIVIDADES EXTRA-CURRICULARES<\/strong><strong>\u00a0(ESTUDOS ESPECIAIS)<\/strong><\/a><\/div><div>Requerimento para aproveitamento das atividades especificadas Art. 100,\u00a0 III (publica\u00e7\u00e3o de textos completos de cap\u00edtulos de livros com ISBN, a participa\u00e7\u00e3o e publica\u00e7\u00e3o em anais de eventos nacionais ou internacionais, com ISSN, publica\u00e7\u00e3o de artigos em peri\u00f3dicos qualificados, participa\u00e7\u00e3o ou oferta de cursos de curta dura\u00e7\u00e3o, com 15 horas\/aula, no m\u00ednimo.<\/div><div>\u00a0<\/div><div><a href=\"https:\/\/docs.google.com\/document\/d\/1pETkypCDCc_kfzFvV7vGilIcLvmJp5gD\/export?format=doc\" target=\"_blank\" rel=\"noopener\"><strong>4. APROVEITAMENTO DE CR\u00c9DITOS<\/strong><\/a><\/div><div>Requerimento para aproveitamento de disciplinas cursadas anteriormente, em car\u00e1ter especial, no PPCL ou em outros programas de p\u00f3s-gradua\u00e7\u00e3o desde que seja observados carga hor\u00e1ria, cr\u00e9dito, conte\u00fado e nota ou conceito do curso ou programa de origem e que haja a devida equival\u00eancia entre as ementas e que a aprova\u00e7\u00e3o tenha sido obtida dentro do prazo, no m\u00e1ximo, de cinco anos, a contar do per\u00edodo de t\u00e9rmino da disciplina.<\/div><div>\u00a0<\/div><div><strong><a href=\"https:\/\/docs.google.com\/document\/d\/1KfO3iWToKRKNApKPEqmscoISGLsJq8tc\/export?format=doc\">5. REGISTRO DE PUBLICA\u00c7\u00c3O OBRIGAT\u00d3RIA<em> &#8211; <\/em><span style=\"color: #993366;\"><em>\u00c9 necess\u00e1ria a assinatura do(a) orientador(a)!<\/em><\/span><\/a><\/strong><br \/>Requerimento para registro, no hist\u00f3rico da\/do discente, da publica\u00e7\u00e3o obrigat\u00f3ria especificada no Regimento do PPCL, Art. 104, par\u00e1grafo IV: \u201c[&#8230;] publica\u00e7\u00e3o de pelo menos um artigo, associado \u00e0 tem\u00e1tica da sua disserta\u00e7\u00e3o, em anais de evento nacional ou internacional, peri\u00f3dicos ou cap\u00edtulos de livros, de prefer\u00eancia em coautoria com o(a) orientador(a) e relacionados ao tema da disserta\u00e7\u00e3o e escritos durante o programa\u201d. Adicionalmente, PARA DISCENTES QUE RECEBERAM BOLSA DURANTE O CURSO, deve-se comprovar uma segunda publica\u00e7\u00e3o em peri\u00f3dico, livro ou anais de congressos, obrigatoriamente em coautoria com o orientador (Art. 18, par\u00e1grafo IX).<\/div><div>\u00a0<\/div><div><strong><a href=\"https:\/\/docs.google.com\/document\/d\/1p9YYr6nTPmG1f9HZGABGHO1B_incQCHY\/export?format=doc\" target=\"_blank\" rel=\"noopener\">6. PRORROGA\u00c7\u00c3O DE PRAZO PARA CONCLUS\u00c3O DO CURSO<\/a><\/strong><\/div><div><p>Requerimento para solicita\u00e7\u00e3o de prorroga\u00e7\u00e3o de prazo para conclus\u00e3o do curso (preencher e enviar para o email ppcl@mestrado.uern.br).<\/p><div>\u00a0<\/div><div><a href=\"https:\/\/docs.google.com\/document\/d\/1FFVgHCwrVBRXC6nwxOoyJnlQ8JbJDOxn\/export?format=doc\" target=\"_blank\" rel=\"noopener\"><strong>7. SOLICITA\u00c7\u00c3O DE DESLIGAMENTO DO CURSO<\/strong><\/a><\/div><div>Requerimento para solicita\u00e7\u00e3o de desligamento do curso (preencher e enviar para o email ppcl@mestrado.uern.br).<\/div><div>\u00a0<\/div><div><div><a href=\"https:\/\/docs.google.com\/document\/d\/1gKV4tYti-uiEb1gDzcbLvDn14tXmyLXw\/export?format=doc\" target=\"_blank\" rel=\"noopener\"><strong>8. TRANCAMENTO DE MATR\u00cdCULA NO PROGRAMA<\/strong><\/a><\/div><div>Requerimento para trancamento total de matr\u00edcula, nos termos do Regimento do PPCL, Art. 62, \u00a71\u00ba.<\/div><\/div><div>\u00a0<\/div><div><div><a href=\"https:\/\/docs.google.com\/document\/d\/1Ma3GWS6fDBj6bYzGgucsLCkO4kKga4ChhJ5O83sKaUI\/export?format=doc\" target=\"_self\"><strong>9.\u00a0DECLARA\u00c7\u00c3O DE N\u00c3O POSSUIR V\u00cdNCULO EMPREGAT\u00cdCIO OU OUTRA MODALIDADE DE BOLSA<\/strong><\/a><\/div><div>Declara\u00e7\u00e3o para participa\u00e7\u00e3o em processo seletivo para recebimento de bolsa de Demanda Social &#8211; DS\/CAPES.<\/div><\/div><\/div><div><strong>\u00a0<\/strong><\/div><div><strong>10. EST\u00c1GIO DE DOC\u00caNCIA<\/strong><\/div><div><a href=\"https:\/\/docs.google.com\/document\/d\/12NMJTyNRVQd-s9l5v-0t5ZQ44vFDE9BQ\/export?format=doc\" target=\"_blank\" rel=\"noopener\"><strong>REQUERIMENTO PARA REALIZA\u00c7\u00c3O DE EST\u00c1GIO DE DOC\u00caNCIA<\/strong><\/a><\/div><div><strong><a href=\"https:\/\/docs.google.com\/document\/d\/1VX2sxlI4--w5NKpTilLs7f9o2-Td7sQ1jnBCwZb1SbQ\/export?format=doc\" target=\"_blank\" rel=\"noopener\">TERMO DE COMPROMISSO PARA EST\u00c1GIO DE DOC\u00caNCIA<\/a><\/strong><\/div><div><strong><a href=\"https:\/\/docs.google.com\/document\/d\/1uzvuLPFm8S5IUOmZSQF9UvHiS8QhZsEm\/export?format=doc\" target=\"_blank\" rel=\"noopener\">PLANO DE ATIVIDADES<\/a>\u00a0E\u00a0<a href=\"https:\/\/docs.google.com\/document\/d\/1O8Ltckq8FTBa9Enk8SLodXjwpldftDjm\/export?format=doc\" target=\"_blank\" rel=\"noopener\">RELAT\u00d3RIO FINAL DE EST\u00c1GIO DE DOC\u00caNCIA<\/a><\/strong><\/div><div>\u00a0<\/div><table><tbody><tr><td><div><span style=\"color: #000000;\"><strong>EXAME DE QUALIFICA\u00c7\u00c3O DE DISSERTA\u00c7\u00c3O<\/strong><\/span><\/div><\/td><\/tr><\/tbody><\/table><div><span style=\"color: #000000;\">Dever\u00e3o ser encaminhados pelo\/a orientador\/a no m\u00ednimo 30 dias antes da data da qualifica\u00e7\u00e3o, para o e-mail do Programa (<em>ppcl@mestrado.uern.br<\/em>) os seguintes documentos:<\/span><\/div><div>\u00a0<\/div><p><b><\/b> <a href=\"https:\/\/docs.google.com\/document\/d\/1hFV9G050-HRFEx2RQrTD6ctiLpK4Q-Ye\/export?format=doc\"><b>1. REQUERIMENTO DE EXAME DE QUALIFICA\u00c7\u00c3O<\/b><\/a>;<br \/><span style=\"color: #000000;\"><b>2.<\/b> VERS\u00c3O DA DISSERTA\u00c7\u00c3O EM ANDAMENTO EM FORMATO PDF;<\/span><br \/><a href=\"https:\/\/docs.google.com\/document\/d\/1ZR1c94QE5t3NSnNPKuVlMxESS4XtVGRK\/export?format=doc\">3. Ficha cadastral para docentes externos \u00e0 UERN<\/a>.<\/p><table><tbody><tr><td><span style=\"color: #000000;\"><strong>DEFESA DE DISSERTA\u00c7\u00c3O<\/strong><\/span><\/td><\/tr><\/tbody><\/table><div><span style=\"color: #000000;\">Dever\u00e3o ser encaminhados <strong>pelo(a) orientador(a)<\/strong>, no m\u00ednimo 30 dias antes da data da defesa, para o e-mail do Programa (<em>ppcl@mestrado.uern.br<\/em>) os seguintes documentos:<\/span><\/div><div><strong><span style=\"color: #000000;\">1.\u00a0<\/span><a href=\"https:\/\/docs.google.com\/document\/d\/1oL467ARrTKn2Pi2r751JhNveLe6dlWfn\/export?format=doc\">REQUERIMENTO DE DEFESA DE DISSERTA\u00c7\u00c3O<\/a><span style=\"color: #000000;\"> &#8211; <em>assinado por ambos, orientador(a) e aluno(a)<\/em><\/span><\/strong><br \/><span style=\"color: #000000;\"><strong>2.<\/strong>\u00a0VERS\u00c3O DA DISSERTA\u00c7\u00c3O EM FORMATO PDF.<\/span><\/div><div><span style=\"color: #000000;\"><strong>Importante:<\/strong>\u00a0Dos tr\u00eas membros titulares que comp\u00f5em a banca de defesa de disserta\u00e7\u00e3o, pelo menos um deve ser externo \u00e0 institui\u00e7\u00e3o (Regimento do PPCL, Art. 95. \u00a7 1\u00ba).<\/span><\/div><div>\u00a0<\/div><div><div><table><tbody><tr><td><strong>\u00a0<span style=\"color: #000000;\">DEP\u00d3SITO DA DISSERTA\u00c7\u00c3O E SOLICITA\u00c7\u00c3O DE DIPLOMA<\/span><\/strong><\/td><\/tr><\/tbody><\/table><\/div><div><strong><a href=\"https:\/\/docs.google.com\/document\/d\/1G_sow41UBiJI-0UEYaUozxSG5CPZ1PuCtj_95-XIpQ8\/preview\" target=\"_parent\">REQUERIMENTO DE DIPLOMA\/DEP\u00d3SITO FINAL DA DISSERTA\u00c7\u00c3O<\/a><\/strong><\/div><\/div><div>\u00a0<\/div><div><span style=\"color: #000000;\"><strong>INSTRU\u00c7\u00d5ES:\u00a0<\/strong><\/span><\/div><div><strong><span style=\"color: #000000;\">1\u00ba Fazer o Dep\u00f3sito Final e Solicitar o Diploma<\/span> <em>(<a href=\"https:\/\/docs.google.com\/document\/d\/1G_sow41UBiJI-0UEYaUozxSG5CPZ1PuCtj_95-XIpQ8\/preview\" target=\"_blank\" rel=\"noopener\">Clique Aqui<\/a>)<\/em><\/strong><\/div><div><strong><span style=\"color: #000000;\">2\u00ba Fazer os Procedimentos P\u00f3s-Defesa no SIGAA<\/span> <a href=\"https:\/\/drive.google.com\/file\/d\/1WjEVBU96l1W9MulqaTlgD_10tKX47o1w\/view?usp=sharing\" target=\"_blank\" rel=\"noopener\"><em>(Clique Aqui)<\/em><\/a><\/strong><strong>\u00a0<\/strong><\/div><div><strong>_________________________________________________________<\/strong><\/div><div><strong>\u00a0<\/strong><\/div><p><strong><a href=\"https:\/\/docs.google.com\/document\/d\/17NyPBxf1WyRcjyEEKKTTC3PRQz5jiygS\/export?format=doc\" target=\"_blank\" rel=\"noopener\">REQUERIMENTO DE RE\/CREDENCIAMENTO DOCENTE<\/a><\/strong><\/p><p><strong><a href=\"https:\/\/docs.google.com\/document\/d\/1HPSQ_VZFQ_8PCkfXjGpFlpj4UX1WJQj5\/export?format=doc\">REQUERIMENTO DE DESCREDENCIAMENTO DOCENTE<\/a><\/strong><\/p><p><strong><a href=\"https:\/\/docs.google.com\/document\/d\/1oVBwrs1EJeaCCEPonZUIGltjYM-oRd49\/export?format=doc\" target=\"_blank\" rel=\"noopener\">MODELO DE PGCC<\/a><\/strong><\/p><\/div>\t\t\t\t\t\t\t\t<\/div>\n\t\t\t\t<\/div>\n\t\t\t\t\t<\/div>\n\t\t\t\t<\/div>\n\t\t\t\t<\/div>\n\t\t","protected":false},"excerpt":{"rendered":"<p>FORMUL\u00c1RIOS 1. RELAT\u00d3RIO PARA LEITURAS ORIENTADAS I, II\u00a0III ou IV Ao final de cada semestre letivo, enviar o formul\u00e1rio com a numera\u00e7\u00e3o correspondente (I, II, III ou IV), devidamente preenchido, para o email ppcl@mestrado.uern.br.\u00a0 2. APROVEITAMENTO DE\u00a0EXAME DE PROFICI\u00caNCIA EM L\u00cdNGUA ESTRANGEIRARequerimento para solicita\u00e7\u00e3o de aproveitamento de exame de profici\u00eancia em l\u00edngua estrangeira (preencher e [&hellip;]<\/p>\n","protected":false},"author":3,"featured_media":0,"parent":0,"menu_order":0,"comment_status":"closed","ping_status":"closed","template":"","meta":{"site-sidebar-layout":"no-sidebar","site-content-layout":"page-builder","ast-site-content-layout":"full-width-container","site-content-style":"unboxed","site-sidebar-style":"unboxed","ast-global-header-display":"","ast-banner-title-visibility":"","ast-main-header-display":"","ast-hfb-above-header-display":"","ast-hfb-below-header-display":"","ast-hfb-mobile-header-display":"","site-post-title":"disabled","ast-breadcrumbs-content":"","ast-featured-img":"disabled","footer-sml-layout":"","theme-transparent-header-meta":"","adv-header-id-meta":"","stick-header-meta":"","header-above-stick-meta":"","header-main-stick-meta":"","header-below-stick-meta":"","astra-migrate-meta-layouts":"set","ast-page-background-enabled":"default","ast-page-background-meta":{"desktop":{"background-color":"var(--ast-global-color-4)","background-image":"","background-repeat":"repeat","background-position":"center center","background-size":"auto","background-attachment":"scroll","background-type":"","background-media":"","overlay-type":"","overlay-color":"","overlay-opacity":"","overlay-gradient":""},"tablet":{"background-color":"","background-image":"","background-repeat":"repeat","background-position":"center center","background-size":"auto","background-attachment":"scroll","background-type":"","background-media":"","overlay-type":"","overlay-color":"","overlay-opacity":"","overlay-gradient":""},"mobile":{"background-color":"","background-image":"","background-repeat":"repeat","background-position":"center center","background-size":"auto","background-attachment":"scroll","background-type":"","background-media":"","overlay-type":"","overlay-color":"","overlay-opacity":"","overlay-gradient":""}},"ast-content-background-meta":{"desktop":{"background-color":"var(--ast-global-color-5)","background-image":"","background-repeat":"repeat","background-position":"center center","background-size":"auto","background-attachment":"scroll","background-type":"","background-media":"","overlay-type":"","overlay-color":"","overlay-opacity":"","overlay-gradient":""},"tablet":{"background-color":"var(--ast-global-color-5)","background-image":"","background-repeat":"repeat","background-position":"center center","background-size":"auto","background-attachment":"scroll","background-type":"","background-media":"","overlay-type":"","overlay-color":"","overlay-opacity":"","overlay-gradient":""},"mobile":{"background-color":"var(--ast-global-color-5)","background-image":"","background-repeat":"repeat","background-position":"center center","background-size":"auto","background-attachment":"scroll","background-type":"","background-media":"","overlay-type":"","overlay-color":"","overlay-opacity":"","overlay-gradient":""}},"footnotes":""},"class_list":["post-30","page","type-page","status-publish","hentry"],"_links":{"self":[{"href":"http:\/\/ppcl.uern.br\/index.php?rest_route=\/wp\/v2\/pages\/30","targetHints":{"allow":["GET"]}}],"collection":[{"href":"http:\/\/ppcl.uern.br\/index.php?rest_route=\/wp\/v2\/pages"}],"about":[{"href":"http:\/\/ppcl.uern.br\/index.php?rest_route=\/wp\/v2\/types\/page"}],"author":[{"embeddable":true,"href":"http:\/\/ppcl.uern.br\/index.php?rest_route=\/wp\/v2\/users\/3"}],"replies":[{"embeddable":true,"href":"http:\/\/ppcl.uern.br\/index.php?rest_route=%2Fwp%2Fv2%2Fcomments&post=30"}],"version-history":[{"count":39,"href":"http:\/\/ppcl.uern.br\/index.php?rest_route=\/wp\/v2\/pages\/30\/revisions"}],"predecessor-version":[{"id":3983,"href":"http:\/\/ppcl.uern.br\/index.php?rest_route=\/wp\/v2\/pages\/30\/revisions\/3983"}],"wp:attachment":[{"href":"http:\/\/ppcl.uern.br\/index.php?rest_route=%2Fwp%2Fv2%2Fmedia&parent=30"}],"curies":[{"name":"wp","href":"https:\/\/api.w.org\/{rel}","templated":true}]}}