{"id":2992,"date":"2024-10-29T13:15:29","date_gmt":"2024-10-29T16:15:29","guid":{"rendered":"http:\/\/ppcl.uern.br\/?page_id=2992"},"modified":"2025-05-14T13:31:56","modified_gmt":"2025-05-14T16:31:56","slug":"turma-2022","status":"publish","type":"page","link":"http:\/\/ppcl.uern.br\/?page_id=2992","title":{"rendered":"Turma 2022"},"content":{"rendered":"\t\t<div data-elementor-type=\"wp-page\" data-elementor-id=\"2992\" class=\"elementor elementor-2992\" data-elementor-post-type=\"page\">\n\t\t\t\t<div class=\"elementor-element elementor-element-d927280 e-flex e-con-boxed e-con e-parent\" data-id=\"d927280\" data-element_type=\"container\">\n\t\t\t\t\t<div class=\"e-con-inner\">\n\t\t\t\t<div class=\"elementor-element elementor-element-c14661b elementor-widget elementor-widget-text-editor\" data-id=\"c14661b\" data-element_type=\"widget\" data-widget_type=\"text-editor.default\">\n\t\t\t\t<div class=\"elementor-widget-container\">\n\t\t\t\t\t\t\t\t\t<div class=\"texto\"><table border=\"0\"><tbody><tr><td><span style=\"color: #000000;\"><strong>Linha de Pesquisa 1: Estrutura e Funcionamento da Linguagem<\/strong><\/span><\/td><\/tr><\/tbody><\/table><p><strong><a href=\"http:\/\/lattes.cnpq.br\/5387109198180929\" target=\"_blank\" rel=\"noopener\"><span style=\"color: #0000ff;\"><span style=\"text-decoration: underline;\">Cleilson da Silva Costa<\/span><\/span><\/a><\/strong><br \/><span style=\"color: #000000;\">Disserta\u00e7\u00e3o: <span style=\"text-decoration: underline;\"><span style=\"color: #0000ff; text-decoration: underline;\"><a style=\"color: #0000ff; text-decoration: underline;\" href=\"https:\/\/sucupira.capes.gov.br\/sucupira\/public\/consultas\/coleta\/trabalhoConclusao\/viewTrabalhoConclusao.jsf?popup=true&amp;id_trabalho=15425363\" target=\"_blank\" rel=\"noopener\">UMA AN\u00c1LISE SOCIOLINGU\u00cdSTICA DA CONCORD\u00c2NCIA VERBAL COM A PRIMEIRA PESSOA DO PLURAL EM OLHO D \u0301\u00c1GUA DO BORGES\/RN<\/a><\/span><\/span><\/span><br \/><span style=\"color: #000000;\">Orientador: Prof. Dr. Cid Ivan da Costa Carvalho<\/span><\/p><p><span style=\"text-decoration: underline;\"><span style=\"color: #0000ff; text-decoration: underline;\"><a style=\"color: #0000ff; text-decoration: underline;\" href=\"http:\/\/lattes.cnpq.br\/4757335554405711\" target=\"_blank\" rel=\"noopener\"><strong>Dayse Cristina de Moura Galdino<\/strong><\/a><\/span><\/span><br \/><span style=\"color: #000000;\">Disserta\u00e7\u00e3o: <span style=\"text-decoration: underline;\"><span style=\"color: #0000ff; text-decoration: underline;\"><a style=\"color: #0000ff; text-decoration: underline;\" href=\"https:\/\/sucupira.capes.gov.br\/sucupira\/public\/consultas\/coleta\/trabalhoConclusao\/viewTrabalhoConclusao.jsf?popup=true&amp;id_trabalho=15505846\" target=\"_blank\" rel=\"noopener\">MECANISMOS DE COES\u00c3O EM USO: UMA AN\u00c1LISE LINGU\u00cdSTICO-TEXTUAL DA REDA\u00c7\u00c3O NOTA MIL DO ENEM<\/a><\/span><\/span><\/span><br \/><span style=\"color: #000000;\">Orientador: Prof. Dr. Gilson Chicon Alves<\/span><\/p><p><a href=\"http:\/\/lattes.cnpq.br\/5163267404293695\" target=\"_blank\" rel=\"noopener\"><strong><span style=\"color: #0000ff;\"><span style=\"text-decoration: underline;\">Rebeca Harapuque Galdino Alves<\/span><\/span><\/strong><\/a><br \/><span style=\"color: #000000;\">Disserta\u00e7\u00e3o: <a href=\"https:\/\/sucupira-legado.capes.gov.br\/sucupira\/public\/consultas\/coleta\/trabalhoConclusao\/viewTrabalhoConclusao.jsf?popup=true&amp;id_trabalho=15722982\" target=\"_blank\" rel=\"noopener\"><span style=\"text-decoration: underline;\"><span style=\"color: #0000ff; text-decoration: underline;\">O USO E A OMISS\u00c3O DO YO: UMA AN\u00c1LISE SOCIOPRAGM\u00c1TICA DO FILME HASTA QUE NOS VOLVAMOS A ENCONTRAR<\/span><\/span><\/a><\/span><br \/><span style=\"color: #000000;\">Orientador: Prof. Dr. Pedro Adri\u00e3o da Silva J\u00fanior<\/span><\/p><table border=\"0\"><tbody><tr><td><strong><span style=\"color: #000000;\">Linha de Pesquisa 2: Linguagens e Pr\u00e1ticas Sociais<\/span><br \/><\/strong><\/td><\/tr><\/tbody><\/table><p><span style=\"text-decoration: underline;\"><span style=\"color: #0000ff; text-decoration: underline;\"><a style=\"color: #0000ff; text-decoration: underline;\" href=\"http:\/\/lattes.cnpq.br\/7291486492488714\" target=\"_blank\" rel=\"noopener\"><strong>Beatriz Pinheiro Lucena<\/strong><\/a><\/span><\/span><br \/><span style=\"color: #000000;\">Disserta\u00e7\u00e3o: <span style=\"text-decoration: underline;\"><span style=\"color: #0000ff; text-decoration: underline;\"><a style=\"color: #0000ff; text-decoration: underline;\" href=\"https:\/\/sucupira.capes.gov.br\/sucupira\/public\/consultas\/coleta\/trabalhoConclusao\/viewTrabalhoConclusao.jsf?popup=true&amp;id_trabalho=15440806\" target=\"_blank\" rel=\"noopener\">A SEQU\u00caNCIA DID\u00c1TICA COM O CONTO \u201cMARIA\u201d, DE CONCEI\u00c7\u00c3O EVARISTO, NO ENSINO M\u00c9DIO: PR\u00c1TICAS DE REESCRITA CONECTADAS A UMA PERSPECTIVA DE G\u00caNERO E \u00c9TNICO-RACIAL<\/a><\/span><\/span><\/span><br \/><span style=\"color: #000000;\">Orientadora: Profa. Dra. Ver\u00f4nica Palmira Salme de Arag\u00e3o<\/span><\/p><p><span style=\"color: #000000;\"><span style=\"text-decoration: underline;\"><span style=\"color: #0000ff; text-decoration: underline;\"><a style=\"color: #0000ff; text-decoration: underline;\" href=\"http:\/\/lattes.cnpq.br\/9115125830029671\" target=\"_blank\" rel=\"noopener\"><strong>Georgino Antonio Nobre de Oliveira<\/strong><\/a><\/span><\/span><\/span><br \/><span style=\"color: #000000;\">Disserta\u00e7\u00e3o: <span style=\"text-decoration: underline;\"><span style=\"color: #0000ff; text-decoration: underline;\"><a style=\"color: #0000ff; text-decoration: underline;\" href=\"https:\/\/sucupira.capes.gov.br\/sucupira\/public\/consultas\/coleta\/trabalhoConclusao\/viewTrabalhoConclusao.jsf?popup=true&amp;id_trabalho=15505630\" target=\"_blank\" rel=\"noopener\">QUANDO O PERIGO AMEA\u00c7OU A DEMOCRACIA: UMA AN\u00c1LISE DE DISCURSO CR\u00cdTICA DA MINUTA DO GOLPE<\/a><\/span><\/span><\/span><br \/><span style=\"color: #000000;\">Orientador: Prof. Dr. Jos\u00e9 Roberto Alves Barbosa<\/span><\/p><p><span style=\"text-decoration: underline;\"><span style=\"color: #0000ff; text-decoration: underline;\"><a style=\"color: #0000ff; text-decoration: underline;\" href=\"http:\/\/lattes.cnpq.br\/7163167404164138\" target=\"_blank\" rel=\"noopener\"><strong>J\u00e9ssica Jainne dos Santos<\/strong><\/a><\/span><\/span><br \/><span style=\"color: #000000;\">Disserta\u00e7\u00e3o:<\/span> <span style=\"text-decoration: underline;\"><span style=\"color: #0000ff; text-decoration: underline;\"><a style=\"color: #0000ff; text-decoration: underline;\" href=\"https:\/\/sucupira.capes.gov.br\/sucupira\/public\/consultas\/coleta\/trabalhoConclusao\/viewTrabalhoConclusao.jsf?popup=true&amp;id_trabalho=15506006\" target=\"_blank\" rel=\"noopener\">UMA AN\u00c1LISE DE DISCURSO CR\u00cdTICA EM POSTS DO INSTAGRAM SOBRE O RACISMO NA M\u00cdDIA ONLINE (2022-2024)<\/a><\/span><\/span><br \/><span style=\"color: #000000;\">Orientador: Prof. Dr. Jos\u00e9 Roberto Alves Barbosa<\/span><\/p><p><a href=\"http:\/\/lattes.cnpq.br\/1966940217093799\" target=\"_blank\" rel=\"noopener\"><span style=\"color: #000000;\"><span style=\"text-decoration: underline;\"><span style=\"color: #0000ff; text-decoration: underline;\"><strong>Nayara Nicoly Braga<\/strong><\/span><\/span><\/span><\/a><br \/><span style=\"color: #000000;\">Disserta\u00e7\u00e3o: <span style=\"text-decoration: underline;\"><span style=\"color: #0000ff; text-decoration: underline;\"><a style=\"color: #0000ff; text-decoration: underline;\" href=\"https:\/\/sucupira.capes.gov.br\/sucupira\/public\/consultas\/coleta\/trabalhoConclusao\/viewTrabalhoConclusao.jsf?popup=true&amp;id_trabalho=15533518\" target=\"_blank\" rel=\"noopener\">RELA\u00c7\u00d5ES DE PODER-SABER, CORPO E SUBJETIVIDADE: A CONSTITUI\u00c7\u00c3O DISCURSIVO-MIDI\u00c1TICA DO SUJEITO TRANS<\/a><\/span><\/span><\/span><br \/><span style=\"color: #000000;\">Orientadora: Profa. Dra. L\u00facia Helena Medeiros da Cunha<\/span><\/p><table border=\"0\"><tbody><tr><td><span style=\"color: #000000;\"><strong>Linha de Pesquisa 3: Literatura, Cultura e Representa\u00e7\u00e3o<\/strong><\/span><\/td><\/tr><\/tbody><\/table><p><a href=\"http:\/\/lattes.cnpq.br\/7608907433525474\" target=\"_blank\" rel=\"noopener\"><strong><span style=\"color: #0000ff;\"><span style=\"text-decoration: underline;\">Cosmo Jadson Alves Leite<\/span><\/span><\/strong><\/a><br \/><span style=\"color: #000000;\">Disserta\u00e7\u00e3o:<\/span> <a href=\"https:\/\/sucupira-legado.capes.gov.br\/sucupira\/public\/consultas\/coleta\/trabalhoConclusao\/viewTrabalhoConclusao.jsf?popup=true&amp;id_trabalho=15723496\" target=\"_blank\" rel=\"noopener\"><span style=\"text-decoration: underline;\"><span style=\"color: #0000ff; text-decoration: underline;\">A ADAPTA\u00c7\u00c3O F\u00cdLMICA BIRD BOX E A TRADU\u00c7\u00c3O DO MONSTRO G\u00d3TICO E DAS ANSIEDADES HUMANAS DO ROMANCE DE JOSH MALERMAN PARA O CINEMA NO S\u00c9CULO XXI<\/span><\/span><\/a><br \/><span style=\"color: #000000;\">Orientador: Prof. Dr. Em\u00edlio Soares Ribeiro<\/span><\/p><p><strong><a href=\"http:\/\/lattes.cnpq.br\/4943189832682180\" target=\"_blank\" rel=\"noopener\"><span style=\"color: #0000ff;\"><span style=\"text-decoration: underline;\">Ronaldo Rodrigues da Silva Barreto<\/span><\/span><\/a><\/strong><br \/><span style=\"color: #000000;\">Disserta\u00e7\u00e3o:<\/span> <span style=\"text-decoration: underline; color: #0000ff;\"><a style=\"color: #0000ff; text-decoration: underline;\" href=\"https:\/\/sucupira.capes.gov.br\/sucupira\/public\/consultas\/coleta\/trabalhoConclusao\/viewTrabalhoConclusao.jsf?popup=true&amp;id_trabalho=15413589\" target=\"_blank\" rel=\"noopener\">MACHADO DE ASSIS E MEM\u00d3RIAS P\u00d3STUMAS DE BR\u00c1S CUBAS: O ATIVISMO RACIAL ESTRAT\u00c9GICO DO G\u00caNIO LITER\u00c1RIO NEGRO<\/a><\/span><br \/><span style=\"color: #000000;\">Orientadora: Profa. Dra. Leila Maria de Ara\u00fajo Tabosa<\/span><\/p><p><span style=\"color: #0000ff;\"><a style=\"color: #0000ff;\" href=\"http:\/\/lattes.cnpq.br\/9076161329137597\" target=\"_blank\" rel=\"noopener\"><strong>Weslley Mayron Cunha Pacheco<\/strong><\/a><\/span><br \/><span style=\"color: #000000;\">Disserta\u00e7\u00e3o:<\/span> <a href=\"https:\/\/sucupira.capes.gov.br\/sucupira\/public\/consultas\/coleta\/trabalhoConclusao\/viewTrabalhoConclusao.jsf?popup=true&amp;id_trabalho=15549327\" target=\"_blank\" rel=\"noopener\"><span style=\"text-decoration: underline; color: #0000ff;\">QUEER E AMBIVAL\u00caNCIA NA ADAPTA\u00c7\u00c3O F\u00cdLMICA \u201cDEIXE ELA ENTRAR\u201d: UMA AN\u00c1LISE DA TRADU\u00c7\u00c3O DO ROMANCE G\u00d3TICO DE JOHN AJVIDE LINDQVIST PARA O CINEMA<\/span><\/a><br \/><span style=\"color: #000000;\">Orientador: Prof. Dr. Em\u00edlio Soares Ribeiro<\/span><\/p><\/div>\t\t\t\t\t\t\t\t<\/div>\n\t\t\t\t<\/div>\n\t\t\t\t\t<\/div>\n\t\t\t\t<\/div>\n\t\t\t\t<\/div>\n\t\t","protected":false},"excerpt":{"rendered":"<p>Linha de Pesquisa 1: Estrutura e Funcionamento da Linguagem Cleilson da Silva CostaDisserta\u00e7\u00e3o: UMA AN\u00c1LISE SOCIOLINGU\u00cdSTICA DA CONCORD\u00c2NCIA VERBAL COM A PRIMEIRA PESSOA DO PLURAL EM OLHO D \u0301\u00c1GUA DO BORGES\/RNOrientador: Prof. Dr. Cid Ivan da Costa Carvalho Dayse Cristina de Moura GaldinoDisserta\u00e7\u00e3o: MECANISMOS DE COES\u00c3O EM USO: UMA AN\u00c1LISE LINGU\u00cdSTICO-TEXTUAL DA REDA\u00c7\u00c3O NOTA MIL [&hellip;]<\/p>\n","protected":false},"author":5,"featured_media":0,"parent":0,"menu_order":0,"comment_status":"closed","ping_status":"closed","template":"","meta":{"site-sidebar-layout":"no-sidebar","site-content-layout":"page-builder","ast-site-content-layout":"full-width-container","site-content-style":"default","site-sidebar-style":"default","ast-global-header-display":"","ast-banner-title-visibility":"","ast-main-header-display":"","ast-hfb-above-header-display":"","ast-hfb-below-header-display":"","ast-hfb-mobile-header-display":"","site-post-title":"disabled","ast-breadcrumbs-content":"","ast-featured-img":"disabled","footer-sml-layout":"","theme-transparent-header-meta":"","adv-header-id-meta":"","stick-header-meta":"","header-above-stick-meta":"","header-main-stick-meta":"","header-below-stick-meta":"","astra-migrate-meta-layouts":"set","ast-page-background-enabled":"default","ast-page-background-meta":{"desktop":{"background-color":"var(--ast-global-color-4)","background-image":"","background-repeat":"repeat","background-position":"center center","background-size":"auto","background-attachment":"scroll","background-type":"","background-media":"","overlay-type":"","overlay-color":"","overlay-opacity":"","overlay-gradient":""},"tablet":{"background-color":"","background-image":"","background-repeat":"repeat","background-position":"center center","background-size":"auto","background-attachment":"scroll","background-type":"","background-media":"","overlay-type":"","overlay-color":"","overlay-opacity":"","overlay-gradient":""},"mobile":{"background-color":"","background-image":"","background-repeat":"repeat","background-position":"center center","background-size":"auto","background-attachment":"scroll","background-type":"","background-media":"","overlay-type":"","overlay-color":"","overlay-opacity":"","overlay-gradient":""}},"ast-content-background-meta":{"desktop":{"background-color":"var(--ast-global-color-5)","background-image":"","background-repeat":"repeat","background-position":"center center","background-size":"auto","background-attachment":"scroll","background-type":"","background-media":"","overlay-type":"","overlay-color":"","overlay-opacity":"","overlay-gradient":""},"tablet":{"background-color":"var(--ast-global-color-5)","background-image":"","background-repeat":"repeat","background-position":"center center","background-size":"auto","background-attachment":"scroll","background-type":"","background-media":"","overlay-type":"","overlay-color":"","overlay-opacity":"","overlay-gradient":""},"mobile":{"background-color":"var(--ast-global-color-5)","background-image":"","background-repeat":"repeat","background-position":"center center","background-size":"auto","background-attachment":"scroll","background-type":"","background-media":"","overlay-type":"","overlay-color":"","overlay-opacity":"","overlay-gradient":""}},"footnotes":""},"class_list":["post-2992","page","type-page","status-publish","hentry"],"_links":{"self":[{"href":"http:\/\/ppcl.uern.br\/index.php?rest_route=\/wp\/v2\/pages\/2992","targetHints":{"allow":["GET"]}}],"collection":[{"href":"http:\/\/ppcl.uern.br\/index.php?rest_route=\/wp\/v2\/pages"}],"about":[{"href":"http:\/\/ppcl.uern.br\/index.php?rest_route=\/wp\/v2\/types\/page"}],"author":[{"embeddable":true,"href":"http:\/\/ppcl.uern.br\/index.php?rest_route=\/wp\/v2\/users\/5"}],"replies":[{"embeddable":true,"href":"http:\/\/ppcl.uern.br\/index.php?rest_route=%2Fwp%2Fv2%2Fcomments&post=2992"}],"version-history":[{"count":53,"href":"http:\/\/ppcl.uern.br\/index.php?rest_route=\/wp\/v2\/pages\/2992\/revisions"}],"predecessor-version":[{"id":3917,"href":"http:\/\/ppcl.uern.br\/index.php?rest_route=\/wp\/v2\/pages\/2992\/revisions\/3917"}],"wp:attachment":[{"href":"http:\/\/ppcl.uern.br\/index.php?rest_route=%2Fwp%2Fv2%2Fmedia&parent=2992"}],"curies":[{"name":"wp","href":"https:\/\/api.w.org\/{rel}","templated":true}]}}