{"id":2817,"date":"2024-08-22T11:47:03","date_gmt":"2024-08-22T14:47:03","guid":{"rendered":"http:\/\/ppcl.uern.br\/?page_id=2817"},"modified":"2025-01-29T15:50:27","modified_gmt":"2025-01-29T18:50:27","slug":"outros-programas","status":"publish","type":"page","link":"http:\/\/ppcl.uern.br\/?page_id=2817","title":{"rendered":"Outros Programas"},"content":{"rendered":"\t\t<div data-elementor-type=\"wp-page\" data-elementor-id=\"2817\" class=\"elementor elementor-2817\" data-elementor-post-type=\"page\">\n\t\t\t\t<div class=\"elementor-element elementor-element-536bd59 e-flex e-con-boxed e-con e-parent\" data-id=\"536bd59\" data-element_type=\"container\">\n\t\t\t\t\t<div class=\"e-con-inner\">\n\t\t<div class=\"elementor-element elementor-element-0d79877 e-con-full e-flex e-con e-child\" data-id=\"0d79877\" data-element_type=\"container\">\n\t\t\t\t<div class=\"elementor-element elementor-element-8cd3be9 elementor-widget elementor-widget-text-editor\" data-id=\"8cd3be9\" data-element_type=\"widget\" data-widget_type=\"text-editor.default\">\n\t\t\t\t<div class=\"elementor-widget-container\">\n\t\t\t\t\t\t\t\t\t<h4><span style=\"text-decoration: underline; color: #0070ba;\"><img decoding=\"async\" src=\"https:\/\/sigaa.uern.br\/shared\/verFoto?idFoto=2230719&amp;key=b34ec9f84725a3a45bf46fea8f46a78d\" \/><\/span><\/h4><h4><span style=\"text-decoration: underline; color: #0070ba;\"><a style=\"color: #0070ba; text-decoration: underline;\" href=\"https:\/\/sigaa.uern.br\/sigaa\/public\/programa\/portal.jsf?lc=pt_BR&amp;id=1050\" target=\"_blank\" rel=\"noopener\">Programa de P\u00f3s-Gradua\u00e7\u00e3o Profissional em Letras (Profletras\/UERN)<\/a><\/span><\/h4><hr \/><h4>\u00a0<\/h4><h4><span style=\"text-decoration: underline; color: #0070ba;\"><img decoding=\"async\" src=\"https:\/\/sigaa.uern.br\/shared\/verFoto?idFoto=2040878&amp;key=5e625699b1149aaba155c771b6cc237f\" \/><\/span><\/h4><h4><span style=\"text-decoration: underline; color: #0070ba;\"><a style=\"color: #0070ba; text-decoration: underline;\" href=\"https:\/\/sigaa.uern.br\/sigaa\/public\/programa\/portal.jsf?lc=pt_BR&amp;id=1047\" target=\"_blank\" rel=\"noopener\">Programa de P\u00f3s-Gradua\u00e7\u00e3o em Letras &#8211; PPGL (CAPF\/UERN)<\/a><\/span><\/h4><hr \/><h4>\u00a0<\/h4><h4><span style=\"text-decoration: underline; color: #0070ba;\"><a style=\"color: #0070ba; text-decoration: underline;\" href=\"https:\/\/sigaa.uern.br\/sigaa\/public\/programa\/portal.jsf?lc=pt_BR&amp;id=1047\" target=\"_blank\" rel=\"noopener\"><img decoding=\"async\" src=\"https:\/\/sigaa.ufrn.br\/shared\/img\/instituicao\/brasao.png\" \/><\/a><\/span><\/h4><h4><span style=\"text-decoration: underline; color: #0070ba;\"><a style=\"color: #0070ba; text-decoration: underline;\" href=\"https:\/\/sigaa.ufrn.br\/sigaa\/public\/programa\/portal.jsf?lc=pt_BR&amp;id=65\" target=\"_blank\" rel=\"noopener\">Programa de P\u00f3s-Gradua\u00e7\u00e3o em Estudos da Linguagem (PPGEL\/UFRN)<\/a><\/span><\/h4><hr \/><h4>\u00a0<\/h4><h4><span style=\"text-decoration: underline; color: #0070ba;\"><a style=\"color: #0070ba; text-decoration: underline;\" href=\"https:\/\/www.uece.br\/posla\/\" target=\"_blank\" rel=\"noopener\">Programa de P\u00f3s-Gradua\u00e7\u00e3o em Lingu\u00edstica Aplicada (Posla\/UECE)<\/a><\/span><\/h4><hr \/><h4>\u00a0<\/h4><h4><span style=\"color: #0070ba;\"><a style=\"color: #0070ba;\" href=\"https:\/\/ppgl.ufc.br\/pt\/\" target=\"_blank\" rel=\"noopener\"><span style=\"text-decoration: underline;\">Programa de P\u00f3s-Gradua\u00e7\u00e3o em Lingu\u00edstica (UFC)<\/span><\/a><\/span><\/h4><hr \/><h4>\u00a0<\/h4><h4><span style=\"text-decoration: underline; color: #0070ba;\"><a style=\"color: #0070ba; text-decoration: underline;\" href=\"https:\/\/ppgletras.ufc.br\/pt\/\" target=\"_blank\" rel=\"noopener\">Programa de P\u00f3s-Gradua\u00e7\u00e3o em Letras: Literatura Comparada (UFC)<\/a><\/span><\/h4>\t\t\t\t\t\t\t\t<\/div>\n\t\t\t\t<\/div>\n\t\t\t\t<\/div>\n\t\t\t\t\t<\/div>\n\t\t\t\t<\/div>\n\t\t\t\t<\/div>\n\t\t","protected":false},"excerpt":{"rendered":"<p>Programa de P\u00f3s-Gradua\u00e7\u00e3o Profissional em Letras (Profletras\/UERN) \u00a0 Programa de P\u00f3s-Gradua\u00e7\u00e3o em Letras &#8211; PPGL (CAPF\/UERN) \u00a0 Programa de P\u00f3s-Gradua\u00e7\u00e3o em Estudos da Linguagem (PPGEL\/UFRN) \u00a0 Programa de P\u00f3s-Gradua\u00e7\u00e3o em Lingu\u00edstica Aplicada (Posla\/UECE) \u00a0 Programa de P\u00f3s-Gradua\u00e7\u00e3o em Lingu\u00edstica (UFC) \u00a0 Programa de P\u00f3s-Gradua\u00e7\u00e3o em Letras: Literatura Comparada (UFC)<\/p>\n","protected":false},"author":5,"featured_media":0,"parent":0,"menu_order":0,"comment_status":"closed","ping_status":"closed","template":"","meta":{"site-sidebar-layout":"no-sidebar","site-content-layout":"page-builder","ast-site-content-layout":"full-width-container","site-content-style":"default","site-sidebar-style":"default","ast-global-header-display":"","ast-banner-title-visibility":"","ast-main-header-display":"","ast-hfb-above-header-display":"","ast-hfb-below-header-display":"","ast-hfb-mobile-header-display":"","site-post-title":"disabled","ast-breadcrumbs-content":"","ast-featured-img":"disabled","footer-sml-layout":"","theme-transparent-header-meta":"","adv-header-id-meta":"","stick-header-meta":"","header-above-stick-meta":"","header-main-stick-meta":"","header-below-stick-meta":"","astra-migrate-meta-layouts":"set","ast-page-background-enabled":"default","ast-page-background-meta":{"desktop":{"background-color":"var(--ast-global-color-4)","background-image":"","background-repeat":"repeat","background-position":"center center","background-size":"auto","background-attachment":"scroll","background-type":"","background-media":"","overlay-type":"","overlay-color":"","overlay-opacity":"","overlay-gradient":""},"tablet":{"background-color":"","background-image":"","background-repeat":"repeat","background-position":"center center","background-size":"auto","background-attachment":"scroll","background-type":"","background-media":"","overlay-type":"","overlay-color":"","overlay-opacity":"","overlay-gradient":""},"mobile":{"background-color":"","background-image":"","background-repeat":"repeat","background-position":"center center","background-size":"auto","background-attachment":"scroll","background-type":"","background-media":"","overlay-type":"","overlay-color":"","overlay-opacity":"","overlay-gradient":""}},"ast-content-background-meta":{"desktop":{"background-color":"var(--ast-global-color-5)","background-image":"","background-repeat":"repeat","background-position":"center center","background-size":"auto","background-attachment":"scroll","background-type":"","background-media":"","overlay-type":"","overlay-color":"","overlay-opacity":"","overlay-gradient":""},"tablet":{"background-color":"var(--ast-global-color-5)","background-image":"","background-repeat":"repeat","background-position":"center center","background-size":"auto","background-attachment":"scroll","background-type":"","background-media":"","overlay-type":"","overlay-color":"","overlay-opacity":"","overlay-gradient":""},"mobile":{"background-color":"var(--ast-global-color-5)","background-image":"","background-repeat":"repeat","background-position":"center center","background-size":"auto","background-attachment":"scroll","background-type":"","background-media":"","overlay-type":"","overlay-color":"","overlay-opacity":"","overlay-gradient":""}},"footnotes":""},"class_list":["post-2817","page","type-page","status-publish","hentry"],"_links":{"self":[{"href":"http:\/\/ppcl.uern.br\/index.php?rest_route=\/wp\/v2\/pages\/2817","targetHints":{"allow":["GET"]}}],"collection":[{"href":"http:\/\/ppcl.uern.br\/index.php?rest_route=\/wp\/v2\/pages"}],"about":[{"href":"http:\/\/ppcl.uern.br\/index.php?rest_route=\/wp\/v2\/types\/page"}],"author":[{"embeddable":true,"href":"http:\/\/ppcl.uern.br\/index.php?rest_route=\/wp\/v2\/users\/5"}],"replies":[{"embeddable":true,"href":"http:\/\/ppcl.uern.br\/index.php?rest_route=%2Fwp%2Fv2%2Fcomments&post=2817"}],"version-history":[{"count":37,"href":"http:\/\/ppcl.uern.br\/index.php?rest_route=\/wp\/v2\/pages\/2817\/revisions"}],"predecessor-version":[{"id":3474,"href":"http:\/\/ppcl.uern.br\/index.php?rest_route=\/wp\/v2\/pages\/2817\/revisions\/3474"}],"wp:attachment":[{"href":"http:\/\/ppcl.uern.br\/index.php?rest_route=%2Fwp%2Fv2%2Fmedia&parent=2817"}],"curies":[{"name":"wp","href":"https:\/\/api.w.org\/{rel}","templated":true}]}}