{"id":2268,"date":"2024-06-14T10:58:41","date_gmt":"2024-06-14T13:58:41","guid":{"rendered":"http:\/\/ppcl.uern.br\/?page_id=2268"},"modified":"2024-09-19T13:47:20","modified_gmt":"2024-09-19T16:47:20","slug":"seminario-tematico-15-horas-01-credito","status":"publish","type":"page","link":"http:\/\/ppcl.uern.br\/?page_id=2268","title":{"rendered":"Semin\u00e1rio Tem\u00e1tico (15 horas\/01 cr\u00e9dito)"},"content":{"rendered":"\t\t<div data-elementor-type=\"wp-page\" data-elementor-id=\"2268\" class=\"elementor elementor-2268\" data-elementor-post-type=\"page\">\n\t\t\t\t<div class=\"elementor-element elementor-element-468e5ff e-flex e-con-boxed e-con e-parent\" data-id=\"468e5ff\" data-element_type=\"container\">\n\t\t\t\t\t<div class=\"e-con-inner\">\n\t\t\t\t<div class=\"elementor-element elementor-element-0e91edf elementor-widget elementor-widget-text-editor\" data-id=\"0e91edf\" data-element_type=\"widget\" data-widget_type=\"text-editor.default\">\n\t\t\t\t<div class=\"elementor-widget-container\">\n\t\t\t\t\t\t\t\t\t<h4><span style=\"color: #0070ba;\">Semin\u00e1rio Tem\u00e1tico (15 horas\/01 cr\u00e9dito)<br \/><\/span><\/h4><ul><li><h5><span style=\"color: #0070ba;\"><strong><a style=\"color: #0070ba;\" href=\"https:\/\/drive.google.com\/file\/d\/1tf_3zDAt8Gs5VbTilD7pIqA-oB26CY-n\/view?usp=drive_link\" target=\"_blank\" rel=\"noopener\">A Poesia de F\u00e9lix Siga<\/a><\/strong><\/span><\/h5><\/li><li><h5><span style=\"color: #0070ba;\"><strong><a style=\"color: #0070ba;\" href=\"https:\/\/drive.google.com\/file\/d\/1nIqir3YNint2Oew9ZvRjvCZ8Q9dZXa9e\/view?usp=drive_link\" target=\"_blank\" rel=\"noopener\">Discurso, Poder e Modos de Subjetiva\u00e7\u00e3o<\/a><\/strong><\/span><\/h5><\/li><li><h5><span style=\"color: #0070ba;\"><strong><a style=\"color: #0070ba;\" href=\"https:\/\/drive.google.com\/file\/d\/1pSh-Vewf45XEQNAGmgYEGczxtaplbg6W\/view?usp=drive_link\" target=\"_blank\" rel=\"noopener\">Estrat\u00e9gias de Pesquisa em Ci\u00eancias da Linguagem<\/a><\/strong><\/span><\/h5><\/li><li><h5><span style=\"color: #0070ba;\"><strong><a style=\"color: #0070ba;\" href=\"https:\/\/drive.google.com\/file\/d\/18FXd7cZfOob9C4KQB7yZScL277DEnlAn\/view?usp=drive_link\" target=\"_blank\" rel=\"noopener\">Introdu\u00e7\u00e3o \u00e0 Estat\u00edstica para Linguistas<\/a><\/strong><\/span><\/h5><\/li><li><h5><span style=\"color: #0070ba;\"><strong><a style=\"color: #0070ba;\" href=\"https:\/\/drive.google.com\/file\/d\/14ZsTQytQGc5pJpVf4ta1Ckdc4po_Eoi7\/view?usp=drive_link\" target=\"_blank\" rel=\"noopener\">Michel Foucault &#8211; O Sujeito e o Poder<\/a><\/strong><\/span><\/h5><\/li><li><h5><span style=\"color: #0070ba;\"><strong><a style=\"color: #0070ba;\" href=\"https:\/\/drive.google.com\/file\/d\/1Jw1srtd9-51SeWvf0cLHAHVT4lkcex4x\/view?usp=drive_link\" target=\"_blank\" rel=\"noopener\">Riso e Literatura<\/a><\/strong><\/span><\/h5><\/li><li><h5><span style=\"color: #0070ba;\"><strong><a style=\"color: #0070ba;\" href=\"https:\/\/drive.google.com\/file\/d\/1lA2xAUrBWaPJclJ-CgLIBQupWk7NgV0D\/view?usp=drive_link\" target=\"_blank\" rel=\"noopener\">T\u00f3picos sobre Fic\u00e7\u00e3o Narrativa Curta Contempor\u00e2nea<\/a><\/strong><\/span><\/h5><\/li><li><h5><a href=\"https:\/\/drive.google.com\/file\/d\/1RT1vH_6C42NAmsv8QEV8HcVzUXwwJW5j\/view?usp=sharing\" target=\"_blank\" rel=\"noopener\"><span style=\"color: #0070ba;\">Vozes interseccionais &#8211; etarismo, sexualidade e decolonialidade na obra \u201cVia Crucis do Corpo\u201d de Clarice Lispector<\/span><\/a><\/h5><\/li><\/ul>\t\t\t\t\t\t\t\t<\/div>\n\t\t\t\t<\/div>\n\t\t\t\t\t<\/div>\n\t\t\t\t<\/div>\n\t\t\t\t<\/div>\n\t\t","protected":false},"excerpt":{"rendered":"<p>Semin\u00e1rio Tem\u00e1tico (15 horas\/01 cr\u00e9dito) A Poesia de F\u00e9lix Siga Discurso, Poder e Modos de Subjetiva\u00e7\u00e3o Estrat\u00e9gias de Pesquisa em Ci\u00eancias da Linguagem Introdu\u00e7\u00e3o \u00e0 Estat\u00edstica para Linguistas Michel Foucault &#8211; O Sujeito e o Poder Riso e Literatura T\u00f3picos sobre Fic\u00e7\u00e3o Narrativa Curta Contempor\u00e2nea Vozes interseccionais &#8211; etarismo, sexualidade e decolonialidade na obra \u201cVia [&hellip;]<\/p>\n","protected":false},"author":5,"featured_media":0,"parent":0,"menu_order":0,"comment_status":"closed","ping_status":"closed","template":"","meta":{"site-sidebar-layout":"no-sidebar","site-content-layout":"page-builder","ast-site-content-layout":"full-width-container","site-content-style":"default","site-sidebar-style":"default","ast-global-header-display":"","ast-banner-title-visibility":"","ast-main-header-display":"","ast-hfb-above-header-display":"","ast-hfb-below-header-display":"","ast-hfb-mobile-header-display":"","site-post-title":"disabled","ast-breadcrumbs-content":"","ast-featured-img":"disabled","footer-sml-layout":"","theme-transparent-header-meta":"","adv-header-id-meta":"","stick-header-meta":"","header-above-stick-meta":"","header-main-stick-meta":"","header-below-stick-meta":"","astra-migrate-meta-layouts":"set","ast-page-background-enabled":"default","ast-page-background-meta":{"desktop":{"background-color":"var(--ast-global-color-4)","background-image":"","background-repeat":"repeat","background-position":"center center","background-size":"auto","background-attachment":"scroll","background-type":"","background-media":"","overlay-type":"","overlay-color":"","overlay-opacity":"","overlay-gradient":""},"tablet":{"background-color":"","background-image":"","background-repeat":"repeat","background-position":"center center","background-size":"auto","background-attachment":"scroll","background-type":"","background-media":"","overlay-type":"","overlay-color":"","overlay-opacity":"","overlay-gradient":""},"mobile":{"background-color":"","background-image":"","background-repeat":"repeat","background-position":"center center","background-size":"auto","background-attachment":"scroll","background-type":"","background-media":"","overlay-type":"","overlay-color":"","overlay-opacity":"","overlay-gradient":""}},"ast-content-background-meta":{"desktop":{"background-color":"var(--ast-global-color-5)","background-image":"","background-repeat":"repeat","background-position":"center center","background-size":"auto","background-attachment":"scroll","background-type":"","background-media":"","overlay-type":"","overlay-color":"","overlay-opacity":"","overlay-gradient":""},"tablet":{"background-color":"var(--ast-global-color-5)","background-image":"","background-repeat":"repeat","background-position":"center center","background-size":"auto","background-attachment":"scroll","background-type":"","background-media":"","overlay-type":"","overlay-color":"","overlay-opacity":"","overlay-gradient":""},"mobile":{"background-color":"var(--ast-global-color-5)","background-image":"","background-repeat":"repeat","background-position":"center center","background-size":"auto","background-attachment":"scroll","background-type":"","background-media":"","overlay-type":"","overlay-color":"","overlay-opacity":"","overlay-gradient":""}},"footnotes":""},"class_list":["post-2268","page","type-page","status-publish","hentry"],"_links":{"self":[{"href":"http:\/\/ppcl.uern.br\/index.php?rest_route=\/wp\/v2\/pages\/2268","targetHints":{"allow":["GET"]}}],"collection":[{"href":"http:\/\/ppcl.uern.br\/index.php?rest_route=\/wp\/v2\/pages"}],"about":[{"href":"http:\/\/ppcl.uern.br\/index.php?rest_route=\/wp\/v2\/types\/page"}],"author":[{"embeddable":true,"href":"http:\/\/ppcl.uern.br\/index.php?rest_route=\/wp\/v2\/users\/5"}],"replies":[{"embeddable":true,"href":"http:\/\/ppcl.uern.br\/index.php?rest_route=%2Fwp%2Fv2%2Fcomments&post=2268"}],"version-history":[{"count":19,"href":"http:\/\/ppcl.uern.br\/index.php?rest_route=\/wp\/v2\/pages\/2268\/revisions"}],"predecessor-version":[{"id":2915,"href":"http:\/\/ppcl.uern.br\/index.php?rest_route=\/wp\/v2\/pages\/2268\/revisions\/2915"}],"wp:attachment":[{"href":"http:\/\/ppcl.uern.br\/index.php?rest_route=%2Fwp%2Fv2%2Fmedia&parent=2268"}],"curies":[{"name":"wp","href":"https:\/\/api.w.org\/{rel}","templated":true}]}}