{"id":2262,"date":"2024-06-14T10:57:54","date_gmt":"2024-06-14T13:57:54","guid":{"rendered":"http:\/\/ppcl.uern.br\/?page_id=2262"},"modified":"2024-06-14T12:01:52","modified_gmt":"2024-06-14T15:01:52","slug":"topicos-em-estrutura-e-funcionamento-da-linguagem-30-horas-02-creditos","status":"publish","type":"page","link":"http:\/\/ppcl.uern.br\/?page_id=2262","title":{"rendered":"T\u00f3picos em Estrutura e Funcionamento da Linguagem (30 horas\/02 cr\u00e9ditos)"},"content":{"rendered":"\t\t<div data-elementor-type=\"wp-page\" data-elementor-id=\"2262\" class=\"elementor elementor-2262\" data-elementor-post-type=\"page\">\n\t\t\t\t<div class=\"elementor-element elementor-element-9315f31 e-flex e-con-boxed e-con e-parent\" data-id=\"9315f31\" data-element_type=\"container\">\n\t\t\t\t\t<div class=\"e-con-inner\">\n\t\t\t\t<div class=\"elementor-element elementor-element-fd17232 elementor-widget elementor-widget-text-editor\" data-id=\"fd17232\" data-element_type=\"widget\" data-widget_type=\"text-editor.default\">\n\t\t\t\t<div class=\"elementor-widget-container\">\n\t\t\t\t\t\t\t\t\t<h4><span style=\"color: #0070ba;\">T\u00f3picos em Estrutura e Funcionamento da Linguagem (30 horas\/02 cr\u00e9ditos)<\/span><\/h4><ul><li><h5><span style=\"color: #0070ba;\"><strong><a style=\"color: #0070ba;\" href=\"https:\/\/drive.google.com\/file\/d\/1NV7_GS0jmgp0babgs1QmX2VDxkCR4kxf\/view?usp=drive_link\" target=\"_blank\" rel=\"noopener\">An\u00e1lise Lingu\u00edstica em Corpora<\/a><\/strong><\/span><\/h5><\/li><li><h5><span style=\"color: #0070ba;\"><strong><a style=\"color: #0070ba;\" href=\"https:\/\/drive.google.com\/file\/d\/1JTJJHb5pof9WWZuxcIGFuKlSlNU2E2aK\/view?usp=drive_link\" target=\"_blank\" rel=\"noopener\">Estat\u00edstica para Linguistas<\/a><\/strong><\/span><\/h5><\/li><li><h5><span style=\"color: #0070ba;\"><strong><a style=\"color: #0070ba;\" href=\"https:\/\/drive.google.com\/file\/d\/1K_lp56lvYcnM8GTNl5UO6EPlhqxZGKj7\/view?usp=drive_link\" target=\"_blank\" rel=\"noopener\">G\u00eaneros Discursivos<\/a><\/strong><\/span><\/h5><\/li><li><h5><span style=\"color: #0070ba;\"><strong><a style=\"color: #0070ba;\" href=\"https:\/\/drive.google.com\/file\/d\/1qE781fPxquqB1PtpR9ICMtC4CAeBYBa0\/view?usp=drive_link\" target=\"_blank\" rel=\"noopener\">Reflex\u00f5es sobre a Lingu\u00edstica Textual &#8211; a Referencia\u00e7\u00e3o e os Processos Referenciais<\/a><\/strong><\/span><\/h5><\/li><li><h5><span style=\"color: #0070ba;\"><strong><a style=\"color: #0070ba;\" href=\"https:\/\/drive.google.com\/file\/d\/1zihqXOD6l6nWvaQuuoT_RTQD49kvuufS\/view?usp=drive_link\" target=\"_blank\" rel=\"noopener\">Sociolingu\u00edstica Quantitativa<\/a><\/strong><\/span><\/h5><\/li><\/ul>\t\t\t\t\t\t\t\t<\/div>\n\t\t\t\t<\/div>\n\t\t\t\t\t<\/div>\n\t\t\t\t<\/div>\n\t\t\t\t<\/div>\n\t\t","protected":false},"excerpt":{"rendered":"<p>T\u00f3picos em Estrutura e Funcionamento da Linguagem (30 horas\/02 cr\u00e9ditos) An\u00e1lise Lingu\u00edstica em Corpora Estat\u00edstica para Linguistas G\u00eaneros Discursivos Reflex\u00f5es sobre a Lingu\u00edstica Textual &#8211; a Referencia\u00e7\u00e3o e os Processos Referenciais Sociolingu\u00edstica Quantitativa<\/p>\n","protected":false},"author":5,"featured_media":0,"parent":0,"menu_order":0,"comment_status":"closed","ping_status":"closed","template":"","meta":{"site-sidebar-layout":"no-sidebar","site-content-layout":"page-builder","ast-site-content-layout":"full-width-container","site-content-style":"default","site-sidebar-style":"default","ast-global-header-display":"","ast-banner-title-visibility":"","ast-main-header-display":"","ast-hfb-above-header-display":"","ast-hfb-below-header-display":"","ast-hfb-mobile-header-display":"","site-post-title":"disabled","ast-breadcrumbs-content":"","ast-featured-img":"disabled","footer-sml-layout":"","theme-transparent-header-meta":"","adv-header-id-meta":"","stick-header-meta":"","header-above-stick-meta":"","header-main-stick-meta":"","header-below-stick-meta":"","astra-migrate-meta-layouts":"set","ast-page-background-enabled":"default","ast-page-background-meta":{"desktop":{"background-color":"var(--ast-global-color-4)","background-image":"","background-repeat":"repeat","background-position":"center center","background-size":"auto","background-attachment":"scroll","background-type":"","background-media":"","overlay-type":"","overlay-color":"","overlay-opacity":"","overlay-gradient":""},"tablet":{"background-color":"","background-image":"","background-repeat":"repeat","background-position":"center center","background-size":"auto","background-attachment":"scroll","background-type":"","background-media":"","overlay-type":"","overlay-color":"","overlay-opacity":"","overlay-gradient":""},"mobile":{"background-color":"","background-image":"","background-repeat":"repeat","background-position":"center center","background-size":"auto","background-attachment":"scroll","background-type":"","background-media":"","overlay-type":"","overlay-color":"","overlay-opacity":"","overlay-gradient":""}},"ast-content-background-meta":{"desktop":{"background-color":"var(--ast-global-color-5)","background-image":"","background-repeat":"repeat","background-position":"center center","background-size":"auto","background-attachment":"scroll","background-type":"","background-media":"","overlay-type":"","overlay-color":"","overlay-opacity":"","overlay-gradient":""},"tablet":{"background-color":"var(--ast-global-color-5)","background-image":"","background-repeat":"repeat","background-position":"center center","background-size":"auto","background-attachment":"scroll","background-type":"","background-media":"","overlay-type":"","overlay-color":"","overlay-opacity":"","overlay-gradient":""},"mobile":{"background-color":"var(--ast-global-color-5)","background-image":"","background-repeat":"repeat","background-position":"center center","background-size":"auto","background-attachment":"scroll","background-type":"","background-media":"","overlay-type":"","overlay-color":"","overlay-opacity":"","overlay-gradient":""}},"footnotes":""},"class_list":["post-2262","page","type-page","status-publish","hentry"],"_links":{"self":[{"href":"http:\/\/ppcl.uern.br\/index.php?rest_route=\/wp\/v2\/pages\/2262","targetHints":{"allow":["GET"]}}],"collection":[{"href":"http:\/\/ppcl.uern.br\/index.php?rest_route=\/wp\/v2\/pages"}],"about":[{"href":"http:\/\/ppcl.uern.br\/index.php?rest_route=\/wp\/v2\/types\/page"}],"author":[{"embeddable":true,"href":"http:\/\/ppcl.uern.br\/index.php?rest_route=\/wp\/v2\/users\/5"}],"replies":[{"embeddable":true,"href":"http:\/\/ppcl.uern.br\/index.php?rest_route=%2Fwp%2Fv2%2Fcomments&post=2262"}],"version-history":[{"count":7,"href":"http:\/\/ppcl.uern.br\/index.php?rest_route=\/wp\/v2\/pages\/2262\/revisions"}],"predecessor-version":[{"id":2309,"href":"http:\/\/ppcl.uern.br\/index.php?rest_route=\/wp\/v2\/pages\/2262\/revisions\/2309"}],"wp:attachment":[{"href":"http:\/\/ppcl.uern.br\/index.php?rest_route=%2Fwp%2Fv2%2Fmedia&parent=2262"}],"curies":[{"name":"wp","href":"https:\/\/api.w.org\/{rel}","templated":true}]}}