{"id":2260,"date":"2024-06-14T10:57:35","date_gmt":"2024-06-14T13:57:35","guid":{"rendered":"http:\/\/ppcl.uern.br\/?page_id=2260"},"modified":"2025-02-10T11:56:32","modified_gmt":"2025-02-10T14:56:32","slug":"disciplinas-optativas-45-horas-03-creditos","status":"publish","type":"page","link":"http:\/\/ppcl.uern.br\/?page_id=2260","title":{"rendered":"Disciplinas Optativas (45 horas\/03 cr\u00e9ditos)"},"content":{"rendered":"\t\t<div data-elementor-type=\"wp-page\" data-elementor-id=\"2260\" class=\"elementor elementor-2260\" data-elementor-post-type=\"page\">\n\t\t\t\t<div class=\"elementor-element elementor-element-6fd58ab e-flex e-con-boxed e-con e-parent\" data-id=\"6fd58ab\" data-element_type=\"container\">\n\t\t\t\t\t<div class=\"e-con-inner\">\n\t\t\t\t<div class=\"elementor-element elementor-element-130d9f9 elementor-widget elementor-widget-text-editor\" data-id=\"130d9f9\" data-element_type=\"widget\" data-widget_type=\"text-editor.default\">\n\t\t\t\t<div class=\"elementor-widget-container\">\n\t\t\t\t\t\t\t\t\t<h4><span style=\"color: #0070ba;\">Disciplinas Optativas (45 horas\/03 cr\u00e9ditos)<\/span><\/h4><ul><li><h5><span style=\"color: #0070ba;\"><strong><a style=\"color: #0070ba;\" href=\"https:\/\/drive.google.com\/file\/d\/1vL_vRRdIWFwdbuWjzPo59gz9KFY0CoVl\/view?usp=drive_link\" target=\"_blank\" rel=\"noopener\">Abordagens Cr\u00edticas do Texto Liter\u00e1rio<\/a><\/strong><\/span><\/h5><\/li><li><h5><span style=\"color: #0070ba;\"><strong><a style=\"color: #0070ba;\" href=\"https:\/\/drive.google.com\/file\/d\/1uhlrvEIc6S1otMiOOZeuNutSjT9EwOWb\/view?usp=drive_link\" target=\"_blank\" rel=\"noopener\">Abordagens de Textos Multimodais<\/a><\/strong><\/span><\/h5><\/li><li><h5><span style=\"color: #0070ba;\"><a style=\"color: #0070ba;\" href=\"https:\/\/drive.google.com\/file\/d\/13uSRPtd_OzyYLjzlqzB-f2r6kUpQfR8n\/view?usp=sharing\" target=\"_blank\" rel=\"noopener\"><strong>Abordagens em Ensino de Segundas L\u00ednguas<\/strong><\/a><\/span><\/h5><\/li><li><h5><span style=\"text-decoration: underline;\"><a href=\"https:\/\/tinyurl.com\/filosofia-linguagem\" target=\"_blank\" rel=\"noopener\"><span style=\"color: #0070ba; text-decoration: underline;\"><strong>Filosofia da Linguagem<\/strong><\/span><\/a><\/span><\/h5><\/li><li><h5><a href=\"https:\/\/drive.google.com\/file\/d\/1y4ScnpFdeYcL8_jPC9XzVPT2XQgncawJ\/view?usp=sharing\" target=\"_blank\" rel=\"noopener\"><span style=\"color: #0070ba;\"><strong><span style=\"color: #0070ba;\"><span style=\"text-decoration: underline;\">Linguagem e M\u00eddias<\/span><\/span><\/strong><\/span><\/a><\/h5><\/li><li><h5><span style=\"color: #0070ba;\"><strong><a style=\"color: #0070ba;\" href=\"https:\/\/drive.google.com\/file\/d\/1Fzpb3TGmtCwSlqpJcwg7TOV-M_W2glJR\/view?usp=drive_link\" target=\"_blank\" rel=\"noopener\">Linguagem e Quest\u00f5es de G\u00eanero<\/a><\/strong><\/span><\/h5><\/li><li><h5><span style=\"color: #0070ba;\"><a style=\"color: #0070ba;\" href=\"https:\/\/drive.google.com\/file\/d\/15eUJLWJdtRC45X5sIbgKg0wXgXtk2o0O\/view?usp=sharing\" target=\"_blank\" rel=\"noopener\"><strong>Linguagem e Novas Tecnologias<\/strong><\/a><\/span><\/h5><\/li><li><h5><span style=\"color: #0070ba;\"><strong><a style=\"color: #0070ba;\" href=\"https:\/\/drive.google.com\/file\/d\/1Z9OcbYZ0n5d-s6b6rsak0bdp8kDMpc7z\/view?usp=drive_link\" target=\"_blank\" rel=\"noopener\">Pragm\u00e1tica<\/a><\/strong><\/span><\/h5><\/li><li><h5><a href=\"https:\/\/tinyurl.com\/sociologia-linguagem\" target=\"_blank\" rel=\"noopener\"><span style=\"color: #0070ba;\"><strong>Sociologia da Linguagem<\/strong><\/span><\/a><\/h5><\/li><li><h5><span style=\"text-decoration: underline; color: #0070ab;\"><a style=\"color: #0070ab;\" href=\"https:\/\/tinyurl.com\/teoria-discursiva\" target=\"_blank\" rel=\"noopener\"><span style=\"text-decoration: underline;\"><strong>Teoria e An\u00e1lise Discursiva<\/strong><\/span><\/a><\/span><\/h5><\/li><li><h5><span style=\"text-decoration: underline; color: #0070ab;\"><a style=\"color: #0070ab;\" href=\"https:\/\/tinyurl.com\/texto-narra\" target=\"_blank\" rel=\"noopener\"><strong>Teoria e An\u00e1lise do Texto Narrativo<\/strong><\/a><\/span><\/h5><\/li><li><h5><a href=\"https:\/\/tinyurl.com\/texto-poetico\" target=\"_blank\" rel=\"noopener\"><span style=\"color: #0070ba;\"><strong>Teoria e An\u00e1lise do Texto Po\u00e9tico<\/strong><\/span><\/a><\/h5><\/li><li><h5><a href=\"https:\/\/tinyurl.com\/fonetica-fono\" target=\"_blank\" rel=\"noopener\"><span style=\"color: #0070ba;\"><strong>Teoria e An\u00e1lise Fon\u00e9tica\/Fonol\u00f3gica<\/strong><\/span><\/a><\/h5><\/li><li><h5><span style=\"color: #0070ba;\"><strong><a style=\"color: #0070ba;\" href=\"https:\/\/drive.google.com\/file\/d\/1v0PssOJjpy171u7sIsSMNkgnkwTBMZMk\/view?usp=drive_link\" target=\"_blank\" rel=\"noopener\">Teoria e An\u00e1lise Funcionalista da Linguagem<\/a><\/strong><\/span><\/h5><\/li><li><h5><a href=\"https:\/\/drive.google.com\/file\/d\/1CIgAg6SWUQusmLWWkvDqQnfDhuhcYNg5\/view?usp=drive_link\" target=\"_blank\" rel=\"noopener\"><span style=\"color: #0070ba;\"><strong>Teoria e An\u00e1lise de G\u00eaneros Discursivos\/Textuais<\/strong><\/span><\/a><\/h5><\/li><\/ul>\t\t\t\t\t\t\t\t<\/div>\n\t\t\t\t<\/div>\n\t\t\t\t\t<\/div>\n\t\t\t\t<\/div>\n\t\t\t\t<\/div>\n\t\t","protected":false},"excerpt":{"rendered":"<p>Disciplinas Optativas (45 horas\/03 cr\u00e9ditos) Abordagens Cr\u00edticas do Texto Liter\u00e1rio Abordagens de Textos Multimodais Abordagens em Ensino de Segundas L\u00ednguas Filosofia da Linguagem Linguagem e M\u00eddias Linguagem e Quest\u00f5es de G\u00eanero Linguagem e Novas Tecnologias Pragm\u00e1tica Sociologia da Linguagem Teoria e An\u00e1lise Discursiva Teoria e An\u00e1lise do Texto Narrativo Teoria e An\u00e1lise do Texto Po\u00e9tico [&hellip;]<\/p>\n","protected":false},"author":5,"featured_media":0,"parent":0,"menu_order":0,"comment_status":"closed","ping_status":"closed","template":"","meta":{"site-sidebar-layout":"no-sidebar","site-content-layout":"page-builder","ast-site-content-layout":"full-width-container","site-content-style":"default","site-sidebar-style":"default","ast-global-header-display":"","ast-banner-title-visibility":"","ast-main-header-display":"","ast-hfb-above-header-display":"","ast-hfb-below-header-display":"","ast-hfb-mobile-header-display":"","site-post-title":"disabled","ast-breadcrumbs-content":"","ast-featured-img":"disabled","footer-sml-layout":"","theme-transparent-header-meta":"","adv-header-id-meta":"","stick-header-meta":"","header-above-stick-meta":"","header-main-stick-meta":"","header-below-stick-meta":"","astra-migrate-meta-layouts":"set","ast-page-background-enabled":"default","ast-page-background-meta":{"desktop":{"background-color":"var(--ast-global-color-4)","background-image":"","background-repeat":"repeat","background-position":"center center","background-size":"auto","background-attachment":"scroll","background-type":"","background-media":"","overlay-type":"","overlay-color":"","overlay-opacity":"","overlay-gradient":""},"tablet":{"background-color":"","background-image":"","background-repeat":"repeat","background-position":"center center","background-size":"auto","background-attachment":"scroll","background-type":"","background-media":"","overlay-type":"","overlay-color":"","overlay-opacity":"","overlay-gradient":""},"mobile":{"background-color":"","background-image":"","background-repeat":"repeat","background-position":"center center","background-size":"auto","background-attachment":"scroll","background-type":"","background-media":"","overlay-type":"","overlay-color":"","overlay-opacity":"","overlay-gradient":""}},"ast-content-background-meta":{"desktop":{"background-color":"var(--ast-global-color-5)","background-image":"","background-repeat":"repeat","background-position":"center center","background-size":"auto","background-attachment":"scroll","background-type":"","background-media":"","overlay-type":"","overlay-color":"","overlay-opacity":"","overlay-gradient":""},"tablet":{"background-color":"var(--ast-global-color-5)","background-image":"","background-repeat":"repeat","background-position":"center center","background-size":"auto","background-attachment":"scroll","background-type":"","background-media":"","overlay-type":"","overlay-color":"","overlay-opacity":"","overlay-gradient":""},"mobile":{"background-color":"var(--ast-global-color-5)","background-image":"","background-repeat":"repeat","background-position":"center center","background-size":"auto","background-attachment":"scroll","background-type":"","background-media":"","overlay-type":"","overlay-color":"","overlay-opacity":"","overlay-gradient":""}},"footnotes":""},"class_list":["post-2260","page","type-page","status-publish","hentry"],"_links":{"self":[{"href":"http:\/\/ppcl.uern.br\/index.php?rest_route=\/wp\/v2\/pages\/2260","targetHints":{"allow":["GET"]}}],"collection":[{"href":"http:\/\/ppcl.uern.br\/index.php?rest_route=\/wp\/v2\/pages"}],"about":[{"href":"http:\/\/ppcl.uern.br\/index.php?rest_route=\/wp\/v2\/types\/page"}],"author":[{"embeddable":true,"href":"http:\/\/ppcl.uern.br\/index.php?rest_route=\/wp\/v2\/users\/5"}],"replies":[{"embeddable":true,"href":"http:\/\/ppcl.uern.br\/index.php?rest_route=%2Fwp%2Fv2%2Fcomments&post=2260"}],"version-history":[{"count":55,"href":"http:\/\/ppcl.uern.br\/index.php?rest_route=\/wp\/v2\/pages\/2260\/revisions"}],"predecessor-version":[{"id":3674,"href":"http:\/\/ppcl.uern.br\/index.php?rest_route=\/wp\/v2\/pages\/2260\/revisions\/3674"}],"wp:attachment":[{"href":"http:\/\/ppcl.uern.br\/index.php?rest_route=%2Fwp%2Fv2%2Fmedia&parent=2260"}],"curies":[{"name":"wp","href":"https:\/\/api.w.org\/{rel}","templated":true}]}}