{"id":2258,"date":"2024-06-14T10:50:01","date_gmt":"2024-06-14T13:50:01","guid":{"rendered":"http:\/\/ppcl.uern.br\/?page_id=2258"},"modified":"2025-09-15T13:34:04","modified_gmt":"2025-09-15T16:34:04","slug":"disciplinas-obrigatorias","status":"publish","type":"page","link":"http:\/\/ppcl.uern.br\/?page_id=2258","title":{"rendered":"Componentes Obrigat\u00f3rios"},"content":{"rendered":"\t\t<div data-elementor-type=\"wp-page\" data-elementor-id=\"2258\" class=\"elementor elementor-2258\" data-elementor-post-type=\"page\">\n\t\t\t\t<div class=\"elementor-element elementor-element-1217e56 e-flex e-con-boxed e-con e-parent\" data-id=\"1217e56\" data-element_type=\"container\">\n\t\t\t\t\t<div class=\"e-con-inner\">\n\t\t\t\t<div class=\"elementor-element elementor-element-b2b6e28 elementor-widget elementor-widget-text-editor\" data-id=\"b2b6e28\" data-element_type=\"widget\" data-widget_type=\"text-editor.default\">\n\t\t\t\t<div class=\"elementor-widget-container\">\n\t\t\t\t\t\t\t\t\t<h5><span style=\"color: #0070ba;\">COMPONENTES OBRIGAT\u00d3RIOS<\/span><\/h5><ul><li><h5><a href=\"https:\/\/tinyurl.com\/met-pesquisa\" target=\"_blank\" rel=\"noopener\"><span style=\"text-decoration: underline;\"><span style=\"color: #0070ba;\"><strong><span style=\"color: #0070ba; text-decoration: underline;\">Metodologia da Pesquisa<\/span><\/strong><\/span><\/span><\/a><\/h5><\/li><li><h5><span style=\"text-decoration: underline; color: #0070ba;\"><strong><a style=\"color: #0070ba; text-decoration: underline;\" href=\"https:\/\/drive.google.com\/file\/d\/1EueWFgzVoO_uEWX0P7rBYoox63GutRy4\/view?usp=drive_link\" target=\"_blank\" rel=\"noopener\">Teorias da Linguagem<\/a><\/strong><\/span><\/h5><\/li><li><h5><span style=\"text-decoration: underline; color: #0070ba;\"><strong><a style=\"color: #0070ba; text-decoration: underline;\" href=\"https:\/\/drive.google.com\/file\/d\/1EA8BluB6777c9AiYVu8oJC6rohOU15kY\/view?usp=drive_link\" target=\"_blank\" rel=\"noopener\">Teorias Liter\u00e1rias<\/a><\/strong><\/span><\/h5><\/li><li><h5><a href=\"https:\/\/tinyurl.com\/seminario-pesquisa\" target=\"_blank\" rel=\"noopener\"><span style=\"text-decoration: underline; color: #0070ba;\"><strong>Semin\u00e1rio de Pesquisa<\/strong><\/span><\/a><\/h5><\/li><\/ul>\t\t\t\t\t\t\t\t<\/div>\n\t\t\t\t<\/div>\n\t\t\t\t\t<\/div>\n\t\t\t\t<\/div>\n\t\t\t\t<\/div>\n\t\t","protected":false},"excerpt":{"rendered":"<p>COMPONENTES OBRIGAT\u00d3RIOS Metodologia da Pesquisa Teorias da Linguagem Teorias Liter\u00e1rias Semin\u00e1rio de Pesquisa<\/p>\n","protected":false},"author":5,"featured_media":0,"parent":0,"menu_order":0,"comment_status":"closed","ping_status":"closed","template":"","meta":{"site-sidebar-layout":"no-sidebar","site-content-layout":"page-builder","ast-site-content-layout":"full-width-container","site-content-style":"default","site-sidebar-style":"default","ast-global-header-display":"","ast-banner-title-visibility":"","ast-main-header-display":"","ast-hfb-above-header-display":"","ast-hfb-below-header-display":"","ast-hfb-mobile-header-display":"","site-post-title":"disabled","ast-breadcrumbs-content":"","ast-featured-img":"disabled","footer-sml-layout":"","theme-transparent-header-meta":"","adv-header-id-meta":"","stick-header-meta":"","header-above-stick-meta":"","header-main-stick-meta":"","header-below-stick-meta":"","astra-migrate-meta-layouts":"set","ast-page-background-enabled":"default","ast-page-background-meta":{"desktop":{"background-color":"var(--ast-global-color-4)","background-image":"","background-repeat":"repeat","background-position":"center center","background-size":"auto","background-attachment":"scroll","background-type":"","background-media":"","overlay-type":"","overlay-color":"","overlay-opacity":"","overlay-gradient":""},"tablet":{"background-color":"","background-image":"","background-repeat":"repeat","background-position":"center center","background-size":"auto","background-attachment":"scroll","background-type":"","background-media":"","overlay-type":"","overlay-color":"","overlay-opacity":"","overlay-gradient":""},"mobile":{"background-color":"","background-image":"","background-repeat":"repeat","background-position":"center center","background-size":"auto","background-attachment":"scroll","background-type":"","background-media":"","overlay-type":"","overlay-color":"","overlay-opacity":"","overlay-gradient":""}},"ast-content-background-meta":{"desktop":{"background-color":"var(--ast-global-color-5)","background-image":"","background-repeat":"repeat","background-position":"center center","background-size":"auto","background-attachment":"scroll","background-type":"","background-media":"","overlay-type":"","overlay-color":"","overlay-opacity":"","overlay-gradient":""},"tablet":{"background-color":"var(--ast-global-color-5)","background-image":"","background-repeat":"repeat","background-position":"center center","background-size":"auto","background-attachment":"scroll","background-type":"","background-media":"","overlay-type":"","overlay-color":"","overlay-opacity":"","overlay-gradient":""},"mobile":{"background-color":"var(--ast-global-color-5)","background-image":"","background-repeat":"repeat","background-position":"center center","background-size":"auto","background-attachment":"scroll","background-type":"","background-media":"","overlay-type":"","overlay-color":"","overlay-opacity":"","overlay-gradient":""}},"footnotes":""},"class_list":["post-2258","page","type-page","status-publish","hentry"],"_links":{"self":[{"href":"http:\/\/ppcl.uern.br\/index.php?rest_route=\/wp\/v2\/pages\/2258","targetHints":{"allow":["GET"]}}],"collection":[{"href":"http:\/\/ppcl.uern.br\/index.php?rest_route=\/wp\/v2\/pages"}],"about":[{"href":"http:\/\/ppcl.uern.br\/index.php?rest_route=\/wp\/v2\/types\/page"}],"author":[{"embeddable":true,"href":"http:\/\/ppcl.uern.br\/index.php?rest_route=\/wp\/v2\/users\/5"}],"replies":[{"embeddable":true,"href":"http:\/\/ppcl.uern.br\/index.php?rest_route=%2Fwp%2Fv2%2Fcomments&post=2258"}],"version-history":[{"count":23,"href":"http:\/\/ppcl.uern.br\/index.php?rest_route=\/wp\/v2\/pages\/2258\/revisions"}],"predecessor-version":[{"id":4162,"href":"http:\/\/ppcl.uern.br\/index.php?rest_route=\/wp\/v2\/pages\/2258\/revisions\/4162"}],"wp:attachment":[{"href":"http:\/\/ppcl.uern.br\/index.php?rest_route=%2Fwp%2Fv2%2Fmedia&parent=2258"}],"curies":[{"name":"wp","href":"https:\/\/api.w.org\/{rel}","templated":true}]}}