{"id":2236,"date":"2024-06-13T14:32:17","date_gmt":"2024-06-13T17:32:17","guid":{"rendered":"http:\/\/ppcl.uern.br\/?page_id=2236"},"modified":"2025-02-08T00:06:34","modified_gmt":"2025-02-08T03:06:34","slug":"turma-2021","status":"publish","type":"page","link":"http:\/\/ppcl.uern.br\/?page_id=2236","title":{"rendered":"Turma 2021"},"content":{"rendered":"\t\t<div data-elementor-type=\"wp-page\" data-elementor-id=\"2236\" class=\"elementor elementor-2236\" data-elementor-post-type=\"page\">\n\t\t\t\t<div class=\"elementor-element elementor-element-e6a038a e-flex e-con-boxed e-con e-parent\" data-id=\"e6a038a\" data-element_type=\"container\">\n\t\t\t\t\t<div class=\"e-con-inner\">\n\t\t\t\t<div class=\"elementor-element elementor-element-d1257e9 elementor-widget elementor-widget-heading\" data-id=\"d1257e9\" data-element_type=\"widget\" data-widget_type=\"heading.default\">\n\t\t\t\t<div class=\"elementor-widget-container\">\n\t\t\t\t\t<h2 class=\"elementor-heading-title elementor-size-default\">Turma 2021<\/h2>\t\t\t\t<\/div>\n\t\t\t\t<\/div>\n\t\t\t\t\t<\/div>\n\t\t\t\t<\/div>\n\t\t<div class=\"elementor-element elementor-element-734e770 e-flex e-con-boxed e-con e-parent\" data-id=\"734e770\" data-element_type=\"container\">\n\t\t\t\t\t<div class=\"e-con-inner\">\n\t\t\t\t<div class=\"elementor-element elementor-element-71edb62 elementor-widget elementor-widget-text-editor\" data-id=\"71edb62\" data-element_type=\"widget\" data-widget_type=\"text-editor.default\">\n\t\t\t\t<div class=\"elementor-widget-container\">\n\t\t\t\t\t\t\t\t\t<div class=\"texto\"><table border=\"0\"><tbody><tr><td><strong>Linha de Pesquisa 1: Estrutura e Funcionamento da Linguagem<\/strong><\/td><\/tr><\/tbody><\/table><p><strong>1.\u00a0<a href=\"http:\/\/lattes.cnpq.br\/1678423572825963\" target=\"_blank\" rel=\"noopener\">Aleide Josse Rodrigues Ataide Costa<\/a><\/strong><br \/>Disserta\u00e7\u00e3o: <a href=\"https:\/\/sucupira-legado.capes.gov.br\/sucupira\/public\/consultas\/coleta\/trabalhoConclusao\/viewTrabalhoConclusao.jsf?popup=true&amp;id_trabalho=15148241\" target=\"_blank\" rel=\"noopener\">AN\u00c1LISE SOCIOLINGU\u00cdSTICA DO FEN\u00d4MENO DA GLOTALIZA\u00c7\u00c3O NA FALA DOS RIBEIRINHOS DE BURITI-MA<\/a><br \/>Orientador: Prof. Dr. Cid Ivan da Costa Carvalho<\/p><p><strong>2.\u00a0<a href=\"http:\/\/lattes.cnpq.br\/3076207479036781\" target=\"_blank\" rel=\"noopener\">Antonia Jackcioneide Oliveira da Silva<\/a><\/strong><br \/>Disserta\u00e7\u00e3o:<br \/>Orientador: Prof. Dr. Mois\u00e9s Batista da Silva<\/p><p><strong>3.\u00a0<a href=\"http:\/\/lattes.cnpq.br\/7881234343687147\" target=\"_blank\" rel=\"noopener\">Antonia Monaiza da Silva<\/a><\/strong><br \/>Disserta\u00e7\u00e3o:\u00a0<a href=\"https:\/\/sucupira-legado.capes.gov.br\/sucupira\/public\/consultas\/coleta\/trabalhoConclusao\/viewTrabalhoConclusao.jsf?popup=true&amp;id_trabalho=14214852\" target=\"_blank\" rel=\"noopener\">A CORTESIA VERBAL EM L\u00cdNGUA ESPANHOLA: AN\u00c1LISE COMPARATIVA DE FALANTES DO PORTUGU\u00caS BRASILEIRO E DO ESPANHOL AMERICANO<\/a><br \/>Orientador: Prof. Dr. Pedro Adri\u00e3o da Silva J\u00fanior<\/p><p><strong>4.\u00a0<a href=\"http:\/\/lattes.cnpq.br\/0684024816375998\" target=\"_blank\" rel=\"noopener\">Antonia Rayane Felix Barra<\/a><\/strong><br \/>Disserta\u00e7\u00e3o:\u00a0<a href=\"https:\/\/sucupira-legado.capes.gov.br\/sucupira\/public\/consultas\/coleta\/trabalhoConclusao\/viewTrabalhoConclusao.jsf?popup=true&amp;id_trabalho=14731161\" target=\"_blank\" rel=\"noopener\">AN\u00c1LISE DO MORFEMA -S DO INGL\u00caS L\u00cdNGUA ADICIONAL SOB UMA PERSPECTIVA COMPLEXA<\/a><br \/>Orientador: Prof. Dr. Clerton Luiz Felix Barboza<\/p><p><strong>5.\u00a0<a href=\"http:\/\/lattes.cnpq.br\/9761480985542820\" target=\"_blank\" rel=\"noopener\">Bruna da Costa Targino<\/a><\/strong><br \/>Disserta\u00e7\u00e3o: <a href=\"https:\/\/sucupira-legado.capes.gov.br\/sucupira\/public\/consultas\/coleta\/trabalhoConclusao\/viewTrabalhoConclusao.jsf?popup=true&amp;id_trabalho=15062078\" target=\"_blank\" rel=\"noopener\">A CONSTRU\u00c7\u00c3O DE SIGNIFICADOS INTERATIVOS NA S\u00c9RIE LA CASA DE PAPEL: UMA INVESTIGA\u00c7\u00c3O A PARTIR DE ELEMENTOS INTERTEXTUAIS MULTISSEMI\u00d3TICOS<\/a><br \/>Orientador: Prof. Dr. Mois\u00e9s Batista da Silva<\/p><p><strong>6.\u00a0<a href=\"http:\/\/lattes.cnpq.br\/4344387192543072\" target=\"_blank\" rel=\"noopener\">Carlos Eduardo de Oliveira Pinheiro<\/a><\/strong><br \/>Disserta\u00e7\u00e3o:\u00a0<a href=\"https:\/\/sucupira-legado.capes.gov.br\/sucupira\/public\/consultas\/coleta\/trabalhoConclusao\/viewTrabalhoConclusao.jsf?popup=true&amp;id_trabalho=13834680\" target=\"_blank\" rel=\"noopener\">AN\u00c1LISE SOCIOLINGU\u00cdSTICA DO COMPORTAMENTO DO PRONOME-SUJEITO<\/a><br \/>Orientador: Prof. Dr. Gilson Chicon Alves<\/p><p><strong>7.\u00a0<a href=\"http:\/\/lattes.cnpq.br\/3272223331595847\" target=\"_blank\" rel=\"noopener\">Carlos Matheus da Silva Meneses<\/a><\/strong><br \/>Disserta\u00e7\u00e3o:\u00a0<a href=\"https:\/\/sucupira-legado.capes.gov.br\/sucupira\/public\/consultas\/coleta\/trabalhoConclusao\/viewTrabalhoConclusao.jsf?popup=true&amp;id_trabalho=14411699\" target=\"_blank\" rel=\"noopener\">A SOCIOLINGU\u00cdSTICA NA PROVA DE LINGUAGENS DO ENEM: UMA AN\u00c1LISE DA ABORDAGEM DA VARIA\u00c7\u00c3O LINGU\u00cdSTICA<\/a><br \/>Orientador: Prof. Dr. Gilson Chicon Alves<\/p><p><strong>8.\u00a0<a href=\"http:\/\/lattes.cnpq.br\/4815513502932967\" target=\"_blank\" rel=\"noopener\">Francisco Rangel dos Santos S\u00e1 Lima<\/a><\/strong><br \/>Disserta\u00e7\u00e3o:\u00a0<a href=\"https:\/\/sucupira-legado.capes.gov.br\/sucupira\/public\/consultas\/coleta\/trabalhoConclusao\/viewTrabalhoConclusao.jsf?popup=true&amp;id_trabalho=14089267\" target=\"_blank\" rel=\"noopener\">A VARIA\u00c7\u00c3O NAS ORA\u00c7\u00d5ES RELATIVAS NO PORTUGU\u00caS FALADO EM CANIND\u00c9 &#8211; CE<\/a><br \/>Orientador: Prof. Dr. Cid Ivan da Costa Carvalho<\/p><p><strong>9.\u00a0<a href=\"http:\/\/lattes.cnpq.br\/6420421680162758\" target=\"_blank\" rel=\"noopener\">Gessika Demetrio de Alcantara<\/a><\/strong><br \/>Disserta\u00e7\u00e3o:\u00a0<a href=\"https:\/\/sucupira-legado.capes.gov.br\/sucupira\/public\/consultas\/coleta\/trabalhoConclusao\/viewTrabalhoConclusao.jsf?popup=true&amp;id_trabalho=14733038\" target=\"_blank\" rel=\"noopener\">AN\u00c1LISE SOCIOLINGU\u00cdSTICA DE ENUNCIADOS ORAIS: UM COMPARATIVO ENTRE CEGOS E VIDENTES DA PARA\u00cdBA<\/a><br \/>Orientador: Prof. Dr. Cid Ivan da Costa Carvalho<\/p><p><strong>11.\u00a0<a href=\"http:\/\/lattes.cnpq.br\/1544974527915221\" target=\"_blank\" rel=\"noopener\">Joilton Garcia do Amaral<\/a><\/strong><\/p><p>Disserta\u00e7\u00e3o:\u00a0<a href=\"https:\/\/sucupira-legado.capes.gov.br\/sucupira\/public\/consultas\/coleta\/trabalhoConclusao\/viewTrabalhoConclusao.jsf?popup=true&amp;id_trabalho=13747736\" target=\"_blank\" rel=\"noopener\">LA CASA DE LAS FLORES &#8211; LA PEL\u00cdCULA: AN\u00c1LISE PRAGM\u00c1TICO-MULTIMODAL DOS ATOS DE FALA DIRETIVOS E COMPROMISSIVOS CONDICIONANTES<\/a><br \/>Orientador: Prof. Dr. Pedro Adri\u00e3o da Silva J\u00fanior<\/p><p><strong>12.\u00a0<a href=\"http:\/\/lattes.cnpq.br\/0764302880366940\" target=\"_blank\" rel=\"noopener\">Luana Cristina Fernandes Rodrigues<\/a><\/strong><br \/>Disserta\u00e7\u00e3o:\u00a0<a href=\"https:\/\/sucupira-legado.capes.gov.br\/sucupira\/public\/consultas\/coleta\/trabalhoConclusao\/viewTrabalhoConclusao.jsf?popup=true&amp;id_trabalho=13855479\" target=\"_blank\" rel=\"noopener\">O PROCESSO REFERENCIAL ANAF\u00d3RICO EM POSTAGENS DA REDE SOCIAL TWITTER: UM OLHAR SOBRE AS P\u00c1GINAS HADDAD DEBOCHADO E M\u00cdDIA NINJA<\/a><br \/>Orientadora: Profa. Dra. Jammara Oliveira Vasconcelos de S\u00e1<\/p><p><strong>13.\u00a0<a href=\"http:\/\/lattes.cnpq.br\/7059129814559025\" target=\"_blank\" rel=\"noopener\">Luciana Dantas de Souza<\/a><\/strong><br \/>Disserta\u00e7\u00e3o: <a href=\"https:\/\/sucupira-legado.capes.gov.br\/sucupira\/public\/consultas\/coleta\/trabalhoConclusao\/viewTrabalhoConclusao.jsf?popup=true&amp;id_trabalho=15200067\" target=\"_blank\" rel=\"noopener\">MULTILETRAMENTOS E AS NOVAS APRENDIZAGENS ONLINE NO ENSINO REMOTO EMERGENCIAL: AN\u00c1LISES DAS REPRESENTA\u00c7\u00d5ES DOCENTES NA REDE P\u00daBLICA DE ENSINO B\u00c1SICO NA CIDADE DE MOSSOR\u00d3-RN<\/a><br \/>Orientador: Prof. Dr. Mois\u00e9s Batista da Silva<\/p><p><strong>14.\u00a0<a href=\"http:\/\/lattes.cnpq.br\/0753303574674741\" target=\"_blank\" rel=\"noopener\">Maria Eduarda R\u00e9gis Pinto<\/a><\/strong><br \/>Disserta\u00e7\u00e3o:\u00a0<a href=\"https:\/\/sucupira-legado.capes.gov.br\/sucupira\/public\/consultas\/coleta\/trabalhoConclusao\/viewTrabalhoConclusao.jsf?popup=true&amp;id_trabalho=14644841\" target=\"_blank\" rel=\"noopener\">O DETALHE FON\u00c9TICO DE REALIZA\u00c7\u00c3O DAS FRICATIVAS INTERDENTAIS POR APRENDIZES BRASILEIROS DE INGL\u00caS L\u00cdNGUA ADICIONAL: UMA ABORDAGEM COMPLEXA<\/a><br \/>Orientador: Prof. Dr. Clerton Luiz Felix Barbosa<\/p><p><strong>15.\u00a0<a href=\"http:\/\/lattes.cnpq.br\/4357562945884921\" target=\"_blank\" rel=\"noopener\">Rayssa Rovanya Torquato Carvalho<\/a><\/strong><br \/>Disserta\u00e7\u00e3o:\u00a0<a href=\"https:\/\/sucupira-legado.capes.gov.br\/sucupira\/public\/consultas\/coleta\/trabalhoConclusao\/viewTrabalhoConclusao.jsf?popup=true&amp;id_trabalho=13832646\" target=\"_blank\" rel=\"noopener\">Nas tramas dos contos machadianos: inter-rela\u00e7\u00f5es lingu\u00edstico-liter\u00e1rias entre o processo d\u00eaitico e suas fun\u00e7\u00f5es discursivas<\/a><br \/>Orientadora: Profa. Dra. Jammara Oliveira Vasconcelos de S\u00e1<\/p><p><strong>16.\u00a0<a href=\"http:\/\/lattes.cnpq.br\/7894428324240610\" target=\"_blank\" rel=\"noopener\">Reinaldo Lopes da Silva<\/a><\/strong><br \/>Disserta\u00e7\u00e3o:\u00a0<a href=\"https:\/\/sucupira-legado.capes.gov.br\/sucupira\/public\/consultas\/coleta\/trabalhoConclusao\/viewTrabalhoConclusao.jsf?popup=true&amp;id_trabalho=14411873\" target=\"_blank\" rel=\"noopener\">AN\u00c1LISE MULTIMODAL DE CAPAS DA REVISTA VEJA NO PER\u00cdODO DA PANDEMIA DA COVID-19<\/a><br \/>Orientador: Prof. Dr. Mois\u00e9s Batista da Silva<\/p><table border=\"0\"><tbody><tr><td><strong>Linha de Pesquisa 2: Linguagens e Pr\u00e1ticas Sociais<br \/><\/strong><\/td><\/tr><\/tbody><\/table>1. <strong><a href=\"http:\/\/lattes.cnpq.br\/2506679255603101\" target=\"_blank\" rel=\"noopener\">Alice Chaves de Lima<\/a><\/strong><br \/>Disserta\u00e7\u00e3o: <a href=\"https:\/\/sucupira.capes.gov.br\/sucupira\/public\/consultas\/coleta\/trabalhoConclusao\/viewTrabalhoConclusao.jsf?popup=true&amp;id_trabalho=13863020\" target=\"_blank\" rel=\"noopener\">O DISCURSO NEGACIONISTA CIENT\u00cdFICO: UMA AN\u00c1LISE CR\u00cdTICA MULTIMODAL DE CARTAZES ANTIVACINA NOS ESTADOS UNIDOS<\/a><br \/>Orientador: Prof. Dr. Jos\u00e9 Roberto Alves Barbosa<\/div><div class=\"texto\"><br \/><p><strong>2.\u00a0<a href=\"http:\/\/lattes.cnpq.br\/6128310018792222\" target=\"_blank\" rel=\"noopener\">Andrea Mikaelly Rebou\u00e7as de Azevedo<\/a><\/strong><br \/>Disserta\u00e7\u00e3o:<br \/>Orientadora: Profa. Dra. L\u00facia Helena Medeiros da Cunha<\/p><p><strong>3.\u00a0<a href=\"http:\/\/lattes.cnpq.br\/2937361145588259\" target=\"_blank\" rel=\"noopener\">Antonia Oziana Batista de Medeiros<\/a><\/strong><br \/>Disserta\u00e7\u00e3o:\u00a0<a href=\"https:\/\/sucupira-legado.capes.gov.br\/sucupira\/public\/consultas\/coleta\/trabalhoConclusao\/viewTrabalhoConclusao.jsf?popup=true&amp;id_trabalho=13832530\" target=\"_blank\" rel=\"noopener\">Os recursos multissemi\u00f3ticos no material did\u00e1tico para o ensino de l\u00edngua inglesa: uma an\u00e1lise multimodal de livros textos para a sala de aula<\/a><br \/>Orientador: Prof. Dr. Jos\u00e9 Roberto Alves Barbosa<\/p><p><strong>4.\u00a0<a href=\"http:\/\/lattes.cnpq.br\/5555098391604792\" target=\"_blank\" rel=\"noopener\">Cl\u00e9oman de Freitas Dantas da Costa<\/a><\/strong><br \/>Disserta\u00e7\u00e3o:<br \/>Orientadora: Profa. Dra. L\u00facia Helena Medeiros da Cunha<\/p><p><strong>5.\u00a0<a href=\"http:\/\/lattes.cnpq.br\/4493210687724838\" target=\"_blank\" rel=\"noopener\">Karliane Gomes da Silva<\/a><\/strong><br \/>Disserta\u00e7\u00e3o:\u00a0<a href=\"https:\/\/sucupira-legado.capes.gov.br\/sucupira\/public\/consultas\/coleta\/trabalhoConclusao\/viewTrabalhoConclusao.jsf?popup=true&amp;id_trabalho=13995737\" target=\"_blank\" rel=\"noopener\">A L\u00cdNGUA INGLESA COMO MERCADORIA DE CONSUMO: UMA AN\u00c1LISE CR\u00cdTICO-MULTIMODAL DE AN\u00daNCIOS PUBLICIT\u00c1RIOS DE CURSOS DE INGL\u00caS NO INSTAGRAM<\/a><br \/>Orientador: Prof. Dr. Jos\u00e9 Roberto Alves Barbosa<\/p><p><strong>6.\u00a0<a href=\"http:\/\/lattes.cnpq.br\/1485524261230630\" target=\"_blank\" rel=\"noopener\">L\u00e1zaro Vieira Almeida de Oliveira J\u00fanior<\/a><\/strong><br \/>Disserta\u00e7\u00e3o:<br \/>Orientador: Prof. Dr. Nilson Roberto Barros da Silva<\/p><p><strong>7.\u00a0<a href=\"http:\/\/lattes.cnpq.br\/4244307496478178\" target=\"_blank\" rel=\"noopener\">Marcela Aianne Rebou\u00e7as<\/a><\/strong><br \/>Disserta\u00e7\u00e3o:\u00a0<a href=\"https:\/\/sucupira-legado.capes.gov.br\/sucupira\/public\/consultas\/coleta\/trabalhoConclusao\/viewTrabalhoConclusao.jsf?popup=true&amp;id_trabalho=13764891\" target=\"_blank\" rel=\"noopener\">Do Silenciamento ao Protagonismo: Cantos de Si, Resist\u00eancia e Representa\u00e7\u00f5es Femininas em Can\u00e7\u00f5es do G\u00eanero Pop Internacional<\/a><\/p><p>Orientador: Prof. Dr. Edgley Freire Tavares<\/p><p><strong>8.\u00a0<a href=\"http:\/\/lattes.cnpq.br\/5238966317271884\" target=\"_blank\" rel=\"noopener\">Maria Th\u00e1rgilla Larissa Silva<\/a><\/strong><br \/>Disserta\u00e7\u00e3o:\u00a0<a href=\"https:\/\/sucupira-legado.capes.gov.br\/sucupira\/public\/consultas\/coleta\/trabalhoConclusao\/viewTrabalhoConclusao.jsf?popup=true&amp;id_trabalho=14968548\" target=\"_blank\" rel=\"noopener\">A MULTIMODALIDADE E A MULHER NEGRA NAS TIRAS DONA ISAURA: UM OLHAR ANAL\u00cdTICO A PARTIR DA GRAM\u00c1TICA DO DESIGN VISUAL E DOS MULTILETRAMENTOS<\/a><br \/>Orientadora: Profa. Dra. Ver\u00f4nica Palmira Salme de Arag\u00e3o<\/p><p><strong>9.\u00a0<a href=\"http:\/\/lattes.cnpq.br\/5866336333422305\" target=\"_blank\" rel=\"noopener\">Sandson de Souza Costa<\/a><\/strong><br \/>Disserta\u00e7\u00e3o:\u00a0<a href=\"https:\/\/sucupira-legado.capes.gov.br\/sucupira\/public\/consultas\/coleta\/trabalhoConclusao\/viewTrabalhoConclusao.jsf?popup=true&amp;id_trabalho=13717024\" target=\"_blank\" rel=\"noopener\">EFEITOS DE PODER NA PRODU\u00c7\u00c3O DE DISCURSOS FUNDAMENTALISTAS NA POL\u00cdTICA BRASILEIRA (2018-2022): UMA AN\u00c1LISE DE MATERIALIDADES DO TWITTER<\/a><br \/>Orientador: Prof. Dr. Francisco Paulo da Silva<\/p><p><strong>10.\u00a0<a href=\"http:\/\/lattes.cnpq.br\/8909902604430154\" target=\"_blank\" rel=\"noopener\">Vinicius Gomes de Morais<\/a><\/strong><br \/>Disserta\u00e7\u00e3o:\u00a0<a href=\"https:\/\/sucupira-legado.capes.gov.br\/sucupira\/public\/consultas\/coleta\/trabalhoConclusao\/viewTrabalhoConclusao.jsf?popup=true&amp;id_trabalho=13834762\" target=\"_blank\" rel=\"noopener\">AN\u00c1LISE DA TRADU\u00c7\u00c3O DE NEOLOGISMOS NA OBRA DE GEORGE R. R. MARTIN<\/a><br \/>Orientador: Prof. Dr. Nilson Roberto Barros da Silva<\/p><p><strong>11.\u00a0<a href=\"http:\/\/lattes.cnpq.br\/9767078582941289\" target=\"_blank\" rel=\"noopener\">Vivianne Caldas de Souza Dantas<\/a><\/strong><br \/>Disserta\u00e7\u00e3o: <a href=\"https:\/\/sucupira-legado.capes.gov.br\/sucupira\/public\/consultas\/coleta\/trabalhoConclusao\/viewTrabalhoConclusao.jsf?popup=true&amp;id_trabalho=15175359\" target=\"_blank\" rel=\"noopener\">UMA AN\u00c1LISE ENUNCIATIVA DO CAP\u00cdTULO \u201cINF\u00c2NCIA\u201d, DO LIVRO \u201cMISS DAVIS\u201d<\/a><br \/>Orientadora: Profa. Dra. Ver\u00f4nica Palmira Salme de Arag\u00e3o<\/p><p><strong>12.\u00a0<a href=\"http:\/\/lattes.cnpq.br\/5830368825713986\" target=\"_blank\" rel=\"noopener\">Washington Guilherme da Silva<\/a><\/strong><br \/>Disserta\u00e7\u00e3o:<br \/>Orientadora: Profa. Dra. L\u00facia Helena Medeiros da Cunha<\/p><table border=\"0\"><tbody><tr><td><strong>Linha de Pesquisa 3: Literatura, Cultura e Representa\u00e7\u00e3o<\/strong><\/td><\/tr><\/tbody><\/table><p><strong>1.\u00a0<a href=\"http:\/\/lattes.cnpq.br\/4589618017127063\" target=\"_blank\" rel=\"noopener\">Ana Luiza Souza Tavares<\/a><br \/><\/strong>Disserta\u00e7\u00e3o:\u00a0<a href=\"https:\/\/sucupira-legado.capes.gov.br\/sucupira\/public\/consultas\/coleta\/trabalhoConclusao\/viewTrabalhoConclusao.jsf?popup=true&amp;id_trabalho=13722611\" target=\"_blank\" rel=\"noopener\">\u201cFEMININA AT\u00c9 O \u00c2MAGO\u201d E \u201cMULHER POR TODOS OS LADOS\u201d: UMA AN\u00c1LISE COMPARATIVA DAS PERSONAGENS ANNE SHIRLEY E CAPITU<\/a><br \/>Orientadora: Profa. Dra. Maria Edileuza da Costa<\/p><p><strong>2.\u00a0<a href=\"http:\/\/lattes.cnpq.br\/3975968059361403\" target=\"_blank\" rel=\"noopener\">Bruno Felipe da Silva de Souza<\/a><\/strong><br \/>Disserta\u00e7\u00e3o:\u00a0<a href=\"https:\/\/sucupira-legado.capes.gov.br\/sucupira\/public\/consultas\/coleta\/trabalhoConclusao\/viewTrabalhoConclusao.jsf?popup=true&amp;id_trabalho=14411828\" target=\"_blank\" rel=\"noopener\">A PERSONAGEM FEMININA NO ROMANCE B\u00cdBLICO \u201cA MULHER QUE FUGIU DE SODOMA\u201d: REPRESENTA\u00c7\u00c3O LITER\u00c1RIA INTIMISTA E ABORDAGEM DE PAPEL SOCIAL<\/a><br \/>Orientadora: Profa. Dra. Maria Edileuza da Costa<\/p><p><strong>3.\u00a0<a href=\"http:\/\/lattes.cnpq.br\/6333810502589135\" target=\"_blank\" rel=\"noopener\">Daniela Katerine de Oliveira<\/a><\/strong><br \/>Disserta\u00e7\u00e3o: <a href=\"https:\/\/sucupira.capes.gov.br\/sucupira\/public\/consultas\/coleta\/trabalhoConclusao\/viewTrabalhoConclusao.jsf?popup=true&amp;id_trabalho=15394653\" target=\"_blank\" rel=\"noopener\">SOBRE CONTEXTOS E ASPECTOS (DES)COLONIAIS NA FIGURA\u00c7\u00c3O DA PERSONAGEM FEMININA EM S\u00c3O BERNARDO, DE GRACILIANO RAMOS<\/a><br \/>Orientador: Prof. Dr. Sebasti\u00e3o Marques Cardoso<\/p><p><strong>4.\u00a0<a href=\"http:\/\/lattes.cnpq.br\/2355294940833786\" target=\"_blank\" rel=\"noopener\">Daryjane Pereira Costa<\/a><\/strong><br \/>Disserta\u00e7\u00e3o: <a href=\"https:\/\/sucupira.capes.gov.br\/sucupira\/public\/consultas\/coleta\/trabalhoConclusao\/viewTrabalhoConclusao.jsf?popup=true&amp;id_trabalho=15470555\" target=\"_blank\" rel=\"noopener\">A FIGURA\u00c7\u00c3O DO ROSTO EM UMA APRENDIZAGEM OU O LIVRO DOS PRAZERES DE CLARICE LISPECTOR \u00c0 LUZ DA FILOSOFIA DA ALTERIDADE DE L\u00c9VINAS<\/a><br \/>Orientador: Prof. Dr. Sebasti\u00e3o Marques Cardoso<\/p><p><strong>5.\u00a0<a href=\"http:\/\/lattes.cnpq.br\/1328636429170392\" target=\"_blank\" rel=\"noopener\">Elicarlos Davi Duarte Albino<\/a><\/strong><br \/>Disserta\u00e7\u00e3o:\u00a0<a href=\"https:\/\/sucupira-legado.capes.gov.br\/sucupira\/public\/consultas\/coleta\/trabalhoConclusao\/viewTrabalhoConclusao.jsf?popup=true&amp;id_trabalho=13903815\" target=\"_blank\" rel=\"noopener\">A CIDADE \u00c9 UM POEMA: A L\u00cdRICA URBANA EM CHARLES BUKOWSKI<\/a><br \/>Orientador: Prof. Dr. Alexandre Bezerra Alves<\/p><p><strong>6.\u00a0<a href=\"http:\/\/lattes.cnpq.br\/7077012682373830\" target=\"_blank\" rel=\"noopener\">Isaias Medeiros do Nascimento<\/a><\/strong><br \/>Disserta\u00e7\u00e3o: <a href=\"https:\/\/sucupira-legado.capes.gov.br\/sucupira\/public\/consultas\/coleta\/trabalhoConclusao\/viewTrabalhoConclusao.jsf?popup=true&amp;id_trabalho=15130816\" target=\"_blank\" rel=\"noopener\">A ICONOGRAFIA E AS PALAVRAS NO DI\u00c1RIO NEOBARROCO DE FRIDA KAHLO: OS FRACTAIS INTIMISTAS DA ARTISTA REVOLUCION\u00c1RIA<\/a><br \/>Orientadora: Profa. Dra. Leila Maria de Ara\u00fajo Tabosa<\/p><p><strong>7.\u00a0<a href=\"http:\/\/lattes.cnpq.br\/7696327425853296\" target=\"_blank\" rel=\"noopener\">Nayara Maranthya da Concei\u00e7\u00e3o Gurgel<\/a><\/strong><br \/>Disserta\u00e7\u00e3o: <a href=\"https:\/\/sucupira-legado.capes.gov.br\/sucupira\/public\/consultas\/coleta\/trabalhoConclusao\/viewTrabalhoConclusao.jsf?popup=true&amp;id_trabalho=15133582\" target=\"_blank\" rel=\"noopener\">A MODERNIDADE BARROCA DE GREG\u00d3RIO DE MATOS: A L\u00cdRICA SAT\u00cdRICA COMO DEN\u00daNCIA POL\u00cdTICA<\/a><br \/>Orientadora: Profa. Dra. Leila Maria de Ara\u00fajo Tabosa<\/p><p><strong>8.\u00a0<a href=\"http:\/\/lattes.cnpq.br\/6206840937000384\" target=\"_blank\" rel=\"noopener\">Paulo Ricardo Fernandes Rocha<\/a><\/strong><br \/>Disserta\u00e7\u00e3o: <a href=\"https:\/\/sucupira-legado.capes.gov.br\/sucupira\/public\/consultas\/coleta\/trabalhoConclusao\/viewTrabalhoConclusao.jsf?popup=true&amp;id_trabalho=15142319\" target=\"_blank\" rel=\"noopener\">A M\u00c1QUINA E A POESIA MODERNA EM JORGE FERNANDES<\/a><br \/>Orientador: Prof. Dr. Alexandre Bezerra Alves<\/p><p><strong>9.\u00a0<a href=\"http:\/\/lattes.cnpq.br\/3597057405565865\" target=\"_blank\" rel=\"noopener\">Renata Maria Ara\u00fajo Silva<\/a><\/strong><br \/>Disserta\u00e7\u00e3o:\u00a0<a href=\"https:\/\/sucupira-legado.capes.gov.br\/sucupira\/public\/consultas\/coleta\/trabalhoConclusao\/viewTrabalhoConclusao.jsf?popup=true&amp;id_trabalho=13855556\" target=\"_blank\" rel=\"noopener\">UMA AN\u00c1LISE DA DECOLONIALIDADE NA LITERATURA AFRO-BRASILEIRA DE GENI MARIANO GUIMAR\u00c3ES NA OBRA A COR DA TERNURA<\/a><br \/>Orientador: Prof. Dr. Sebasti\u00e3o Marques Cardoso<\/p><p><strong>10.\u00a0<a href=\"http:\/\/lattes.cnpq.br\/1276435815873927\" target=\"_blank\" rel=\"noopener\">S\u00e1vio de Souza Carlos<\/a><\/strong><br \/>Disserta\u00e7\u00e3o: <a href=\"https:\/\/sucupira-legado.capes.gov.br\/sucupira\/public\/consultas\/coleta\/trabalhoConclusao\/viewTrabalhoConclusao.jsf?popup=true&amp;id_trabalho=15138963\" target=\"_blank\" rel=\"noopener\">ENTRE A ALTERIDADE E O MEDO: UM ESTUDO DE DOIS CONTOS DE TUTAM\u00c9IA: TERCEIRAS EST\u00d3RIAS DE JO\u00c3O GUIMAR\u00c3ES ROSA<\/a><br \/>Orientadora: Profa. Dra. Antonia Marly Moura da Silva<\/p><p><strong>11.\u00a0<span style=\"color: #0070ba;\"><a style=\"color: #0070ba;\" href=\"http:\/\/lattes.cnpq.br\/7106589556812432\" target=\"_blank\" rel=\"noopener\">S\u00e9rgio dos Santos Silva<\/a><\/span><\/strong><br \/>Disserta\u00e7\u00e3o:\u00a0<a href=\"https:\/\/sucupira-legado.capes.gov.br\/sucupira\/public\/consultas\/coleta\/trabalhoConclusao\/viewTrabalhoConclusao.jsf?popup=true&amp;id_trabalho=14149111\" target=\"_blank\" rel=\"noopener\">LUC\u00cdOLA E CAETANA: DUAS CORTES\u00c3S E UMA CONDUTA SOCIAL<\/a><br \/>Orientadora: Profa. Dra. Maria Edileuza da Costa<\/p><\/div>\t\t\t\t\t\t\t\t<\/div>\n\t\t\t\t<\/div>\n\t\t\t\t\t<\/div>\n\t\t\t\t<\/div>\n\t\t\t\t<\/div>\n\t\t","protected":false},"excerpt":{"rendered":"<p>Turma 2021 Linha de Pesquisa 1: Estrutura e Funcionamento da Linguagem 1.\u00a0Aleide Josse Rodrigues Ataide CostaDisserta\u00e7\u00e3o: AN\u00c1LISE SOCIOLINGU\u00cdSTICA DO FEN\u00d4MENO DA GLOTALIZA\u00c7\u00c3O NA FALA DOS RIBEIRINHOS DE BURITI-MAOrientador: Prof. Dr. Cid Ivan da Costa Carvalho 2.\u00a0Antonia Jackcioneide Oliveira da SilvaDisserta\u00e7\u00e3o:Orientador: Prof. Dr. Mois\u00e9s Batista da Silva 3.\u00a0Antonia Monaiza da SilvaDisserta\u00e7\u00e3o:\u00a0A CORTESIA VERBAL EM L\u00cdNGUA ESPANHOLA: [&hellip;]<\/p>\n","protected":false},"author":5,"featured_media":0,"parent":0,"menu_order":0,"comment_status":"closed","ping_status":"closed","template":"","meta":{"site-sidebar-layout":"no-sidebar","site-content-layout":"page-builder","ast-site-content-layout":"full-width-container","site-content-style":"default","site-sidebar-style":"default","ast-global-header-display":"","ast-banner-title-visibility":"","ast-main-header-display":"","ast-hfb-above-header-display":"","ast-hfb-below-header-display":"","ast-hfb-mobile-header-display":"","site-post-title":"disabled","ast-breadcrumbs-content":"","ast-featured-img":"disabled","footer-sml-layout":"","theme-transparent-header-meta":"","adv-header-id-meta":"","stick-header-meta":"","header-above-stick-meta":"","header-main-stick-meta":"","header-below-stick-meta":"","astra-migrate-meta-layouts":"set","ast-page-background-enabled":"default","ast-page-background-meta":{"desktop":{"background-color":"var(--ast-global-color-4)","background-image":"","background-repeat":"repeat","background-position":"center center","background-size":"auto","background-attachment":"scroll","background-type":"","background-media":"","overlay-type":"","overlay-color":"","overlay-opacity":"","overlay-gradient":""},"tablet":{"background-color":"","background-image":"","background-repeat":"repeat","background-position":"center center","background-size":"auto","background-attachment":"scroll","background-type":"","background-media":"","overlay-type":"","overlay-color":"","overlay-opacity":"","overlay-gradient":""},"mobile":{"background-color":"","background-image":"","background-repeat":"repeat","background-position":"center center","background-size":"auto","background-attachment":"scroll","background-type":"","background-media":"","overlay-type":"","overlay-color":"","overlay-opacity":"","overlay-gradient":""}},"ast-content-background-meta":{"desktop":{"background-color":"var(--ast-global-color-5)","background-image":"","background-repeat":"repeat","background-position":"center center","background-size":"auto","background-attachment":"scroll","background-type":"","background-media":"","overlay-type":"","overlay-color":"","overlay-opacity":"","overlay-gradient":""},"tablet":{"background-color":"var(--ast-global-color-5)","background-image":"","background-repeat":"repeat","background-position":"center center","background-size":"auto","background-attachment":"scroll","background-type":"","background-media":"","overlay-type":"","overlay-color":"","overlay-opacity":"","overlay-gradient":""},"mobile":{"background-color":"var(--ast-global-color-5)","background-image":"","background-repeat":"repeat","background-position":"center center","background-size":"auto","background-attachment":"scroll","background-type":"","background-media":"","overlay-type":"","overlay-color":"","overlay-opacity":"","overlay-gradient":""}},"footnotes":""},"class_list":["post-2236","page","type-page","status-publish","hentry"],"_links":{"self":[{"href":"http:\/\/ppcl.uern.br\/index.php?rest_route=\/wp\/v2\/pages\/2236","targetHints":{"allow":["GET"]}}],"collection":[{"href":"http:\/\/ppcl.uern.br\/index.php?rest_route=\/wp\/v2\/pages"}],"about":[{"href":"http:\/\/ppcl.uern.br\/index.php?rest_route=\/wp\/v2\/types\/page"}],"author":[{"embeddable":true,"href":"http:\/\/ppcl.uern.br\/index.php?rest_route=\/wp\/v2\/users\/5"}],"replies":[{"embeddable":true,"href":"http:\/\/ppcl.uern.br\/index.php?rest_route=%2Fwp%2Fv2%2Fcomments&post=2236"}],"version-history":[{"count":64,"href":"http:\/\/ppcl.uern.br\/index.php?rest_route=\/wp\/v2\/pages\/2236\/revisions"}],"predecessor-version":[{"id":3622,"href":"http:\/\/ppcl.uern.br\/index.php?rest_route=\/wp\/v2\/pages\/2236\/revisions\/3622"}],"wp:attachment":[{"href":"http:\/\/ppcl.uern.br\/index.php?rest_route=%2Fwp%2Fv2%2Fmedia&parent=2236"}],"curies":[{"name":"wp","href":"https:\/\/api.w.org\/{rel}","templated":true}]}}