{"id":2231,"date":"2024-06-13T14:30:50","date_gmt":"2024-06-13T17:30:50","guid":{"rendered":"http:\/\/ppcl.uern.br\/?page_id=2231"},"modified":"2024-11-22T13:12:25","modified_gmt":"2024-11-22T16:12:25","slug":"turma-2020","status":"publish","type":"page","link":"http:\/\/ppcl.uern.br\/?page_id=2231","title":{"rendered":"Turma 2020"},"content":{"rendered":"\t\t<div data-elementor-type=\"wp-page\" data-elementor-id=\"2231\" class=\"elementor elementor-2231\" data-elementor-post-type=\"page\">\n\t\t\t\t<div class=\"elementor-element elementor-element-7d1628e e-flex e-con-boxed e-con e-parent\" data-id=\"7d1628e\" data-element_type=\"container\">\n\t\t\t\t\t<div class=\"e-con-inner\">\n\t\t\t\t<div class=\"elementor-element elementor-element-a5f6389 elementor-widget elementor-widget-heading\" data-id=\"a5f6389\" data-element_type=\"widget\" data-widget_type=\"heading.default\">\n\t\t\t\t<div class=\"elementor-widget-container\">\n\t\t\t\t\t<h2 class=\"elementor-heading-title elementor-size-default\">Turma 2020<\/h2>\t\t\t\t<\/div>\n\t\t\t\t<\/div>\n\t\t\t\t\t<\/div>\n\t\t\t\t<\/div>\n\t\t<div class=\"elementor-element elementor-element-fdb67de e-flex e-con-boxed e-con e-parent\" data-id=\"fdb67de\" data-element_type=\"container\">\n\t\t\t\t\t<div class=\"e-con-inner\">\n\t\t\t\t<div class=\"elementor-element elementor-element-b6fa981 elementor-widget elementor-widget-text-editor\" data-id=\"b6fa981\" data-element_type=\"widget\" data-widget_type=\"text-editor.default\">\n\t\t\t\t<div class=\"elementor-widget-container\">\n\t\t\t\t\t\t\t\t\t<table border=\"0\"><tbody><tr><td><strong>Linha de Pesquisa 1: Estrutura e Funcionamento da Linguagem<\/strong><\/td><\/tr><\/tbody><\/table><p><strong>\u00a0<\/strong><a href=\"http:\/\/lattes.cnpq.br\/4592911540148012\" target=\"_blank\" rel=\"noopener\"><strong>1. Emanuele Rayane de Medeiros<\/strong><\/a><br \/>Disserta\u00e7\u00e3o:\u00a0<a href=\"https:\/\/sucupira-legado.capes.gov.br\/sucupira\/public\/consultas\/coleta\/trabalhoConclusao\/viewTrabalhoConclusao.jsf?popup=true&amp;id_trabalho=13516581\" target=\"_blank\" rel=\"noopener\">AS FUN\u00c7\u00d5ES COGNITIVO-DISCURSIVAS DAS AN\u00c1FORAS INDIRETAS NA INTRODU\u00c7\u00c3O DE ARTIGOS CIENT\u00cdFICOS DE REVISTAS COM QUALIS A<\/a><br \/>Orientadora: Profa. Dra. Jammara Oliveira Vasconcelos de S\u00e1<\/p><p><a href=\"http:\/\/lattes.cnpq.br\/9315581833539650\" target=\"_blank\" rel=\"noopener\"><strong>2. Francisco C\u00e9sar de Souza<\/strong><\/a><br \/>Disserta\u00e7\u00e3o: <a href=\"https:\/\/sucupira-legado.capes.gov.br\/sucupira\/public\/consultas\/coleta\/trabalhoConclusao\/viewTrabalhoConclusao.jsf?popup=true&amp;id_trabalho=15182887\" target=\"_blank\" rel=\"noopener\">AN\u00c1LISE LONGITUDINAL DA CONSOANTE LATERAL l POR APRENDIZES BRASILEIROS DE INGL\u00caS L\u00cdNGUA ADICIONAL<\/a><br \/>\u00a0Orientador: Prof. Dr. Clerton Luiz Felix Barboza<\/p><p><a href=\"http:\/\/lattes.cnpq.br\/5036487338189445\" target=\"_blank\" rel=\"noopener\"><strong>3. Glenia Ellen Soares Costa<\/strong><\/a><br \/>Disserta\u00e7\u00e3o:\u00a0<a href=\"https:\/\/sucupira-legado.capes.gov.br\/sucupira\/public\/consultas\/coleta\/trabalhoConclusao\/viewTrabalhoConclusao.jsf?popup=true&amp;id_trabalho=13517104\" target=\"_blank\" rel=\"noopener\">O PROCESSO REFERENCIAL DA D\u00caIXIS DE PESSOA EM AN\u00daNCIOS PUBLICIT\u00c1RIOS NO INSTAGRAM<\/a><\/p><p>Orientadora: Profa. Dra. Jammara Oliveira Vasconcelos de S\u00e1<\/p><p><a href=\"http:\/\/lattes.cnpq.br\/8910263987881930\" target=\"_blank\" rel=\"noopener\"><strong>4. \u00cdtala Carvalho Lima<\/strong><\/a><br \/>Disserta\u00e7\u00e3o:\u00a0<a href=\"https:\/\/sucupira-legado.capes.gov.br\/sucupira\/public\/consultas\/coleta\/trabalhoConclusao\/viewTrabalhoConclusao.jsf?popup=true&amp;id_trabalho=13425001\" target=\"_blank\" rel=\"noopener\">AN\u00c1LISE COMPARATIVA DOS CONTORNOS ENTOACIONAIS DE TAG QUESTIONS DO PORTUGU\u00caS BRASILEIRO E INGL\u00caS L\u00cdNGUA ADICIONAL<\/a><br \/>Orientador: Prof. Dr. Clerton Luiz Felix Barboza<\/p><p><a href=\"http:\/\/lattes.cnpq.br\/7892530317594746\" target=\"_blank\" rel=\"noopener\"><strong>5. Maria Gad\u00ealha da Silva<\/strong><\/a><br \/>Disserta\u00e7\u00e3o:\u00a0<a href=\"https:\/\/sucupira-legado.capes.gov.br\/sucupira\/public\/consultas\/coleta\/trabalhoConclusao\/viewTrabalhoConclusao.jsf?popup=true&amp;id_trabalho=12839254\" target=\"_blank\" rel=\"noopener\">AN\u00c1LISE AC\u00daSTICA DA PRODU\u00c7\u00c3O DO MORFEMA \u2013ED POR APRENDIZES DE INGL\u00caS L\u00cdNGUA ADICIONAL: UMA PERSPECTIVA COMPLEXA DA LINGUAGEM<\/a><br \/>Orientador: Prof. Dr. Clerton Luiz Felix Barboza<\/p><p><a href=\"http:\/\/lattes.cnpq.br\/7040369469104436\" target=\"_blank\" rel=\"noopener\"><strong>6. Maria Roberta Pereira Nelo<\/strong><\/a><br \/>Disserta\u00e7\u00e3o:\u00a0<a href=\"https:\/\/sucupira-legado.capes.gov.br\/sucupira\/public\/consultas\/coleta\/trabalhoConclusao\/viewTrabalhoConclusao.jsf?popup=true&amp;id_trabalho=13791305\" target=\"_blank\" rel=\"noopener\">A ironia em debates pol\u00edticos midi\u00e1ticos da Espanha: uma an\u00e1lise sob a \u00f3tica da Pragm\u00e1tica Sociocultural<\/a><br \/>Orientador: Prof. Dr. Pedro Adri\u00e3o da Silva J\u00fanior<\/p><p><a href=\"http:\/\/lattes.cnpq.br\/3236622268212861\" target=\"_blank\" rel=\"noopener\"><strong>7. M\u00e9rcia Suyane Vieira Mendon\u00e7a<\/strong><\/a><br \/>Disserta\u00e7\u00e3o:\u00a0<a href=\"https:\/\/sucupira-legado.capes.gov.br\/sucupira\/public\/consultas\/coleta\/trabalhoConclusao\/viewTrabalhoConclusao.jsf?popup=true&amp;id_trabalho=13805605\" target=\"_blank\" rel=\"noopener\">ORA\u00c7\u00c3O SUBORDINADA SUBSTANTIVA SUBJETIVA \u00c0 LUZ DO FUNCIONALISMO: UMA PERSPECTIVA PARA O ENSINO GRAMATICAL NA CONSTRU\u00c7\u00c3O DO TEXTO<\/a><br \/>Orientador: Prof. Dr. Gilson Chicon Alves<\/p><table border=\"0\"><tbody><tr><td><strong>Linha de Pesquisa 2: Linguagens e Pr\u00e1ticas Sociais<br \/><\/strong><\/td><\/tr><\/tbody><\/table><p><strong>\u00a0<\/strong><a href=\"http:\/\/lattes.cnpq.br\/4714803034452852\" target=\"_blank\" rel=\"noopener\"><strong>1. Amanda Priscila Garcia Gomes Diniz<\/strong><\/a><br \/>Disserta\u00e7\u00e3o:\u00a0<a href=\"https:\/\/sucupira-legado.capes.gov.br\/sucupira\/public\/consultas\/coleta\/trabalhoConclusao\/viewTrabalhoConclusao.jsf?popup=true&amp;id_trabalho=13834719\" target=\"_blank\" rel=\"noopener\">Married e Marriage: o casamento em Pride and Prejudice sob a \u00f3tica da Lingu\u00edstica de Corpus<\/a><br \/>Orientador: Prof. Dr. Nilson Roberto Barros da Silva<\/p><p><a href=\"http:\/\/lattes.cnpq.br\/3243847007267302\" target=\"_blank\" rel=\"noopener\"><strong>2. Anderson Sales da Silva<\/strong><\/a><br \/>Disserta\u00e7\u00e3o:\u00a0<a href=\"https:\/\/sucupira-legado.capes.gov.br\/sucupira\/public\/consultas\/coleta\/trabalhoConclusao\/viewTrabalhoConclusao.jsf?popup=true&amp;id_trabalho=13832463\" target=\"_blank\" rel=\"noopener\">DISCURSO, SABER E PODER: A CONSTITUI\u00c7\u00c3O \u00c9TICA DO SUJEITO NEGRO EM PERFIS DO INSTAGRAM<\/a><br \/>Orientadora: Profa. Dra. L\u00facia Helena Medeiros da Cunha Tavares<\/p><p><a href=\"http:\/\/lattes.cnpq.br\/0631750155671672\" target=\"_blank\" rel=\"noopener\"><strong>3. D\u00e9bora Brenda Teixeira Silva<\/strong><\/a><br \/>Disserta\u00e7\u00e3o:\u00a0<a href=\"https:\/\/sucupira-legado.capes.gov.br\/sucupira\/public\/consultas\/coleta\/trabalhoConclusao\/viewTrabalhoConclusao.jsf?popup=true&amp;id_trabalho=12414905\" target=\"_blank\" rel=\"noopener\">RACISMO NO BRASIL: AN\u00c1LISE DE DISCURSO CR\u00cdTICA DOS TU\u00cdTES DE JAIR BOLSONARO<\/a><br \/>Orientador: Prof. Dr. Jos\u00e9 Roberto Alves Barbosa<\/p><p><a href=\"http:\/\/lattes.cnpq.br\/5270831592064321\" target=\"_blank\" rel=\"noopener\"><strong>4. Deymison Iago Cortez da Silva<\/strong><\/a><br \/>Disserta\u00e7\u00e3o:\u00a0<a href=\"https:\/\/sucupira-legado.capes.gov.br\/sucupira\/public\/consultas\/coleta\/trabalhoConclusao\/viewTrabalhoConclusao.jsf?popup=true&amp;id_trabalho=13747726\" target=\"_blank\" rel=\"noopener\">DISCURSOS E PR\u00c1TICAS SOCIOEDUCATIVAS NO CASEP OESTE: EFEITOS DA DISCIPLINA E DO BIOPODER<\/a><br \/>Orientador: Prof. Dr. Francisco Paulo da Silva<\/p><p><a href=\"http:\/\/lattes.cnpq.br\/9959298950800416\" target=\"_blank\" rel=\"noopener\"><strong>5. Maria Geizi Silva Pinto<\/strong><\/a><br \/>Disserta\u00e7\u00e3o:\u00a0<a href=\"https:\/\/sucupira-legado.capes.gov.br\/sucupira\/public\/consultas\/coleta\/trabalhoConclusao\/viewTrabalhoConclusao.jsf?popup=true&amp;id_trabalho=11962666\" target=\"_blank\" rel=\"noopener\">O DISCURSO CONSUMISTA EM POSTS DE PERFIS DE CELEBRIDADES NO INSTAGRAM: UMA AN\u00c1LISE MULTIMODAL CR\u00cdTICA<\/a><br \/>Orientador: Prof. Dr. Jos\u00e9 Roberto Alves Barbosa<\/p><p><a href=\"http:\/\/lattes.cnpq.br\/9744922379654830\" target=\"_blank\" rel=\"noopener\"><strong>6. Monalisa Tavares Pereira da Silva<\/strong><\/a><br \/>Disserta\u00e7\u00e3o:<br \/>Orientadora: Profa. Dra. L\u00facia Helena Medeiros da Cunha Tavares<\/p><p><a href=\"http:\/\/lattes.cnpq.br\/8914480971316759\" target=\"_blank\" rel=\"noopener\"><strong>7. Natalyany Nunes Oliveira<\/strong><\/a><br \/>Disserta\u00e7\u00e3o:\u00a0<a href=\"https:\/\/sucupira-legado.capes.gov.br\/sucupira\/public\/consultas\/coleta\/trabalhoConclusao\/viewTrabalhoConclusao.jsf?popup=true&amp;id_trabalho=12842071\" target=\"_blank\" rel=\"noopener\">UM ESTUDO DA TRADU\u00c7\u00c3O DAS CARACTER\u00cdSTICAS PSICOL\u00d3GICAS DO PERSONSAGEM SHERLOCK HOLMES COM BASE EM LINGU\u00cdSTICA DE CORPUS<\/a><br \/>Orientador: Prof. Dr. Nilson Roberto Barros da Silva<\/p><p><a href=\"http:\/\/lattes.cnpq.br\/1810731894320344\" target=\"_blank\" rel=\"noopener\"><strong>8. Rafaela Cl\u00e1udia dos Santos<\/strong><\/a><br \/>Disserta\u00e7\u00e3o:\u00a0<a href=\"https:\/\/sucupira-legado.capes.gov.br\/sucupira\/public\/consultas\/coleta\/trabalhoConclusao\/viewTrabalhoConclusao.jsf?popup=true&amp;id_trabalho=12878665\" target=\"_blank\" rel=\"noopener\">ATAQUES \u00c0 EDUCA\u00c7\u00c3O E RESIST\u00caNCIA: A PRODU\u00c7\u00c3O DA VERDADE NO ESCOPO DA BALB\u00daRDIA<\/a><br \/>Orientador: Prof. Dr. Francisco Paulo da Silva<\/p><table border=\"0\"><tbody><tr><td><strong>Linha de Pesquisa 3: Literatura, Cultura e Representa\u00e7\u00e3o<\/strong><\/td><\/tr><\/tbody><\/table><p><strong>\u00a0<\/strong><strong><a href=\"http:\/\/lattes.cnpq.br\/6853785774648844\" target=\"_blank\" rel=\"noopener\">1. Ana Karulyne Lopes de Oliveira<\/a><br \/><\/strong>Disserta\u00e7\u00e3o:\u00a0<a href=\"https:\/\/sucupira-legado.capes.gov.br\/sucupira\/public\/consultas\/coleta\/trabalhoConclusao\/viewTrabalhoConclusao.jsf?popup=true&amp;id_trabalho=13846036\" target=\"_blank\" rel=\"noopener\">VIAGEM AO CORA\u00c7\u00c3O DAS TREVAS: REFLEX\u00d5ES P\u00d3S-COLONIAIS EM JOSEPH CONRAD<\/a><br \/>Orientador: Prof. Dr. Sebasti\u00e3o Marques Cardoso<\/p><p><strong><a href=\"http:\/\/lattes.cnpq.br\/9252801398460582\" target=\"_blank\" rel=\"noopener\">2. Andreza Mirley Feitoza de Morais<\/a><br \/><\/strong>Disserta\u00e7\u00e3o:\u00a0<a href=\"https:\/\/sucupira-legado.capes.gov.br\/sucupira\/public\/consultas\/coleta\/trabalhoConclusao\/viewTrabalhoConclusao.jsf?popup=true&amp;id_trabalho=13834864\" target=\"_blank\" rel=\"noopener\">CASA, IDENTIDADE E G\u00caNERO NA RUA MANGO: UMA LEITURA FEMINISTA CHICANA E DECOLONIAL<\/a><br \/>Orientador: Prof. Dr. Sebasti\u00e3o Marques Cardoso<\/p><p><strong><a href=\"http:\/\/lattes.cnpq.br\/2266649931965743\" target=\"_blank\" rel=\"noopener\">3. \u00c1quila Gomes de Souza<\/a><br \/><\/strong>Disserta\u00e7\u00e3o:\u00a0<a href=\"https:\/\/sucupira-legado.capes.gov.br\/sucupira\/public\/consultas\/coleta\/trabalhoConclusao\/viewTrabalhoConclusao.jsf?popup=true&amp;id_trabalho=13718306\" target=\"_blank\" rel=\"noopener\">A REPRESENTA\u00c7\u00c3O P\u00d3S-COLONIAL DAS IDENTIDADES ANGOLANAS EM PREDADORES, DE PEPETELA<\/a><br \/>Orientador: Prof. Dr. Sebasti\u00e3o Marques Cardoso<\/p><p><strong><a href=\"http:\/\/lattes.cnpq.br\/4461150311343206\">4. B\u00e1rbara Luiza Alves Rubio<\/a><br \/><\/strong>Disserta\u00e7\u00e3o:\u00a0<a href=\"https:\/\/sucupira-legado.capes.gov.br\/sucupira\/public\/consultas\/coleta\/trabalhoConclusao\/viewTrabalhoConclusao.jsf?popup=true&amp;id_trabalho=12824222\" target=\"_blank\" rel=\"noopener\">INQUIETA URBE MARGINAL: A CIDADE NA POESIA DE PAULO LEMINSKI<\/a><br \/>Orientador: Prof. Dr. Alexandre Bezerra Alves<\/p><p><strong><a href=\"http:\/\/lattes.cnpq.br\/9872037081151736\" target=\"_blank\" rel=\"noopener\">5. Camila Kayssa Targino Dutra<\/a><br \/><\/strong>Disserta\u00e7\u00e3o:\u00a0<a href=\"https:\/\/sucupira-legado.capes.gov.br\/sucupira\/public\/consultas\/coleta\/trabalhoConclusao\/viewTrabalhoConclusao.jsf?popup=true&amp;id_trabalho=13426741\" target=\"_blank\" rel=\"noopener\">ANNE RICE NO CINEMA: O G\u00d3TICO FEMININO E A TRADU\u00c7\u00c3O DE CL\u00c1UDIA, DE ENTREVISTA COM O VAMPIRO<\/a><br \/>Orientador: Prof. Dr. Em\u00edlio Soares Ribeiro<\/p><p><strong><a href=\"http:\/\/lattes.cnpq.br\/1567354607346144\" target=\"_blank\" rel=\"noopener\">6. Inecila Maria de Souza Ferreira<\/a><br \/><\/strong>Disserta\u00e7\u00e3o:\u00a0<a href=\"https:\/\/sucupira-legado.capes.gov.br\/sucupira\/public\/consultas\/coleta\/trabalhoConclusao\/viewTrabalhoConclusao.jsf?popup=true&amp;id_trabalho=12824498\" target=\"_blank\" rel=\"noopener\">FACES DA URBE: A CIDADE DE NATAL EM ROSEIRA BRAVA, DE PALMYRA WANDERLEY<\/a><br \/>Orientador: Prof. Dr. Alexandre Bezerra Alves<\/p><p><strong><a href=\"http:\/\/lattes.cnpq.br\/8376183541120645\" target=\"_blank\" rel=\"noopener\">7. Lara Marques de Oliveira<\/a><br \/><\/strong>Disserta\u00e7\u00e3o:\u00a0<a href=\"https:\/\/sucupira-legado.capes.gov.br\/sucupira\/public\/consultas\/coleta\/trabalhoConclusao\/viewTrabalhoConclusao.jsf?popup=true&amp;id_trabalho=12835736\" target=\"_blank\" rel=\"noopener\">CORA\u00c7\u00c3O CITADINO: A URBE NA POESIA DE CARLOS DRUMMOND DE ANDRADE<\/a><br \/>Orientador: Prof. Dr. Alexandre Bezerra Alves<\/p><p><strong><a href=\"http:\/\/lattes.cnpq.br\/4876130777889850\" target=\"_blank\" rel=\"noopener\">8. Lucas Sales Barbosa<\/a><br \/><\/strong>Disserta\u00e7\u00e3o:\u00a0<a href=\"https:\/\/sucupira-legado.capes.gov.br\/sucupira\/public\/consultas\/coleta\/trabalhoConclusao\/viewTrabalhoConclusao.jsf?popup=true&amp;id_trabalho=13088744\" target=\"_blank\" rel=\"noopener\">A Tradu\u00e7\u00e3o do Incognosc\u00edvel e do Medo C\u00f3smico de &#8220;A Cor que Caiu do C\u00e9u&#8221; para o Cinema do S\u00e9culo XXI<\/a><br \/>Orientador: Prof. Dr. Em\u00edlio Soares Ribeiro<\/p>\t\t\t\t\t\t\t\t<\/div>\n\t\t\t\t<\/div>\n\t\t\t\t\t<\/div>\n\t\t\t\t<\/div>\n\t\t\t\t<\/div>\n\t\t","protected":false},"excerpt":{"rendered":"<p>Turma 2020 Linha de Pesquisa 1: Estrutura e Funcionamento da Linguagem \u00a01. Emanuele Rayane de MedeirosDisserta\u00e7\u00e3o:\u00a0AS FUN\u00c7\u00d5ES COGNITIVO-DISCURSIVAS DAS AN\u00c1FORAS INDIRETAS NA INTRODU\u00c7\u00c3O DE ARTIGOS CIENT\u00cdFICOS DE REVISTAS COM QUALIS AOrientadora: Profa. Dra. Jammara Oliveira Vasconcelos de S\u00e1 2. Francisco C\u00e9sar de SouzaDisserta\u00e7\u00e3o: AN\u00c1LISE LONGITUDINAL DA CONSOANTE LATERAL l POR APRENDIZES BRASILEIROS DE INGL\u00caS L\u00cdNGUA [&hellip;]<\/p>\n","protected":false},"author":5,"featured_media":0,"parent":0,"menu_order":0,"comment_status":"closed","ping_status":"closed","template":"","meta":{"site-sidebar-layout":"no-sidebar","site-content-layout":"page-builder","ast-site-content-layout":"full-width-container","site-content-style":"default","site-sidebar-style":"default","ast-global-header-display":"","ast-banner-title-visibility":"","ast-main-header-display":"","ast-hfb-above-header-display":"","ast-hfb-below-header-display":"","ast-hfb-mobile-header-display":"","site-post-title":"disabled","ast-breadcrumbs-content":"","ast-featured-img":"disabled","footer-sml-layout":"","theme-transparent-header-meta":"","adv-header-id-meta":"","stick-header-meta":"","header-above-stick-meta":"","header-main-stick-meta":"","header-below-stick-meta":"","astra-migrate-meta-layouts":"set","ast-page-background-enabled":"default","ast-page-background-meta":{"desktop":{"background-color":"var(--ast-global-color-4)","background-image":"","background-repeat":"repeat","background-position":"center center","background-size":"auto","background-attachment":"scroll","background-type":"","background-media":"","overlay-type":"","overlay-color":"","overlay-opacity":"","overlay-gradient":""},"tablet":{"background-color":"","background-image":"","background-repeat":"repeat","background-position":"center center","background-size":"auto","background-attachment":"scroll","background-type":"","background-media":"","overlay-type":"","overlay-color":"","overlay-opacity":"","overlay-gradient":""},"mobile":{"background-color":"","background-image":"","background-repeat":"repeat","background-position":"center center","background-size":"auto","background-attachment":"scroll","background-type":"","background-media":"","overlay-type":"","overlay-color":"","overlay-opacity":"","overlay-gradient":""}},"ast-content-background-meta":{"desktop":{"background-color":"var(--ast-global-color-5)","background-image":"","background-repeat":"repeat","background-position":"center center","background-size":"auto","background-attachment":"scroll","background-type":"","background-media":"","overlay-type":"","overlay-color":"","overlay-opacity":"","overlay-gradient":""},"tablet":{"background-color":"var(--ast-global-color-5)","background-image":"","background-repeat":"repeat","background-position":"center center","background-size":"auto","background-attachment":"scroll","background-type":"","background-media":"","overlay-type":"","overlay-color":"","overlay-opacity":"","overlay-gradient":""},"mobile":{"background-color":"var(--ast-global-color-5)","background-image":"","background-repeat":"repeat","background-position":"center center","background-size":"auto","background-attachment":"scroll","background-type":"","background-media":"","overlay-type":"","overlay-color":"","overlay-opacity":"","overlay-gradient":""}},"footnotes":""},"class_list":["post-2231","page","type-page","status-publish","hentry"],"_links":{"self":[{"href":"http:\/\/ppcl.uern.br\/index.php?rest_route=\/wp\/v2\/pages\/2231","targetHints":{"allow":["GET"]}}],"collection":[{"href":"http:\/\/ppcl.uern.br\/index.php?rest_route=\/wp\/v2\/pages"}],"about":[{"href":"http:\/\/ppcl.uern.br\/index.php?rest_route=\/wp\/v2\/types\/page"}],"author":[{"embeddable":true,"href":"http:\/\/ppcl.uern.br\/index.php?rest_route=\/wp\/v2\/users\/5"}],"replies":[{"embeddable":true,"href":"http:\/\/ppcl.uern.br\/index.php?rest_route=%2Fwp%2Fv2%2Fcomments&post=2231"}],"version-history":[{"count":13,"href":"http:\/\/ppcl.uern.br\/index.php?rest_route=\/wp\/v2\/pages\/2231\/revisions"}],"predecessor-version":[{"id":3097,"href":"http:\/\/ppcl.uern.br\/index.php?rest_route=\/wp\/v2\/pages\/2231\/revisions\/3097"}],"wp:attachment":[{"href":"http:\/\/ppcl.uern.br\/index.php?rest_route=%2Fwp%2Fv2%2Fmedia&parent=2231"}],"curies":[{"name":"wp","href":"https:\/\/api.w.org\/{rel}","templated":true}]}}