{"id":2226,"date":"2024-06-13T14:29:17","date_gmt":"2024-06-13T17:29:17","guid":{"rendered":"http:\/\/ppcl.uern.br\/?page_id=2226"},"modified":"2024-11-22T12:55:59","modified_gmt":"2024-11-22T15:55:59","slug":"turma-2019","status":"publish","type":"page","link":"http:\/\/ppcl.uern.br\/?page_id=2226","title":{"rendered":"Turma 2019"},"content":{"rendered":"\t\t<div data-elementor-type=\"wp-page\" data-elementor-id=\"2226\" class=\"elementor elementor-2226\" data-elementor-post-type=\"page\">\n\t\t\t\t<div class=\"elementor-element elementor-element-c06b32a e-flex e-con-boxed e-con e-parent\" data-id=\"c06b32a\" data-element_type=\"container\">\n\t\t\t\t\t<div class=\"e-con-inner\">\n\t\t\t\t<div class=\"elementor-element elementor-element-9432f4d elementor-widget elementor-widget-heading\" data-id=\"9432f4d\" data-element_type=\"widget\" data-widget_type=\"heading.default\">\n\t\t\t\t<div class=\"elementor-widget-container\">\n\t\t\t\t\t<h2 class=\"elementor-heading-title elementor-size-default\">Turma 2019<\/h2>\t\t\t\t<\/div>\n\t\t\t\t<\/div>\n\t\t\t\t\t<\/div>\n\t\t\t\t<\/div>\n\t\t<div class=\"elementor-element elementor-element-4606b65 e-flex e-con-boxed e-con e-parent\" data-id=\"4606b65\" data-element_type=\"container\">\n\t\t\t\t\t<div class=\"e-con-inner\">\n\t\t\t\t<div class=\"elementor-element elementor-element-529d11b elementor-widget elementor-widget-text-editor\" data-id=\"529d11b\" data-element_type=\"widget\" data-widget_type=\"text-editor.default\">\n\t\t\t\t<div class=\"elementor-widget-container\">\n\t\t\t\t\t\t\t\t\t<table border=\"0\"><tbody><tr><td><strong>Linha de Pesquisa 1: Estrutura e Funcionamento da Linguagem<\/strong><\/td><\/tr><\/tbody><\/table><p><a href=\"http:\/\/lattes.cnpq.br\/1340026372052937\" target=\"_blank\" rel=\"noopener\"><strong>1. Arianne Paula Ribeiro da Costa Rodrigues<\/strong><\/a><br \/>Disserta\u00e7\u00e3o:\u00a0<a href=\"https:\/\/sucupira-legado.capes.gov.br\/sucupira\/public\/consultas\/coleta\/trabalhoConclusao\/viewTrabalhoConclusao.jsf?popup=true&amp;id_trabalho=9509988\" target=\"_blank\" rel=\"noopener\">A MONOTONGA\u00c7\u00c3O NAS CONSTRU\u00c7\u00d5ES ORAIS DA VARIEDADE LINGU\u00cdSTICA POTIGUAR: UMA AN\u00c1LISE SOCIOLINGU\u00cdSTICA<\/a><br \/>Orientador: Prof. Dr. Cid Ivan da Costa Carvalho<\/p><p><a href=\"http:\/\/lattes.cnpq.br\/1922744158629453\" target=\"_blank\" rel=\"noopener\"><strong>2. Emanuelle Kelly Alves de Souza<\/strong><\/a><br \/>Disserta\u00e7\u00e3o: <a href=\"https:\/\/sucupira-legado.capes.gov.br\/sucupira\/public\/consultas\/coleta\/trabalhoConclusao\/viewTrabalhoConclusao.jsf?popup=true&amp;id_trabalho=11277912\" target=\"_blank\" rel=\"noopener\">AS AN\u00c1FORAS ENCAPSULADORAS E SUAS FUN\u00c7\u00d5ES DISCURSIVAS NO G\u00caNERO DISSERTATIVO-ARGUMENTATIVO: CONTRIBUI\u00c7\u00d5ES PARA A COES\u00c3O TEXTUAL<\/a><br \/>Orientadora: Profa. Dra. Jammara Oliveira Vasconcelos de S\u00e1<\/p><p><a href=\"http:\/\/lattes.cnpq.br\/6003268889921031\" target=\"_blank\" rel=\"noopener\"><strong>3<\/strong><strong>. Josielle Raquel Dantas da Silva<\/strong><\/a><br \/>Disserta\u00e7\u00e3o:\u00a0<a href=\"https:\/\/sucupira-legado.capes.gov.br\/sucupira\/public\/consultas\/coleta\/trabalhoConclusao\/viewTrabalhoConclusao.jsf?popup=true&amp;id_trabalho=11277900\" target=\"_blank\" rel=\"noopener\">AN\u00c1LISE MULTIMODAL E GEOSSEMI\u00d3TICA DOS ESPA\u00c7OS URBANOS P\u00daBLICOS E PRIVADOS DO CENTRO DA CIDADE DE MOSSOR\u00d3<\/a><br \/>Orientador: Prof. Dr. Moises Batista da Silva<\/p><p><strong><a href=\"http:\/\/lattes.cnpq.br\/6457599142144926\" target=\"_blank\" rel=\"noopener\">4. Larissa Ludiana Freitas Marques Maia<\/a><\/strong><br \/>Disserta\u00e7\u00e3o:\u00a0<a href=\"https:\/\/sucupira-legado.capes.gov.br\/sucupira\/public\/consultas\/coleta\/trabalhoConclusao\/viewTrabalhoConclusao.jsf?popup=true&amp;id_trabalho=11478731\" target=\"_blank\" rel=\"noopener\">G\u00d3TICO FEMININO E ALTERIDADE EM THE HANDMAID\u2019S TALE: O PAPEL SOCIAL DA MULHER NA TRADU\u00c7\u00c3O DO ROMANCE DE ATWOOD PARA A S\u00c9RIE TELEVISIVA<\/a><br \/>Orientador: Prof. Dr. Em\u00edlio Soares Ribeiro<\/p><p><a href=\"http:\/\/lattes.cnpq.br\/6087859462303539\" target=\"_blank\" rel=\"noopener\"><strong>5. Lucas Vin\u00edcius Martins Cunha<\/strong><\/a><br \/>Disserta\u00e7\u00e3o:\u00a0<a href=\"https:\/\/sucupira-legado.capes.gov.br\/sucupira\/public\/consultas\/coleta\/trabalhoConclusao\/viewTrabalhoConclusao.jsf?popup=true&amp;id_trabalho=11277903\" target=\"_blank\" rel=\"noopener\">O TEXTO NO CENTRO, A GRAM\u00c1TICA \u00c0 MARGEM: UMA CR\u00cdTICA \u00c0 PROPOSTA DA BNCC<\/a><br \/>Orientador: Prof. Dr. Gilson Chicon Alves<\/p><p><a href=\"http:\/\/lattes.cnpq.br\/4781301442819165\" target=\"_blank\" rel=\"noopener\"><strong>6. Mylani Nathalini Dantas Costa<\/strong><\/a><br \/>Disserta\u00e7\u00e3o:\u00a0<a href=\"https:\/\/sucupira-legado.capes.gov.br\/sucupira\/public\/consultas\/coleta\/trabalhoConclusao\/viewTrabalhoConclusao.jsf?popup=true&amp;id_trabalho=11277906\" target=\"_blank\" rel=\"noopener\">PADR\u00d5ES EMERGENTES DO VOT DAS OCLUSIVAS DESVOZEADAS NA INTERFONOLOGIA DO PORTUGU\u00caS BRASILEIRO &#8211; INGL\u00caS L\u00cdNGUA ADICIONAL<\/a><br \/>Orientador: Prof. Dr. Clerton Luiz F\u00e9lix Barboza<\/p><p><strong><a href=\"http:\/\/lattes.cnpq.br\/6901170782474121\" target=\"_blank\" rel=\"noopener\">7. Tainan Santana da Silva<\/a><\/strong><br \/>Disserta\u00e7\u00e3o:\u00a0<a href=\"https:\/\/sucupira-legado.capes.gov.br\/sucupira\/public\/consultas\/coleta\/trabalhoConclusao\/viewTrabalhoConclusao.jsf?popup=true&amp;id_trabalho=11479494\" target=\"_blank\" rel=\"noopener\">MULTIMODALIDADE E LETRAMENTO VISUAL NO ENEM: UMA AN\u00c1LISE DA ARTICULA\u00c7\u00c3O VERBO-IMAG\u00c9TICA NAS QUEST\u00d5ES DE L\u00cdNGUA PORTUGUESA<\/a><br \/>Orientador: Prof. Dr. Moises Batista da Silva<\/p><p><a href=\"http:\/\/lattes.cnpq.br\/6686116967696807\" target=\"_blank\" rel=\"noopener\"><strong>8. Tallys J\u00falio Souza Lima<\/strong><\/a><br \/>Disserta\u00e7\u00e3o: <a href=\"https:\/\/sucupira-legado.capes.gov.br\/sucupira\/public\/consultas\/coleta\/trabalhoConclusao\/viewTrabalhoConclusao.jsf?popup=true&amp;id_trabalho=11517411\" target=\"_blank\" rel=\"noopener\">ENTRE VARIA\u00c7\u00c3O, MUDAN\u00c7AS E TRADI\u00c7\u00d5ES: UM OLHAR \u00c0S FORMAS DE TRATAMENTO PRONOMINAL \u00c0 EXPRESS\u00c3O DE 2\u00aa PS (VOC\u00ca-TU) EM CARTAS SERTANEJAS DO SUBG\u00caNERO AMOR DA SEGUNDA METADE DO S\u00c9CULO XX<\/a><br \/>Orientador: Prof. Dr. Gilson Chicon Alves<\/p><p><a href=\"http:\/\/lattes.cnpq.br\/8238022919289410\" target=\"_blank\" rel=\"noopener\"><strong>9. Thayn\u00e1 Celina Rodrigues Ferreira<\/strong><\/a><br \/>Disserta\u00e7\u00e3o:\u00a0<a href=\"https:\/\/sucupira-legado.capes.gov.br\/sucupira\/public\/consultas\/coleta\/trabalhoConclusao\/viewTrabalhoConclusao.jsf?popup=true&amp;id_trabalho=11483840\" target=\"_blank\" rel=\"noopener\">VIOLA\u00c7\u00c3O DAS M\u00c1XIMAS DE GRICE: AN\u00c1LISE COMPARATIVA DOS G\u00caNEROS AN\u00daNCIO E AVISO DISPON\u00cdVEIS EM PLACAS P\u00daBLICAS<\/a><br \/>Orientador: Prof. Dr. Pedro Adri\u00e3o da Silva J\u00fanior<\/p><p><a href=\"http:\/\/lattes.cnpq.br\/2275909370659978\" target=\"_blank\" rel=\"noopener\"><strong>10. Yanch\u00ea Wanoll Silva<\/strong><\/a><br \/>Disserta\u00e7\u00e3o:\u00a0<a href=\"https:\/\/sucupira-legado.capes.gov.br\/sucupira\/public\/consultas\/coleta\/trabalhoConclusao\/viewTrabalhoConclusao.jsf?popup=true&amp;id_trabalho=11484621\" target=\"_blank\" rel=\"noopener\">AN\u00c1LISE DOS ATOS ILOCUCION\u00c1RIOS NA S\u00c9RIE YOU ATRAV\u00c9S DA GRAM\u00c1TICA DO DESIGN VISUAL<\/a><br \/>Orientador: Prof. Dr. Pedro Adri\u00e3o da Silva J\u00fanior<\/p><table border=\"0\"><tbody><tr><td><strong>Linha de Pesquisa 2: Linguagens e Pr\u00e1ticas Sociais<\/strong><\/td><\/tr><\/tbody><\/table><p><a href=\"http:\/\/lattes.cnpq.br\/1481045041573135\" target=\"_blank\" rel=\"noopener\"><strong>1. \u00c1lamo Francys Medeiros da Silva<\/strong><\/a><br \/>Disserta\u00e7\u00e3o:\u00a0<a href=\"https:\/\/sucupira-legado.capes.gov.br\/sucupira\/public\/consultas\/coleta\/trabalhoConclusao\/viewTrabalhoConclusao.jsf?popup=true&amp;id_trabalho=11474566\" target=\"_blank\" rel=\"noopener\">A REAFIRMA\u00c7\u00c3O DA MASCULINIDADE DOMINANTE: UMA AN\u00c1LISE DOS DISCURSOS DE POL\u00cdTICOS BRASILEIROS NA SOCIEDADE CONTEMPOR\u00c2NEA<\/a><br \/>Orientadora: Profa. Dra. Lucia Helena Medeiros da Cunha Tavares<\/p><p><strong><a href=\"http:\/\/lattes.cnpq.br\/3489030481315823\" target=\"_blank\" rel=\"noopener\">2. Ana Carolina da Silveira Costa Santiago<\/a><\/strong><br \/>Disserta\u00e7\u00e3o:\u00a0<a href=\"https:\/\/sucupira-legado.capes.gov.br\/sucupira\/public\/consultas\/coleta\/trabalhoConclusao\/viewTrabalhoConclusao.jsf?popup=true&amp;id_trabalho=11277887\" target=\"_blank\" rel=\"noopener\">\u201cO CASO DE RUTH\u201d E \u201cO JARDIM SELVAGEM\u201d: O G\u00d3TICO FEMININO NOS CONTOS DE J\u00daLIA LOPES DE ALMEIDA E LYGIA FAGUNDES TELLES<\/a><br \/>Orientadora: Profa. Dra. Antonia Marly Moura da Silva<\/p><p><a href=\"http:\/\/lattes.cnpq.br\/7153368314695924\" target=\"_blank\" rel=\"noopener\"><strong>3. Ana Caroline de Oliveira<\/strong><\/a><br \/>Disserta\u00e7\u00e3o:\u00a0<a href=\"https:\/\/sucupira-legado.capes.gov.br\/sucupira\/public\/consultas\/coleta\/trabalhoConclusao\/viewTrabalhoConclusao.jsf?popup=true&amp;id_trabalho=10837428\" target=\"_blank\" rel=\"noopener\">INTERTEXTUALIDADE NA CONSTRU\u00c7\u00c3O DO SENTIDO: UMA AN\u00c1LISE DESSE FEN\u00d4MENO EM POEMAS E CAN\u00c7\u00d5ES<\/a><br \/>Orientador: Prof. Dr. Josailton Fernandes de Mendon\u00e7a<\/p><p><strong><a href=\"http:\/\/lattes.cnpq.br\/6712442861852730\" target=\"_blank\" rel=\"noopener\">4. Aritania Alves Vieira<\/a><\/strong><br \/>Disserta\u00e7\u00e3o:\u00a0\u00a0<a href=\"https:\/\/sucupira-legado.capes.gov.br\/sucupira\/public\/consultas\/coleta\/trabalhoConclusao\/viewTrabalhoConclusao.jsf?popup=true&amp;id_trabalho=11277895\" target=\"_blank\" rel=\"noopener\">NOT\u00cdCIAS SOBRE O NEGRO NO WEBJORNALISMO BRASILEIRO: UMA AN\u00c1LISE DE DISCURSO CR\u00cdTICA<\/a><br \/>Orientador: Prof. Dr. Jos\u00e9 Roberto Alves Barbosa<\/p><p><a href=\"http:\/\/lattes.cnpq.br\/0386128464748522\" target=\"_blank\" rel=\"noopener\"><strong>5. Kalyn Kegia Cardoso Bezerra<\/strong><\/a><br \/>Disserta\u00e7\u00e3o:\u00a0<a href=\"https:\/\/sucupira-legado.capes.gov.br\/sucupira\/public\/consultas\/coleta\/trabalhoConclusao\/viewTrabalhoConclusao.jsf?popup=true&amp;id_trabalho=11517211\" target=\"_blank\" rel=\"noopener\">ESPA\u00c7OS REINVENTADOS: O LUGAR E O N\u00c3O LUGAR EM DOIS CONTOS DE S\u00c9RGIO SANT\u2019ANNA<\/a><br \/>Orientador: Prof. Dr. Alexandre Bezerra Alves<\/p><p><a href=\"http:\/\/lattes.cnpq.br\/1913007712664775\" target=\"_blank\" rel=\"noopener\"><strong>6. L\u00edvia Maria Pereira da Silva<\/strong><\/a><br \/>Disserta\u00e7\u00e3o:\u00a0<a href=\"https:\/\/sucupira-legado.capes.gov.br\/sucupira\/public\/consultas\/coleta\/trabalhoConclusao\/viewTrabalhoConclusao.jsf?popup=true&amp;id_trabalho=11473742\" target=\"_blank\" rel=\"noopener\">DA VIOL\u00caNCIA DOM\u00c9STICA AO FEMINIC\u00cdDIO: DISCURSOS, PR\u00c1TICAS E A RESIST\u00caNCIA DE MULHERES NA M\u00cdDIA DIGITAL<\/a><br \/>Orientadora: Profa. Dra. Lucia Helena Medeiros da Cunha Tavares<\/p><p><a href=\"http:\/\/lattes.cnpq.br\/2991464600637221\" target=\"_blank\" rel=\"noopener\"><strong>7. Pedro Victor do Vale Carlos<\/strong><\/a><br \/>Disserta\u00e7\u00e3o:\u00a0<a href=\"https:\/\/sucupira-legado.capes.gov.br\/sucupira\/public\/consultas\/coleta\/trabalhoConclusao\/viewTrabalhoConclusao.jsf?popup=true&amp;id_trabalho=10831035\" target=\"_blank\" rel=\"noopener\">O VENDEDOR DE PASSADOS: LITERATURA, IDENTIDADE E MEM\u00d3RIA NA ANGOLA P\u00d3S-COLONIAL DO ROMANCE DE JOS\u00c9 EDUARDO AGUALUSA<\/a><br \/>Orientador: Prof. Dr. Sebasti\u00e3o Marques Cardoso<\/p>\t\t\t\t\t\t\t\t<\/div>\n\t\t\t\t<\/div>\n\t\t\t\t\t<\/div>\n\t\t\t\t<\/div>\n\t\t\t\t<\/div>\n\t\t","protected":false},"excerpt":{"rendered":"<p>Turma 2019 Linha de Pesquisa 1: Estrutura e Funcionamento da Linguagem 1. Arianne Paula Ribeiro da Costa RodriguesDisserta\u00e7\u00e3o:\u00a0A MONOTONGA\u00c7\u00c3O NAS CONSTRU\u00c7\u00d5ES ORAIS DA VARIEDADE LINGU\u00cdSTICA POTIGUAR: UMA AN\u00c1LISE SOCIOLINGU\u00cdSTICAOrientador: Prof. Dr. Cid Ivan da Costa Carvalho 2. Emanuelle Kelly Alves de SouzaDisserta\u00e7\u00e3o: AS AN\u00c1FORAS ENCAPSULADORAS E SUAS FUN\u00c7\u00d5ES DISCURSIVAS NO G\u00caNERO DISSERTATIVO-ARGUMENTATIVO: CONTRIBUI\u00c7\u00d5ES PARA A [&hellip;]<\/p>\n","protected":false},"author":5,"featured_media":0,"parent":0,"menu_order":0,"comment_status":"closed","ping_status":"closed","template":"","meta":{"site-sidebar-layout":"no-sidebar","site-content-layout":"page-builder","ast-site-content-layout":"full-width-container","site-content-style":"default","site-sidebar-style":"default","ast-global-header-display":"","ast-banner-title-visibility":"","ast-main-header-display":"","ast-hfb-above-header-display":"","ast-hfb-below-header-display":"","ast-hfb-mobile-header-display":"","site-post-title":"disabled","ast-breadcrumbs-content":"","ast-featured-img":"disabled","footer-sml-layout":"","theme-transparent-header-meta":"","adv-header-id-meta":"","stick-header-meta":"","header-above-stick-meta":"","header-main-stick-meta":"","header-below-stick-meta":"","astra-migrate-meta-layouts":"set","ast-page-background-enabled":"default","ast-page-background-meta":{"desktop":{"background-color":"var(--ast-global-color-4)","background-image":"","background-repeat":"repeat","background-position":"center center","background-size":"auto","background-attachment":"scroll","background-type":"","background-media":"","overlay-type":"","overlay-color":"","overlay-opacity":"","overlay-gradient":""},"tablet":{"background-color":"","background-image":"","background-repeat":"repeat","background-position":"center center","background-size":"auto","background-attachment":"scroll","background-type":"","background-media":"","overlay-type":"","overlay-color":"","overlay-opacity":"","overlay-gradient":""},"mobile":{"background-color":"","background-image":"","background-repeat":"repeat","background-position":"center center","background-size":"auto","background-attachment":"scroll","background-type":"","background-media":"","overlay-type":"","overlay-color":"","overlay-opacity":"","overlay-gradient":""}},"ast-content-background-meta":{"desktop":{"background-color":"var(--ast-global-color-5)","background-image":"","background-repeat":"repeat","background-position":"center center","background-size":"auto","background-attachment":"scroll","background-type":"","background-media":"","overlay-type":"","overlay-color":"","overlay-opacity":"","overlay-gradient":""},"tablet":{"background-color":"var(--ast-global-color-5)","background-image":"","background-repeat":"repeat","background-position":"center center","background-size":"auto","background-attachment":"scroll","background-type":"","background-media":"","overlay-type":"","overlay-color":"","overlay-opacity":"","overlay-gradient":""},"mobile":{"background-color":"var(--ast-global-color-5)","background-image":"","background-repeat":"repeat","background-position":"center center","background-size":"auto","background-attachment":"scroll","background-type":"","background-media":"","overlay-type":"","overlay-color":"","overlay-opacity":"","overlay-gradient":""}},"footnotes":""},"class_list":["post-2226","page","type-page","status-publish","hentry"],"_links":{"self":[{"href":"http:\/\/ppcl.uern.br\/index.php?rest_route=\/wp\/v2\/pages\/2226","targetHints":{"allow":["GET"]}}],"collection":[{"href":"http:\/\/ppcl.uern.br\/index.php?rest_route=\/wp\/v2\/pages"}],"about":[{"href":"http:\/\/ppcl.uern.br\/index.php?rest_route=\/wp\/v2\/types\/page"}],"author":[{"embeddable":true,"href":"http:\/\/ppcl.uern.br\/index.php?rest_route=\/wp\/v2\/users\/5"}],"replies":[{"embeddable":true,"href":"http:\/\/ppcl.uern.br\/index.php?rest_route=%2Fwp%2Fv2%2Fcomments&post=2226"}],"version-history":[{"count":7,"href":"http:\/\/ppcl.uern.br\/index.php?rest_route=\/wp\/v2\/pages\/2226\/revisions"}],"predecessor-version":[{"id":3093,"href":"http:\/\/ppcl.uern.br\/index.php?rest_route=\/wp\/v2\/pages\/2226\/revisions\/3093"}],"wp:attachment":[{"href":"http:\/\/ppcl.uern.br\/index.php?rest_route=%2Fwp%2Fv2%2Fmedia&parent=2226"}],"curies":[{"name":"wp","href":"https:\/\/api.w.org\/{rel}","templated":true}]}}