{"id":2221,"date":"2024-06-13T14:27:32","date_gmt":"2024-06-13T17:27:32","guid":{"rendered":"http:\/\/ppcl.uern.br\/?page_id=2221"},"modified":"2024-11-22T12:43:12","modified_gmt":"2024-11-22T15:43:12","slug":"turma-2018","status":"publish","type":"page","link":"http:\/\/ppcl.uern.br\/?page_id=2221","title":{"rendered":"Turma 2018"},"content":{"rendered":"\t\t<div data-elementor-type=\"wp-page\" data-elementor-id=\"2221\" class=\"elementor elementor-2221\" data-elementor-post-type=\"page\">\n\t\t\t\t<div class=\"elementor-element elementor-element-f8fa3ea e-flex e-con-boxed e-con e-parent\" data-id=\"f8fa3ea\" data-element_type=\"container\">\n\t\t\t\t\t<div class=\"e-con-inner\">\n\t\t\t\t<div class=\"elementor-element elementor-element-b688d52 elementor-widget elementor-widget-heading\" data-id=\"b688d52\" data-element_type=\"widget\" data-widget_type=\"heading.default\">\n\t\t\t\t<div class=\"elementor-widget-container\">\n\t\t\t\t\t<h2 class=\"elementor-heading-title elementor-size-default\">Turma 2018<\/h2>\t\t\t\t<\/div>\n\t\t\t\t<\/div>\n\t\t\t\t\t<\/div>\n\t\t\t\t<\/div>\n\t\t<div class=\"elementor-element elementor-element-1d07405 e-flex e-con-boxed e-con e-parent\" data-id=\"1d07405\" data-element_type=\"container\">\n\t\t\t\t\t<div class=\"e-con-inner\">\n\t\t\t\t<div class=\"elementor-element elementor-element-dfaf67f elementor-widget elementor-widget-text-editor\" data-id=\"dfaf67f\" data-element_type=\"widget\" data-widget_type=\"text-editor.default\">\n\t\t\t\t<div class=\"elementor-widget-container\">\n\t\t\t\t\t\t\t\t\t<table border=\"0\"><tbody><tr><td><strong>Linha de Pesquisa 1: Estrutura e Funcionamento da Linguagem<\/strong><\/td><\/tr><\/tbody><\/table><p><a href=\"http:\/\/lattes.cnpq.br\/9263142962623719\" target=\"_blank\" rel=\"noopener\"><strong>1. Anderson Rom\u00e1rio Souza Silva<\/strong><\/a><br \/>Disserta\u00e7\u00e3o:\u00a0<a href=\"https:\/\/sucupira-legado.capes.gov.br\/sucupira\/public\/consultas\/coleta\/trabalhoConclusao\/viewTrabalhoConclusao.jsf?popup=true&amp;id_trabalho=8296933\" target=\"_blank\" rel=\"noopener\">A INTERFONOLOGIA DOS PADR\u00d5ES SIL\u00c1BICOS DO PORTUGU\u00caS BRASILEIRO E DO INGL\u00caS SEGUNDA L\u00cdNGUA<\/a><br \/>Orientador: Prof. Dr. Clerton Luiz Felix Barboza<\/p><p><a href=\"http:\/\/lattes.cnpq.br\/8046945276020834\" target=\"_blank\" rel=\"noopener\"><strong>2. Ant\u00f4nio Alexandre de Ara\u00fajo<\/strong><\/a><br \/>Disserta\u00e7\u00e3o:\u00a0<a href=\"https:\/\/sucupira-legado.capes.gov.br\/sucupira\/public\/consultas\/coleta\/trabalhoConclusao\/viewTrabalhoConclusao.jsf?popup=true&amp;id_trabalho=10287831\" target=\"_blank\" rel=\"noopener\">AN\u00c1LISE DA REALIZA\u00c7\u00c3O DO MORFEMA -ED POR ESTUDANTES BRASILEIROS DE L\u00cdNGUA INGLESA NUMA PERSPECTIVA COMPLEXA DA LINGUAGEM<\/a><br \/>Orientador: Prof. Dr. Clerton Luiz Felix Barboza<\/p><p><a href=\"http:\/\/lattes.cnpq.br\/3534962359705803\" target=\"_blank\" rel=\"noopener\"><strong>3. Camila Petrochely Borges Mendon\u00e7a<\/strong><\/a><br \/>Disserta\u00e7\u00e3o:\u00a0<a href=\"https:\/\/sucupira-legado.capes.gov.br\/sucupira\/public\/consultas\/coleta\/trabalhoConclusao\/viewTrabalhoConclusao.jsf?popup=true&amp;id_trabalho=9518570\" target=\"_blank\" rel=\"noopener\">OS ATOS DE FALA EM TEXTOS DO LIVRO DID\u00c1TICO DE L\u00cdNGUA INGLESA UNO: DESCRI\u00c7\u00c3O E AN\u00c1LISE<\/a><br \/>Orientador: Prof. Dr. Pedro Adri\u00e3o da Silva J\u00fanior<\/p><p><a href=\"http:\/\/lattes.cnpq.br\/2139413872323347\" target=\"_blank\" rel=\"noopener\"><strong>4. Franciedson Pinto da Silva<\/strong><\/a><br \/>Disserta\u00e7\u00e3o:\u00a0<a href=\"https:\/\/sucupira-legado.capes.gov.br\/sucupira\/public\/consultas\/coleta\/trabalhoConclusao\/viewTrabalhoConclusao.jsf?popup=true&amp;id_trabalho=9514662\" target=\"_blank\" rel=\"noopener\">MANUTEN\u00c7\u00c3O TEM\u00c1TICA EM ARTIGO DE OPINI\u00c3O: A CONSTRU\u00c7\u00c3O DE SENTIDOS POR MEIO DE AN\u00c1FORAS<\/a><br \/>Orientadora: Profa. Dra. Jammara Oliveira Vasconcelos de S\u00e1<\/p><p><a href=\"http:\/\/lattes.cnpq.br\/2976063172381047\" target=\"_blank\" rel=\"noopener\"><strong>5. Francisca Janiele Buriti<\/strong><\/a><br \/>Disserta\u00e7\u00e3o:\u00a0<a href=\"https:\/\/sucupira-legado.capes.gov.br\/sucupira\/public\/consultas\/coleta\/trabalhoConclusao\/viewTrabalhoConclusao.jsf?popup=true&amp;id_trabalho=9510808\" target=\"_blank\" rel=\"noopener\">MOVIMENTOS SOCIAIS NA ERA DA INTERNET: UMA AN\u00c1LISE MULTIMODAL DOS DISCURSOS DE PROTESTOS #ELEN\u00c3O E #ELESIM<\/a><br \/>Orientador: Prof. Dr. Mois\u00e9s Batista da Silva<\/p><p><a href=\"http:\/\/lattes.cnpq.br\/9022703001795092\" target=\"_blank\" rel=\"noopener\"><strong>6. J\u00e9ssica Girlaine Guimar\u00e3es Leal<\/strong><\/a><br \/>Disserta\u00e7\u00e3o:\u00a0<a href=\"https:\/\/sucupira-legado.capes.gov.br\/sucupira\/public\/consultas\/coleta\/trabalhoConclusao\/viewTrabalhoConclusao.jsf?popup=true&amp;id_trabalho=9518458\" target=\"_blank\" rel=\"noopener\">AN\u00c1LISE DA VARIA\u00c7\u00c3O LEXICAL DOS TOP\u00d4NIMOS EM LIBRAS NO SERT\u00c3O PARAIBANO<\/a><br \/>Orientador: Prof. Dr. Cid Ivan da Costa Carvalho<\/p><p><a href=\"http:\/\/lattes.cnpq.br\/9741732359722878\" target=\"_blank\" rel=\"noopener\"><strong>7. Suyane Taynara Costa da Silva<\/strong><\/a><br \/>Disserta\u00e7\u00e3o:\u00a0<a href=\"https:\/\/sucupira-legado.capes.gov.br\/sucupira\/public\/consultas\/coleta\/trabalhoConclusao\/viewTrabalhoConclusao.jsf?popup=true&amp;id_trabalho=11479130\" target=\"_blank\" rel=\"noopener\">COMPET\u00caNCIAS EXIGIDAS NA PRODU\u00c7\u00c3O DO TEXTO DISSERTATIVOARGUMENTATIVO: AN\u00c1LISE DE REDA\u00c7\u00d5ES PRODUZIDAS POR ALUNOS EM PREPARA\u00c7\u00c3O PARA O ENEM<\/a><br \/>Orientadora: Profa. Dra. Lucimar Bezerra Dantas da Silva<\/p><p><a href=\"http:\/\/lattes.cnpq.br\/1579176943256391\" target=\"_blank\" rel=\"noopener\"><strong>8. Val\u00e9rio Silveira de G\u00f3is<\/strong><\/a><br \/>Disserta\u00e7\u00e3o:\u00a0<a href=\"https:\/\/sucupira-legado.capes.gov.br\/sucupira\/public\/consultas\/coleta\/trabalhoConclusao\/viewTrabalhoConclusao.jsf?popup=true&amp;id_trabalho=9976159\" target=\"_blank\" rel=\"noopener\">COER\u00caNCIA E PROJETO TEXTUAL: UMA AN\u00c1LISE DE COMPONENTES AVALIATIVOS DA COMPET\u00caNCIA 3 NA REDA\u00c7\u00c3O DO ENEM<\/a><br \/>Orientador: Prof. Dr. Gilson Chicon Alves<\/p><table border=\"0\"><tbody><tr><td><strong>Linha de Pesquisa 2: Linguagens e Pr\u00e1ticas Sociais<\/strong><\/td><\/tr><\/tbody><\/table><p><strong>\u00a0<\/strong><a href=\"http:\/\/lattes.cnpq.br\/2221887755750023\" target=\"_blank\" rel=\"noopener\"><strong>1. Ana Paula Felipe Ferreira da Silva<\/strong><\/a><br \/>Disserta\u00e7\u00e3o:\u00a0<a href=\"https:\/\/sucupira-legado.capes.gov.br\/sucupira\/public\/consultas\/coleta\/trabalhoConclusao\/viewTrabalhoConclusao.jsf?popup=true&amp;id_trabalho=10193648\" target=\"_blank\" rel=\"noopener\">CORPO PLUS SIZE E MECANISMOS DE SUBJETIVA\u00c7\u00c3O: MANIFESTA\u00c7\u00d5ES DISCURSIVAS NA M\u00cdDIA VIRTUAL<\/a><br \/>Orientador: Prof. Dr. Francisco Paulo da Silva<\/p><p><a href=\"http:\/\/lattes.cnpq.br\/0788988562757437\" target=\"_blank\" rel=\"noopener\"><strong>2. Antonio Pablo Moura Lima<\/strong><\/a><br \/>Disserta\u00e7\u00e3o: <a href=\"https:\/\/sucupira-legado.capes.gov.br\/sucupira\/public\/consultas\/coleta\/trabalhoConclusao\/viewTrabalhoConclusao.jsf?popup=true&amp;id_trabalho=9978520\" target=\"_blank\" rel=\"noopener\">AN\u00c1LISE DO DISCURSO POL\u00cdTICO: DUELOS DE VERDADES SOBRE G\u00caNERO E SEXUALIDADE NA M\u00cdDIA VIRTUAL BRASILEIRA<\/a><br \/>Orientadora: Profa. Dra. L\u00facia Helena Medeiros da Cunha Tavares<br \/><a href=\"http:\/\/lattes.cnpq.br\/9781702414591174\"><strong>3. D\u00e9bora Caruline Pereira Silva<\/strong><\/a><br \/>Disserta\u00e7\u00e3o:\u00a0<a href=\"https:\/\/sucupira-legado.capes.gov.br\/sucupira\/public\/consultas\/coleta\/trabalhoConclusao\/viewTrabalhoConclusao.jsf?popup=true&amp;id_trabalho=10193953\" target=\"_blank\" rel=\"noopener\">OS DISCURSOS DE \u00d3DIO CONTRA O CORPO GORDO FEMININO NO INSTAGRAM: DOS ESTERE\u00d3TIPOS \u00c0S RESIST\u00caNCIAS<\/a><br \/>Orientadora: Profa. Dra. L\u00facia Helena Medeiros da Cunha Tavares<\/p><p><a href=\"http:\/\/lattes.cnpq.br\/3245177982276685\" target=\"_blank\" rel=\"noopener\"><strong>4. Francisca Maria de Medeiros Brito<\/strong><\/a><br \/>Disserta\u00e7\u00e3o:\u00a0<a href=\"https:\/\/sucupira-legado.capes.gov.br\/sucupira\/public\/consultas\/coleta\/trabalhoConclusao\/viewTrabalhoConclusao.jsf?popup=true&amp;id_trabalho=9551370\" target=\"_blank\" rel=\"noopener\">TENSAS VIOL\u00caNCIAS, P\u00c2NTANOS URBANOS: A NARRATIVA CURTA DE RUBEM FONSECA E LUIZ RUFFATO<\/a><br \/>Orientador: Prof. Dr. Alexandre Bezerra Alves<\/p><p><a href=\"http:\/\/lattes.cnpq.br\/7659907396620692\" target=\"_blank\" rel=\"noopener\"><strong>5. Janeide Ferreira Dantas<\/strong><\/a><br \/>Disserta\u00e7\u00e3o:\u00a0<a href=\"https:\/\/sucupira-legado.capes.gov.br\/sucupira\/public\/consultas\/coleta\/trabalhoConclusao\/viewTrabalhoConclusao.jsf?popup=true&amp;id_trabalho=9514754\" target=\"_blank\" rel=\"noopener\">POSTAGENS DO INSTAGRAM DO MOVIMENTO ESCOLA SEM PARTIDO: UMA AN\u00c1LISE DE DISCURSO CR\u00cdTICA MULTIMODAL<\/a><br \/>Orientador: Prof. Dr. Jos\u00e9 Roberto Alves Barbosa<\/p><p><a href=\"http:\/\/lattes.cnpq.br\/8264452149977866\" target=\"_blank\" rel=\"noopener\"><strong>6. Joana Tamires Silveira Bezerra<\/strong><\/a><br \/>Disserta\u00e7\u00e3o:\u00a0<a href=\"https:\/\/sucupira-legado.capes.gov.br\/sucupira\/public\/consultas\/coleta\/trabalhoConclusao\/viewTrabalhoConclusao.jsf?popup=true&amp;id_trabalho=9551156\" target=\"_blank\" rel=\"noopener\">V\u00cdVIDA VIOL\u00caNCIA: LEITURAS DA FIC\u00c7\u00c3O CURTA DE RUBEM FONSECA, BERILO WANDERLEY E CONCEI\u00c7\u00c3O EVARISTO<\/a><br \/>Orientador: Prof. Dr. Alexandre Bezerra Alves<\/p><p><a href=\"http:\/\/lattes.cnpq.br\/4236205703159388\" target=\"_blank\" rel=\"noopener\"><strong>7. Lidiane Morais Fernandes<\/strong><\/a><br \/>Disserta\u00e7\u00e3o:\u00a0<a href=\"https:\/\/sucupira-legado.capes.gov.br\/sucupira\/public\/consultas\/coleta\/trabalhoConclusao\/viewTrabalhoConclusao.jsf?popup=true&amp;id_trabalho=12382054\" target=\"_blank\" rel=\"noopener\">VEREDAS DO FANT\u00c1STICO ROSIANO: UM ESTUDO DE TR\u00caS CONTOS DE TUTAM\u00c9IA: TERCEIRAS EST\u00d3RIAS<\/a><br \/>Orientadora: Profa. Dra. Antonia Marly Moura da Silva<\/p><p><a href=\"http:\/\/lattes.cnpq.br\/1896761586545939\" target=\"_blank\" rel=\"noopener\"><strong>8. Mar\u00edlia Gabrielly Peixoto de Sousa<\/strong><\/a><br \/>Disserta\u00e7\u00e3o:\u00a0<a href=\"https:\/\/sucupira-legado.capes.gov.br\/sucupira\/public\/consultas\/coleta\/trabalhoConclusao\/viewTrabalhoConclusao.jsf?popup=true&amp;id_trabalho=12382304\" target=\"_blank\" rel=\"noopener\">A REPRESENTA\u00c7\u00c3O DO VIVIDO E DA RESIST\u00caNCIA DAS MULHERES EM NARRATIVAS AFRICANAS DE L\u00cdNGUA PORTUGUESA<\/a><br \/>Orientador: Prof. Dr. Sebasti\u00e3o Marques Cardoso<\/p><p><a href=\"http:\/\/lattes.cnpq.br\/4989138591742651\" target=\"_blank\" rel=\"noopener\"><strong>9. Ylana Karla de Fran\u00e7a Lopes e Tavares<\/strong><\/a><br \/>Disserta\u00e7\u00e3o: <a href=\"https:\/\/sucupira-legado.capes.gov.br\/sucupira\/public\/consultas\/coleta\/trabalhoConclusao\/viewTrabalhoConclusao.jsf?popup=true&amp;id_trabalho=11900990\" target=\"_blank\" rel=\"noopener\">UM OLHAR SOBRE A TRADU\u00c7\u00c3O DO MONSTRO FEMININO DA LITERATURA PARA O CINEMA G\u00d3TICO<\/a><br \/>Orientador: Prof. Dr. Em\u00edlio Soares Ribeiro<\/p>\t\t\t\t\t\t\t\t<\/div>\n\t\t\t\t<\/div>\n\t\t\t\t\t<\/div>\n\t\t\t\t<\/div>\n\t\t\t\t<\/div>\n\t\t","protected":false},"excerpt":{"rendered":"<p>Turma 2018 Linha de Pesquisa 1: Estrutura e Funcionamento da Linguagem 1. Anderson Rom\u00e1rio Souza SilvaDisserta\u00e7\u00e3o:\u00a0A INTERFONOLOGIA DOS PADR\u00d5ES SIL\u00c1BICOS DO PORTUGU\u00caS BRASILEIRO E DO INGL\u00caS SEGUNDA L\u00cdNGUAOrientador: Prof. Dr. Clerton Luiz Felix Barboza 2. Ant\u00f4nio Alexandre de Ara\u00fajoDisserta\u00e7\u00e3o:\u00a0AN\u00c1LISE DA REALIZA\u00c7\u00c3O DO MORFEMA -ED POR ESTUDANTES BRASILEIROS DE L\u00cdNGUA INGLESA NUMA PERSPECTIVA COMPLEXA DA LINGUAGEMOrientador: [&hellip;]<\/p>\n","protected":false},"author":5,"featured_media":0,"parent":0,"menu_order":0,"comment_status":"closed","ping_status":"closed","template":"","meta":{"site-sidebar-layout":"no-sidebar","site-content-layout":"page-builder","ast-site-content-layout":"full-width-container","site-content-style":"default","site-sidebar-style":"default","ast-global-header-display":"","ast-banner-title-visibility":"","ast-main-header-display":"","ast-hfb-above-header-display":"","ast-hfb-below-header-display":"","ast-hfb-mobile-header-display":"","site-post-title":"disabled","ast-breadcrumbs-content":"","ast-featured-img":"disabled","footer-sml-layout":"","theme-transparent-header-meta":"","adv-header-id-meta":"","stick-header-meta":"","header-above-stick-meta":"","header-main-stick-meta":"","header-below-stick-meta":"","astra-migrate-meta-layouts":"set","ast-page-background-enabled":"default","ast-page-background-meta":{"desktop":{"background-color":"var(--ast-global-color-4)","background-image":"","background-repeat":"repeat","background-position":"center center","background-size":"auto","background-attachment":"scroll","background-type":"","background-media":"","overlay-type":"","overlay-color":"","overlay-opacity":"","overlay-gradient":""},"tablet":{"background-color":"","background-image":"","background-repeat":"repeat","background-position":"center center","background-size":"auto","background-attachment":"scroll","background-type":"","background-media":"","overlay-type":"","overlay-color":"","overlay-opacity":"","overlay-gradient":""},"mobile":{"background-color":"","background-image":"","background-repeat":"repeat","background-position":"center center","background-size":"auto","background-attachment":"scroll","background-type":"","background-media":"","overlay-type":"","overlay-color":"","overlay-opacity":"","overlay-gradient":""}},"ast-content-background-meta":{"desktop":{"background-color":"var(--ast-global-color-5)","background-image":"","background-repeat":"repeat","background-position":"center center","background-size":"auto","background-attachment":"scroll","background-type":"","background-media":"","overlay-type":"","overlay-color":"","overlay-opacity":"","overlay-gradient":""},"tablet":{"background-color":"var(--ast-global-color-5)","background-image":"","background-repeat":"repeat","background-position":"center center","background-size":"auto","background-attachment":"scroll","background-type":"","background-media":"","overlay-type":"","overlay-color":"","overlay-opacity":"","overlay-gradient":""},"mobile":{"background-color":"var(--ast-global-color-5)","background-image":"","background-repeat":"repeat","background-position":"center center","background-size":"auto","background-attachment":"scroll","background-type":"","background-media":"","overlay-type":"","overlay-color":"","overlay-opacity":"","overlay-gradient":""}},"footnotes":""},"class_list":["post-2221","page","type-page","status-publish","hentry"],"_links":{"self":[{"href":"http:\/\/ppcl.uern.br\/index.php?rest_route=\/wp\/v2\/pages\/2221","targetHints":{"allow":["GET"]}}],"collection":[{"href":"http:\/\/ppcl.uern.br\/index.php?rest_route=\/wp\/v2\/pages"}],"about":[{"href":"http:\/\/ppcl.uern.br\/index.php?rest_route=\/wp\/v2\/types\/page"}],"author":[{"embeddable":true,"href":"http:\/\/ppcl.uern.br\/index.php?rest_route=\/wp\/v2\/users\/5"}],"replies":[{"embeddable":true,"href":"http:\/\/ppcl.uern.br\/index.php?rest_route=%2Fwp%2Fv2%2Fcomments&post=2221"}],"version-history":[{"count":7,"href":"http:\/\/ppcl.uern.br\/index.php?rest_route=\/wp\/v2\/pages\/2221\/revisions"}],"predecessor-version":[{"id":3090,"href":"http:\/\/ppcl.uern.br\/index.php?rest_route=\/wp\/v2\/pages\/2221\/revisions\/3090"}],"wp:attachment":[{"href":"http:\/\/ppcl.uern.br\/index.php?rest_route=%2Fwp%2Fv2%2Fmedia&parent=2221"}],"curies":[{"name":"wp","href":"https:\/\/api.w.org\/{rel}","templated":true}]}}