{"id":2216,"date":"2024-06-13T14:25:52","date_gmt":"2024-06-13T17:25:52","guid":{"rendered":"http:\/\/ppcl.uern.br\/?page_id=2216"},"modified":"2024-11-22T12:31:45","modified_gmt":"2024-11-22T15:31:45","slug":"turma-2017","status":"publish","type":"page","link":"http:\/\/ppcl.uern.br\/?page_id=2216","title":{"rendered":"Turma 2017"},"content":{"rendered":"\t\t<div data-elementor-type=\"wp-page\" data-elementor-id=\"2216\" class=\"elementor elementor-2216\" data-elementor-post-type=\"page\">\n\t\t\t\t<div class=\"elementor-element elementor-element-a483f23 e-flex e-con-boxed e-con e-parent\" data-id=\"a483f23\" data-element_type=\"container\">\n\t\t\t\t\t<div class=\"e-con-inner\">\n\t\t\t\t<div class=\"elementor-element elementor-element-c598ec2 elementor-widget elementor-widget-heading\" data-id=\"c598ec2\" data-element_type=\"widget\" data-widget_type=\"heading.default\">\n\t\t\t\t<div class=\"elementor-widget-container\">\n\t\t\t\t\t<h2 class=\"elementor-heading-title elementor-size-default\">Turma 2017<\/h2>\t\t\t\t<\/div>\n\t\t\t\t<\/div>\n\t\t\t\t\t<\/div>\n\t\t\t\t<\/div>\n\t\t<div class=\"elementor-element elementor-element-e5abb0a e-flex e-con-boxed e-con e-parent\" data-id=\"e5abb0a\" data-element_type=\"container\">\n\t\t\t\t\t<div class=\"e-con-inner\">\n\t\t\t\t<div class=\"elementor-element elementor-element-a8f6d4f elementor-widget elementor-widget-text-editor\" data-id=\"a8f6d4f\" data-element_type=\"widget\" data-widget_type=\"text-editor.default\">\n\t\t\t\t<div class=\"elementor-widget-container\">\n\t\t\t\t\t\t\t\t\t<table border=\"0\"><tbody><tr><td><strong>Linha de Pesquisa 1: Estrutura e Funcionamento da Linguagem<\/strong><\/td><\/tr><\/tbody><\/table><p><a href=\"http:\/\/buscatextual.cnpq.br\/buscatextual\/visualizacv.do?metodo=apresentar&amp;id=K4377986H7\" target=\"_blank\" rel=\"noopener\"><strong>1. Catarina Ferreira Alves<\/strong><\/a><br \/>Disserta\u00e7\u00e3o:\u00a0<a href=\"https:\/\/sucupira-legado.capes.gov.br\/sucupira\/public\/consultas\/coleta\/trabalhoConclusao\/viewTrabalhoConclusao.jsf?popup=true&amp;id_trabalho=8258006\" target=\"_blank\" rel=\"noopener\">REMIX POL\u00cdTICO: AN\u00c1LISE DO DISCURSO MULTIMODAL E SUAS RELA\u00c7\u00d5ES INTERTEXTUAIS<\/a><br \/>Orientador: Prof. Dr. Mois\u00e9s Batista da Silva<\/p><p><a href=\"http:\/\/buscatextual.cnpq.br\/buscatextual\/visualizacv.do?metodo=apresentar&amp;id=K4239828U3\" target=\"_blank\" rel=\"noopener\"><strong>2. Diva Wellk de Oliveira Santos<\/strong><\/a><br \/>Disserta\u00e7\u00e3o:\u00a0<a href=\"https:\/\/sucupira-legado.capes.gov.br\/sucupira\/public\/consultas\/coleta\/trabalhoConclusao\/viewTrabalhoConclusao.jsf?popup=true&amp;id_trabalho=8258425\" target=\"_blank\" rel=\"noopener\">AN\u00c1LISE DAS M\u00c1XIMAS CONVERSACIONAIS EM RESUMOS MONOGR\u00c1FICOS DE UM CURSO DE LETRAS \u2013 LINGUA ESPANHOLA<\/a><br \/>Orientador: Prof. Dr. Pedro Adri\u00e3o da Silva J\u00fanior<\/p><p><a href=\"http:\/\/buscatextual.cnpq.br\/buscatextual\/visualizacv.do?metodo=apresentar&amp;id=K4388727Z3\" target=\"_blank\" rel=\"noopener\"><strong>3. Francisco de Assis Filho<\/strong><\/a><br \/>Disserta\u00e7\u00e3o:\u00a0<a href=\"https:\/\/sucupira-legado.capes.gov.br\/sucupira\/public\/consultas\/coleta\/trabalhoConclusao\/viewTrabalhoConclusao.jsf?popup=true&amp;id_trabalho=8310221\" target=\"_blank\" rel=\"noopener\">AN\u00c1LISE DE SELFIES NO INSTAGRAM: UMA ABORDAGEM MULTIMODAL DAS RELA\u00c7\u00d5ES S\u00d3CIO-INTERATIVAS<\/a><br \/>Orientador: Prof. Dr. Mois\u00e9s Batista da Silva<\/p><p><a href=\"http:\/\/buscatextual.cnpq.br\/buscatextual\/visualizacv.do?metodo=apresentar&amp;id=K4418676E2\" target=\"_blank\" rel=\"noopener\"><strong>4. Marta Regina de Oliveira<\/strong><\/a><br \/>Disserta\u00e7\u00e3o:\u00a0<a href=\"https:\/\/sucupira-legado.capes.gov.br\/sucupira\/public\/consultas\/coleta\/trabalhoConclusao\/viewTrabalhoConclusao.jsf?popup=true&amp;id_trabalho=8278376\" target=\"_blank\" rel=\"noopener\">DESCRI\u00c7\u00c3O DA TRANSFER\u00caNCIA PRAGM\u00c1TICA EM UM ESTUDO COMPARATIVO DE ATOS DE FALA DE HISPANOFALANTES E BRASILEIROS<\/a><br \/>Orientador: Prof. Dr. Pedro Adri\u00e3o da Silva J\u00fanior<\/p><p><a href=\"http:\/\/buscatextual.cnpq.br\/buscatextual\/visualizacv.do?metodo=apresentar&amp;id=K4327629E5\" target=\"_blank\" rel=\"noopener\"><strong>5. Miriam Gurgel da Silva<\/strong><\/a><br \/>Disserta\u00e7\u00e3o: <a href=\"https:\/\/sucupira-legado.capes.gov.br\/sucupira\/public\/consultas\/coleta\/trabalhoConclusao\/viewTrabalhoConclusao.jsf?popup=true&amp;id_trabalho=8310593\" target=\"_blank\" rel=\"noopener\">OS R\u00d3TICOS DO PORTUGU\u00caS BRASILEIRO E SUA INFLU\u00caNCIA NA AQUISI\u00c7\u00c3O DO INGL\u00caS COMO L\u00cdNGUA ESTRANGEIRA<\/a><br \/>Orientador: Prof. Dr. Clerton Luiz Felix Barboza<\/p><table border=\"0\"><tbody><tr><td><strong>Linha de Pesquisa 2: Linguagens e Pr\u00e1ticas Sociais<\/strong><\/td><\/tr><\/tbody><\/table><p><strong><a href=\"http:\/\/buscatextual.cnpq.br\/buscatextual\/visualizacv.do?metodo=apresentar&amp;id=K4207390J5\" target=\"_blank\" rel=\"noopener\">1. Ana Keila Tavares de Souza<\/a><\/strong><br \/>Disserta\u00e7\u00e3o: <a href=\"https:\/\/sucupira-legado.capes.gov.br\/sucupira\/public\/consultas\/coleta\/trabalhoConclusao\/viewTrabalhoConclusao.jsf?popup=true&amp;id_trabalho=8257848\" target=\"_blank\" rel=\"noopener\">FIGURA\u00c7\u00d5ES INS\u00d3LITAS DO CORPO: O FANT\u00c1STICO EM TR\u00caS CONTOS DE MURILO RUBI\u00c3O<\/a><br \/>Orientadora: Profa. Dra. Antonia Marly Moura da Silva<\/p><p><a href=\"http:\/\/buscatextual.cnpq.br\/buscatextual\/visualizacv.do?metodo=apresentar&amp;id=K4806705A8\" target=\"_blank\" rel=\"noopener\"><strong>2. Iara Fernanda Marinho<\/strong><\/a><br \/>Disserta\u00e7\u00e3o:\u00a0<a href=\"https:\/\/sucupira-legado.capes.gov.br\/sucupira\/public\/consultas\/coleta\/trabalhoConclusao\/viewTrabalhoConclusao.jsf?popup=true&amp;id_trabalho=8262098\" target=\"_blank\" rel=\"noopener\">IDENTIDADES E CONSUMISMO NA M\u00daSICA: UMA AN\u00c1LISE DO DISCURSO DO FUNK OSTENTA\u00c7\u00c3O BRASILEIRO<\/a><br \/>Orientadora: Profa. Dra. Marc\u00edlia Luiza da Costa Mendes<\/p><p><a href=\"http:\/\/buscatextual.cnpq.br\/buscatextual\/visualizacv.do?metodo=apresentar&amp;id=K4843286D7\" target=\"_blank\" rel=\"noopener\"><strong>3. Rayane Kely de Lima Fernandes<\/strong><\/a><br \/>Disserta\u00e7\u00e3o: <a href=\"https:\/\/sucupira-legado.capes.gov.br\/sucupira\/public\/consultas\/coleta\/trabalhoConclusao\/viewTrabalhoConclusao.jsf?popup=true&amp;id_trabalho=8279748\" target=\"_blank\" rel=\"noopener\">INSANOS E SALVOS: REPRESENTA\u00c7\u00d5ES DA LOUCURA EM TR\u00caS NARRATIVAS DA FIC\u00c7\u00c3O CURTA BRASILEIRA<\/a><br \/>Orientador: Prof. Dr. Alexandre Bezerra Alves<\/p><p><a href=\"http:\/\/buscatextual.cnpq.br\/buscatextual\/visualizacv.do?metodo=apresentar&amp;id=K4302845E6\" target=\"_blank\" rel=\"noopener\"><strong>4. Renatha Rebou\u00e7as de Oliveira<\/strong><\/a><br \/>Disserta\u00e7\u00e3o:\u00a0<a href=\"https:\/\/sucupira-legado.capes.gov.br\/sucupira\/public\/consultas\/coleta\/trabalhoConclusao\/viewTrabalhoConclusao.jsf?popup=true&amp;id_trabalho=8295946\" target=\"_blank\" rel=\"noopener\">A REPRESENTA\u00c7\u00c3O DE DONALD TRUMP NA M\u00cdDIA BRASILEIRA: UMA AN\u00c1LISE VISUAL DE CAPAS DE REVISTAS NACIONAIS<\/a><br \/>Orientador: Prof. Dr. Jos\u00e9 Roberto Alves Barbosa<\/p><p><a href=\"http:\/\/buscatextual.cnpq.br\/buscatextual\/visualizacv.do?id=K4478707P5\" target=\"_blank\" rel=\"noopener\"><strong>5. Sara Cristina dos Santos Freires<\/strong><\/a><br \/>Disserta\u00e7\u00e3o: <a href=\"https:\/\/sucupira-legado.capes.gov.br\/sucupira\/public\/consultas\/coleta\/trabalhoConclusao\/viewTrabalhoConclusao.jsf?popup=true&amp;id_trabalho=9049706\" target=\"_blank\" rel=\"noopener\">MODOS DE VIDA SURDA: DISCURSOS DE RESIST\u00caNCIA, SUPERA\u00c7\u00c3O E A CONSTITUI\u00c7\u00c3O \u00c9TICA DE SUJEITOS SURDOS<\/a><br \/>Orientador: Prof. Dr. Francisco Paulo da Silva<\/p>\t\t\t\t\t\t\t\t<\/div>\n\t\t\t\t<\/div>\n\t\t\t\t\t<\/div>\n\t\t\t\t<\/div>\n\t\t\t\t<\/div>\n\t\t","protected":false},"excerpt":{"rendered":"<p>Turma 2017 Linha de Pesquisa 1: Estrutura e Funcionamento da Linguagem 1. Catarina Ferreira AlvesDisserta\u00e7\u00e3o:\u00a0REMIX POL\u00cdTICO: AN\u00c1LISE DO DISCURSO MULTIMODAL E SUAS RELA\u00c7\u00d5ES INTERTEXTUAISOrientador: Prof. Dr. Mois\u00e9s Batista da Silva 2. Diva Wellk de Oliveira SantosDisserta\u00e7\u00e3o:\u00a0AN\u00c1LISE DAS M\u00c1XIMAS CONVERSACIONAIS EM RESUMOS MONOGR\u00c1FICOS DE UM CURSO DE LETRAS \u2013 LINGUA ESPANHOLAOrientador: Prof. Dr. Pedro Adri\u00e3o da [&hellip;]<\/p>\n","protected":false},"author":5,"featured_media":0,"parent":0,"menu_order":0,"comment_status":"closed","ping_status":"closed","template":"","meta":{"site-sidebar-layout":"no-sidebar","site-content-layout":"page-builder","ast-site-content-layout":"full-width-container","site-content-style":"default","site-sidebar-style":"default","ast-global-header-display":"","ast-banner-title-visibility":"","ast-main-header-display":"","ast-hfb-above-header-display":"","ast-hfb-below-header-display":"","ast-hfb-mobile-header-display":"","site-post-title":"disabled","ast-breadcrumbs-content":"","ast-featured-img":"disabled","footer-sml-layout":"","theme-transparent-header-meta":"","adv-header-id-meta":"","stick-header-meta":"","header-above-stick-meta":"","header-main-stick-meta":"","header-below-stick-meta":"","astra-migrate-meta-layouts":"set","ast-page-background-enabled":"default","ast-page-background-meta":{"desktop":{"background-color":"var(--ast-global-color-4)","background-image":"","background-repeat":"repeat","background-position":"center center","background-size":"auto","background-attachment":"scroll","background-type":"","background-media":"","overlay-type":"","overlay-color":"","overlay-opacity":"","overlay-gradient":""},"tablet":{"background-color":"","background-image":"","background-repeat":"repeat","background-position":"center center","background-size":"auto","background-attachment":"scroll","background-type":"","background-media":"","overlay-type":"","overlay-color":"","overlay-opacity":"","overlay-gradient":""},"mobile":{"background-color":"","background-image":"","background-repeat":"repeat","background-position":"center center","background-size":"auto","background-attachment":"scroll","background-type":"","background-media":"","overlay-type":"","overlay-color":"","overlay-opacity":"","overlay-gradient":""}},"ast-content-background-meta":{"desktop":{"background-color":"var(--ast-global-color-5)","background-image":"","background-repeat":"repeat","background-position":"center center","background-size":"auto","background-attachment":"scroll","background-type":"","background-media":"","overlay-type":"","overlay-color":"","overlay-opacity":"","overlay-gradient":""},"tablet":{"background-color":"var(--ast-global-color-5)","background-image":"","background-repeat":"repeat","background-position":"center center","background-size":"auto","background-attachment":"scroll","background-type":"","background-media":"","overlay-type":"","overlay-color":"","overlay-opacity":"","overlay-gradient":""},"mobile":{"background-color":"var(--ast-global-color-5)","background-image":"","background-repeat":"repeat","background-position":"center center","background-size":"auto","background-attachment":"scroll","background-type":"","background-media":"","overlay-type":"","overlay-color":"","overlay-opacity":"","overlay-gradient":""}},"footnotes":""},"class_list":["post-2216","page","type-page","status-publish","hentry"],"_links":{"self":[{"href":"http:\/\/ppcl.uern.br\/index.php?rest_route=\/wp\/v2\/pages\/2216","targetHints":{"allow":["GET"]}}],"collection":[{"href":"http:\/\/ppcl.uern.br\/index.php?rest_route=\/wp\/v2\/pages"}],"about":[{"href":"http:\/\/ppcl.uern.br\/index.php?rest_route=\/wp\/v2\/types\/page"}],"author":[{"embeddable":true,"href":"http:\/\/ppcl.uern.br\/index.php?rest_route=\/wp\/v2\/users\/5"}],"replies":[{"embeddable":true,"href":"http:\/\/ppcl.uern.br\/index.php?rest_route=%2Fwp%2Fv2%2Fcomments&post=2216"}],"version-history":[{"count":7,"href":"http:\/\/ppcl.uern.br\/index.php?rest_route=\/wp\/v2\/pages\/2216\/revisions"}],"predecessor-version":[{"id":3086,"href":"http:\/\/ppcl.uern.br\/index.php?rest_route=\/wp\/v2\/pages\/2216\/revisions\/3086"}],"wp:attachment":[{"href":"http:\/\/ppcl.uern.br\/index.php?rest_route=%2Fwp%2Fv2%2Fmedia&parent=2216"}],"curies":[{"name":"wp","href":"https:\/\/api.w.org\/{rel}","templated":true}]}}