{"id":2211,"date":"2024-06-13T14:21:45","date_gmt":"2024-06-13T17:21:45","guid":{"rendered":"http:\/\/ppcl.uern.br\/?page_id=2211"},"modified":"2024-11-22T12:20:27","modified_gmt":"2024-11-22T15:20:27","slug":"turma-2016","status":"publish","type":"page","link":"http:\/\/ppcl.uern.br\/?page_id=2211","title":{"rendered":"Turma 2016"},"content":{"rendered":"\t\t<div data-elementor-type=\"wp-page\" data-elementor-id=\"2211\" class=\"elementor elementor-2211\" data-elementor-post-type=\"page\">\n\t\t\t\t<div class=\"elementor-element elementor-element-9c52ed7 e-flex e-con-boxed e-con e-parent\" data-id=\"9c52ed7\" data-element_type=\"container\">\n\t\t\t\t\t<div class=\"e-con-inner\">\n\t\t\t\t<div class=\"elementor-element elementor-element-6fb2c4c elementor-widget elementor-widget-heading\" data-id=\"6fb2c4c\" data-element_type=\"widget\" data-widget_type=\"heading.default\">\n\t\t\t\t<div class=\"elementor-widget-container\">\n\t\t\t\t\t<h2 class=\"elementor-heading-title elementor-size-default\">Turma 2016<\/h2>\t\t\t\t<\/div>\n\t\t\t\t<\/div>\n\t\t\t\t\t<\/div>\n\t\t\t\t<\/div>\n\t\t<div class=\"elementor-element elementor-element-26bd543 e-flex e-con-boxed e-con e-parent\" data-id=\"26bd543\" data-element_type=\"container\">\n\t\t\t\t\t<div class=\"e-con-inner\">\n\t\t\t\t<div class=\"elementor-element elementor-element-45f5f12 elementor-widget elementor-widget-text-editor\" data-id=\"45f5f12\" data-element_type=\"widget\" data-widget_type=\"text-editor.default\">\n\t\t\t\t<div class=\"elementor-widget-container\">\n\t\t\t\t\t\t\t\t\t<table border=\"0\"><tbody><tr><td><strong>Linha de Pesquisa 1: Estrutura e Funcionamento da Linguagem<\/strong><\/td><\/tr><\/tbody><\/table><p><a href=\"http:\/\/lattes.cnpq.br\/6827547320095657\" target=\"_blank\" rel=\"noopener\"><strong>1. Adalberto Barbosa Junior<\/strong><\/a><br \/>Disserta\u00e7\u00e3o:\u00a0<a href=\"https:\/\/sucupira-legado.capes.gov.br\/sucupira\/public\/consultas\/coleta\/trabalhoConclusao\/viewTrabalhoConclusao.jsf?popup=true&amp;id_trabalho=7004689\" target=\"_blank\" rel=\"noopener\">COM VOC\u00ca O BRASIL \u00c9 MAIS FORTE: UMA AN\u00c1LISE MULTIMODAL DE UM AN\u00daNCIO PUBLICIT\u00c1RIO PARA INGRESSO AO SERVI\u00c7O MILITAR<\/a><br \/>Orientador: Prof. Dr. Mois\u00e9s Batista da Silva<\/p><p><a href=\"http:\/\/lattes.cnpq.br\/2780831278886231\" target=\"_blank\" rel=\"noopener\"><strong>2. Andrea Moniky Morais de Freitas<\/strong><\/a><br \/>Disserta\u00e7\u00e3o:\u00a0<a href=\"https:\/\/sucupira-legado.capes.gov.br\/sucupira\/public\/consultas\/coleta\/trabalhoConclusao\/viewTrabalhoConclusao.jsf?popup=true&amp;id_trabalho=7005900\" target=\"_blank\" rel=\"noopener\">UMA PERSPECTIVA COMPLEXA DA INTERFONOLOGIA VOC\u00c1LICA DE APRENDIZES BRASILEIROS DE INGL\u00caS L\u00cdNGUA ESTRANGEIRA<\/a><br \/>Orientador: Prof. Dr. Clerton Luiz F\u00e9lix Barboza<\/p><p><a href=\"http:\/\/lattes.cnpq.br\/5212692873760976\" target=\"_blank\" rel=\"noopener\"><strong>3. Bruna Gabrieli Morais da Silva<\/strong><\/a><br \/>Disserta\u00e7\u00e3o:\u00a0<a href=\"https:\/\/sucupira-legado.capes.gov.br\/sucupira\/public\/consultas\/coleta\/trabalhoConclusao\/viewTrabalhoConclusao.jsf?popup=true&amp;id_trabalho=6965412\" target=\"_blank\" rel=\"noopener\">DIALOGISMO E IRONIA EM G\u00caNEROS DISCURSIVOS DIGITAIS: O IMPEACHMENT DA PRESIDENTE DILMA ROUSSEFF REPRESENTADO ATRAV\u00c9S DOS MEMES<\/a><br \/>Orientadora: Profa. Dra. Lucimar Bezerra Dantas da Silva<\/p><p><a href=\"http:\/\/lattes.cnpq.br\/8407199058227431\" target=\"_blank\" rel=\"noopener\"><strong>4. Jose Rodrigues de Mesquita Neto<\/strong><\/a><br \/>Disserta\u00e7\u00e3o:\u00a0<a href=\"https:\/\/sucupira-legado.capes.gov.br\/sucupira\/public\/consultas\/coleta\/trabalhoConclusao\/viewTrabalhoConclusao.jsf?popup=true&amp;id_trabalho=6965625\" target=\"_blank\" rel=\"noopener\">INTERFONOLOGIA DOS R\u00d3TICOS NA REALIZA\u00c7\u00c3O DE PROFESSORES DE ESPANHOL COMO L\u00cdNGUA ESTRANGEIRA: UMA VIS\u00c3O MULTIREPRESENTACIONAL<\/a><br \/>Orientador: Prof. Dr. Clerton Luiz F\u00e9lix Barboza<\/p><p><a href=\"http:\/\/lattes.cnpq.br\/6225036612229576\" target=\"_blank\" rel=\"noopener\"><strong>5. Maria Arlinda de Macedo Silva<\/strong><\/a><br \/>Disserta\u00e7\u00e3o:\u00a0<a href=\"https:\/\/sucupira-legado.capes.gov.br\/sucupira\/public\/consultas\/coleta\/trabalhoConclusao\/viewTrabalhoConclusao.jsf?popup=true&amp;id_trabalho=8257557\" target=\"_blank\" rel=\"noopener\">OS USOS DE ESTE E ESSE EM DISSERTA\u00c7\u00d5ES DE MESTRADO<\/a><br \/>Orientador: Prof. Dr. Jo\u00e3o Bosco Figueiredo Gomes<\/p><p><a href=\"http:\/\/lattes.cnpq.br\/6556125634203453\" target=\"_blank\" rel=\"noopener\"><strong>6. Rosiv\u00e2nia Maria da Silva<\/strong><\/a><br \/>Disserta\u00e7\u00e3o:\u00a0<a href=\"https:\/\/sucupira-legado.capes.gov.br\/sucupira\/public\/consultas\/coleta\/trabalhoConclusao\/viewTrabalhoConclusao.jsf?popup=true&amp;id_trabalho=6965126\" target=\"_blank\" rel=\"noopener\">AN\u00c1LISE TE\u00d3RICA E PR\u00c1TICA DA VIOLA\u00c7\u00c3O DAS M\u00c1XIMAS GRICEANAS EM CHARGES E CARTUNS EM L\u00cdNGUA ESPANHOLA<\/a><br \/>Orientador: Prof. Dr. Pedro Adri\u00e3o da Silva Junior<\/p><p><a href=\"http:\/\/lattes.cnpq.br\/7297254530208303\" target=\"_blank\" rel=\"noopener\"><strong>7. Sancha Wallessa da Silva Cesar<\/strong><\/a><br \/>Disserta\u00e7\u00e3o:\u00a0<a href=\"https:\/\/sucupira-legado.capes.gov.br\/sucupira\/public\/consultas\/coleta\/trabalhoConclusao\/viewTrabalhoConclusao.jsf?popup=true&amp;id_trabalho=6964633\" target=\"_blank\" rel=\"noopener\">AN\u00c1LISE CR\u00cdTICA MULTIMODAL DO DISCURSO EMPREENDEDOR MOTIVACIONAL EM NARRATIVAS DIGITAIS<\/a><br \/>Orientador: Prod. Dr. Mois\u00e9s Batista da Silva<\/p><table border=\"0\"><tbody><tr><td><strong>Linha de Pesquisa 2: Linguagens e Pr\u00e1ticas Sociais<\/strong><\/td><\/tr><\/tbody><\/table><p><a href=\"http:\/\/lattes.cnpq.br\/9533791318600995\" target=\"_blank\" rel=\"noopener\"><strong>1. Ala\u00edde Ang\u00e9lica de Menezes Cabral Carvalho<\/strong><\/a><br \/>Disserta\u00e7\u00e3o:\u00a0<a href=\"https:\/\/sucupira-legado.capes.gov.br\/sucupira\/public\/consultas\/coleta\/trabalhoConclusao\/viewTrabalhoConclusao.jsf?popup=true&amp;id_trabalho=7005077\" target=\"_blank\" rel=\"noopener\">AN\u00c1LISE DE DISCURSO CR\u00cdTICA MULTIMODAL EM CHARGES SOBRE O PROCESSO DE IMPEACHMENT DA PRESIDENTA DILMA ROUSSEFF<\/a><br \/>Orientador: Prof. Dr. Jos\u00e9 Roberto Alves Barbosa<\/p><p><a href=\"http:\/\/lattes.cnpq.br\/1167102211726289\" target=\"_blank\" rel=\"noopener\"><strong>2. Camila Praxedes de Brito<\/strong><\/a><br \/>Disserta\u00e7\u00e3o:\u00a0<a href=\"https:\/\/sucupira-legado.capes.gov.br\/sucupira\/public\/consultas\/coleta\/trabalhoConclusao\/viewTrabalhoConclusao.jsf?popup=true&amp;id_trabalho=7002884\" target=\"_blank\" rel=\"noopener\">INF\u00c2NCIA E VIOL\u00caNCIA NA DITADURA MILITAR: MEM\u00d3RIA E VERDADE EM TESTEMUNHOS DA COMISS\u00c3O NACIONAL DA VERDADE\/BRASIL<\/a><br \/>Orientador: Francisco Paulo da Silva<\/p><p><a href=\"http:\/\/lattes.cnpq.br\/2237768908954073\" target=\"_blank\" rel=\"noopener\"><strong>3. Disraeli Davi Reinaldo de Moura<\/strong><\/a><br \/>Disserta\u00e7\u00e3o:\u00a0<a href=\"https:\/\/sucupira-legado.capes.gov.br\/sucupira\/public\/consultas\/coleta\/trabalhoConclusao\/viewTrabalhoConclusao.jsf?popup=true&amp;id_trabalho=7007356\" target=\"_blank\" rel=\"noopener\">AN\u00c1LISE DO DISCURSO POL\u00cdTICO-JUR\u00cdDICO DO IMPEACHMENT DE DILMA ROUSSEFF EM MEMES E REDES SOCIAIS: MEM\u00d3RIA E PODER<\/a><br \/>Orientadora: Profa. Dra. Lucia Helena Medeiros da Cunha Tavares<\/p><p><a href=\"http:\/\/lattes.cnpq.br\/4306251847449708\" target=\"_blank\" rel=\"noopener\"><strong>4. Franc\u00e9lia Nunes de Medeiros Ferreira<\/strong><\/a><br \/>Disserta\u00e7\u00e3o:\u00a0<a href=\"https:\/\/sucupira-legado.capes.gov.br\/sucupira\/public\/consultas\/coleta\/trabalhoConclusao\/viewTrabalhoConclusao.jsf?popup=true&amp;id_trabalho=6866795\" target=\"_blank\" rel=\"noopener\">CORPO, MEM\u00d3RIA E PODER: O ESTUPRO CONTRA A MULHER E O FEN\u00d4MENO DE CULPABILIZA\u00c7\u00c3O DA V\u00cdTIMA NOS DISCURSOS DAS M\u00cdDIAS<\/a><br \/>Orientadora: Profa. Dra. Lucia Helena Medeiros da Cunha Tavares<\/p><p><a href=\"http:\/\/lattes.cnpq.br\/9099092949417831\" target=\"_blank\" rel=\"noopener\"><strong>5. Iza Maria Pereira<\/strong><\/a><br \/>Disserta\u00e7\u00e3o:\u00a0<a href=\"https:\/\/sucupira-legado.capes.gov.br\/sucupira\/public\/consultas\/coleta\/trabalhoConclusao\/viewTrabalhoConclusao.jsf?popup=true&amp;id_trabalho=7006341\" target=\"_blank\" rel=\"noopener\">MOVIMENTOS SOCIAIS, GREVE E M\u00cdDIA: UMA AN\u00c1LISE CR\u00cdTICA DE POSTAGENS DE BLOGS SOBRE GREVES DA UERN<\/a><br \/>Orientador: Prof. Dr. Jos\u00e9 Roberto Alves Barbosa<\/p><p><a href=\"http:\/\/lattes.cnpq.br\/4355465176579661\" target=\"_blank\" rel=\"noopener\"><strong>6. Jonas Yuri Carlos da Costa<\/strong><\/a><br \/>Disserta\u00e7\u00e3o:\u00a0<a href=\"https:\/\/sucupira-legado.capes.gov.br\/sucupira\/public\/consultas\/coleta\/trabalhoConclusao\/viewTrabalhoConclusao.jsf?popup=true&amp;id_trabalho=7480048\" target=\"_blank\" rel=\"noopener\">LEGISLA\u00c7\u00c3O, DISCURSO E PODER: UMA AN\u00c1LISE DISCURSIVA DA LEI MUNICIPAL N\u00ba 3.290 2015<\/a><br \/>Orientadora: Profa. Dra. Lucia Helena Medeiros da Cunha Tavares<\/p><p><a href=\"http:\/\/lattes.cnpq.br\/3894966081205340\" target=\"_blank\" rel=\"noopener\"><strong>7. Karla Jane Eyre da Cunha Bezerra Souza<\/strong><\/a><br \/>Disserta\u00e7\u00e3o:\u00a0<a href=\"https:\/\/sucupira-legado.capes.gov.br\/sucupira\/public\/consultas\/coleta\/trabalhoConclusao\/viewTrabalhoConclusao.jsf?popup=true&amp;id_trabalho=7006754\" target=\"_blank\" rel=\"noopener\">QUE CORPO QUEREMOS HOJE? SOBRE CORPO, SA\u00daDE E BELEZA NA PRODU\u00c7\u00c3O DAS SUBJETIVIDADES FEMININAS CONTEMPOR\u00c2NEAS EM M\u00cdDIAS SOCIAIS<\/a><br \/>Orientadora: Profa. Dra. Marc\u00edlia Luzia Gomes da Costa Mendes<\/p>\t\t\t\t\t\t\t\t<\/div>\n\t\t\t\t<\/div>\n\t\t\t\t\t<\/div>\n\t\t\t\t<\/div>\n\t\t\t\t<\/div>\n\t\t","protected":false},"excerpt":{"rendered":"<p>Turma 2016 Linha de Pesquisa 1: Estrutura e Funcionamento da Linguagem 1. Adalberto Barbosa JuniorDisserta\u00e7\u00e3o:\u00a0COM VOC\u00ca O BRASIL \u00c9 MAIS FORTE: UMA AN\u00c1LISE MULTIMODAL DE UM AN\u00daNCIO PUBLICIT\u00c1RIO PARA INGRESSO AO SERVI\u00c7O MILITAROrientador: Prof. Dr. Mois\u00e9s Batista da Silva 2. Andrea Moniky Morais de FreitasDisserta\u00e7\u00e3o:\u00a0UMA PERSPECTIVA COMPLEXA DA INTERFONOLOGIA VOC\u00c1LICA DE APRENDIZES BRASILEIROS DE INGL\u00caS [&hellip;]<\/p>\n","protected":false},"author":5,"featured_media":0,"parent":0,"menu_order":0,"comment_status":"closed","ping_status":"closed","template":"","meta":{"site-sidebar-layout":"no-sidebar","site-content-layout":"page-builder","ast-site-content-layout":"full-width-container","site-content-style":"default","site-sidebar-style":"default","ast-global-header-display":"","ast-banner-title-visibility":"","ast-main-header-display":"","ast-hfb-above-header-display":"","ast-hfb-below-header-display":"","ast-hfb-mobile-header-display":"","site-post-title":"disabled","ast-breadcrumbs-content":"","ast-featured-img":"disabled","footer-sml-layout":"","theme-transparent-header-meta":"","adv-header-id-meta":"","stick-header-meta":"","header-above-stick-meta":"","header-main-stick-meta":"","header-below-stick-meta":"","astra-migrate-meta-layouts":"set","ast-page-background-enabled":"default","ast-page-background-meta":{"desktop":{"background-color":"var(--ast-global-color-4)","background-image":"","background-repeat":"repeat","background-position":"center center","background-size":"auto","background-attachment":"scroll","background-type":"","background-media":"","overlay-type":"","overlay-color":"","overlay-opacity":"","overlay-gradient":""},"tablet":{"background-color":"","background-image":"","background-repeat":"repeat","background-position":"center center","background-size":"auto","background-attachment":"scroll","background-type":"","background-media":"","overlay-type":"","overlay-color":"","overlay-opacity":"","overlay-gradient":""},"mobile":{"background-color":"","background-image":"","background-repeat":"repeat","background-position":"center center","background-size":"auto","background-attachment":"scroll","background-type":"","background-media":"","overlay-type":"","overlay-color":"","overlay-opacity":"","overlay-gradient":""}},"ast-content-background-meta":{"desktop":{"background-color":"var(--ast-global-color-5)","background-image":"","background-repeat":"repeat","background-position":"center center","background-size":"auto","background-attachment":"scroll","background-type":"","background-media":"","overlay-type":"","overlay-color":"","overlay-opacity":"","overlay-gradient":""},"tablet":{"background-color":"var(--ast-global-color-5)","background-image":"","background-repeat":"repeat","background-position":"center center","background-size":"auto","background-attachment":"scroll","background-type":"","background-media":"","overlay-type":"","overlay-color":"","overlay-opacity":"","overlay-gradient":""},"mobile":{"background-color":"var(--ast-global-color-5)","background-image":"","background-repeat":"repeat","background-position":"center center","background-size":"auto","background-attachment":"scroll","background-type":"","background-media":"","overlay-type":"","overlay-color":"","overlay-opacity":"","overlay-gradient":""}},"footnotes":""},"class_list":["post-2211","page","type-page","status-publish","hentry"],"_links":{"self":[{"href":"http:\/\/ppcl.uern.br\/index.php?rest_route=\/wp\/v2\/pages\/2211","targetHints":{"allow":["GET"]}}],"collection":[{"href":"http:\/\/ppcl.uern.br\/index.php?rest_route=\/wp\/v2\/pages"}],"about":[{"href":"http:\/\/ppcl.uern.br\/index.php?rest_route=\/wp\/v2\/types\/page"}],"author":[{"embeddable":true,"href":"http:\/\/ppcl.uern.br\/index.php?rest_route=\/wp\/v2\/users\/5"}],"replies":[{"embeddable":true,"href":"http:\/\/ppcl.uern.br\/index.php?rest_route=%2Fwp%2Fv2%2Fcomments&post=2211"}],"version-history":[{"count":10,"href":"http:\/\/ppcl.uern.br\/index.php?rest_route=\/wp\/v2\/pages\/2211\/revisions"}],"predecessor-version":[{"id":3083,"href":"http:\/\/ppcl.uern.br\/index.php?rest_route=\/wp\/v2\/pages\/2211\/revisions\/3083"}],"wp:attachment":[{"href":"http:\/\/ppcl.uern.br\/index.php?rest_route=%2Fwp%2Fv2%2Fmedia&parent=2211"}],"curies":[{"name":"wp","href":"https:\/\/api.w.org\/{rel}","templated":true}]}}