{"id":2121,"date":"2024-06-07T00:07:28","date_gmt":"2024-06-07T03:07:28","guid":{"rendered":"http:\/\/ppcl.uern.br\/?page_id=2121"},"modified":"2025-03-17T14:34:04","modified_gmt":"2025-03-17T17:34:04","slug":"editais-2024","status":"publish","type":"page","link":"http:\/\/ppcl.uern.br\/?page_id=2121","title":{"rendered":"Editais 2024"},"content":{"rendered":"\t\t<div data-elementor-type=\"wp-page\" data-elementor-id=\"2121\" class=\"elementor elementor-2121\" data-elementor-post-type=\"page\">\n\t\t\t\t<div class=\"elementor-element elementor-element-fae1dce e-flex e-con-boxed e-con e-parent\" data-id=\"fae1dce\" data-element_type=\"container\">\n\t\t\t\t\t<div class=\"e-con-inner\">\n\t\t\t\t<div class=\"elementor-element elementor-element-903af25 elementor-widget elementor-widget-heading\" data-id=\"903af25\" data-element_type=\"widget\" data-widget_type=\"heading.default\">\n\t\t\t\t<div class=\"elementor-widget-container\">\n\t\t\t\t\t<h2 class=\"elementor-heading-title elementor-size-default\">Editais 2024<\/h2>\t\t\t\t<\/div>\n\t\t\t\t<\/div>\n\t\t\t\t\t<\/div>\n\t\t\t\t<\/div>\n\t\t<div class=\"elementor-element elementor-element-130d943 e-flex e-con-boxed e-con e-parent\" data-id=\"130d943\" data-element_type=\"container\">\n\t\t\t\t\t<div class=\"e-con-inner\">\n\t\t\t\t<div class=\"elementor-element elementor-element-144f810 elementor-widget elementor-widget-text-editor\" data-id=\"144f810\" data-element_type=\"widget\" data-widget_type=\"text-editor.default\">\n\t\t\t\t<div class=\"elementor-widget-container\">\n\t\t\t\t\t\t\t\t\t<table style=\"width: 100%; border-collapse: collapse; border-style: solid; background-color: #00ff80;\" border=\"0\"><tbody><tr><td style=\"width: 100%;\"><span style=\"color: #000000;\"><strong>PROCESSO SELETIVO &#8211; ALUNOS(AS) REGULARES 2025<\/strong><\/span><\/td><\/tr><\/tbody><\/table><ul><li><a href=\"https:\/\/docs.google.com\/document\/d\/1CmdefwinJLQIxUtRGGmYsUSQKeHOgnQROZDmdydbtJA\/edit?usp=sharing\" target=\"_blank\" rel=\"noopener\"><span style=\"color: #808080;\"><span style=\"text-decoration: underline;\"><span style=\"color: #0000ff; text-decoration: underline;\">Edital n\u00ba 35\/2024 &#8211; PPCL\/UERN (Processo Seletivo &#8211; Alunos(as) Regulares 2025)<\/span><\/span><\/span><\/a><\/li><li><span style=\"color: #0000ff;\"><a style=\"color: #0000ff;\" href=\"https:\/\/sigaa.uern.br\/sigaa\/public\/programa\/processo_seletivo.jsf?lc=pt_BR&amp;id=1053\" target=\"_blank\" rel=\"noopener\">Formul\u00e1rio Eletr\u00f4nico de Inscri\u00e7\u00e3o (SIGAA)<\/a><\/span><\/li><li><span style=\"color: #0000ff;\"><span style=\"text-decoration: underline;\"><a style=\"color: #0000ff;\" href=\"https:\/\/docs.google.com\/document\/d\/1OwjQyCGzNWKoXOEmtlpiwy7MGa9pO1yVC3FFLQxR594\/edit?usp=sharing\" target=\"_blank\" rel=\"noopener\">Aditivo n\u00ba 01 ao Edital n\u00ba 35\/2024 &#8211; PPCL\/UERN<\/a><\/span><\/span><\/li><li><span style=\"color: #0000ff;\"><span style=\"text-decoration: underline;\"><a style=\"color: #0000ff; text-decoration: underline;\" href=\"https:\/\/docs.google.com\/document\/d\/1S_4aj3UQ6iC-VLpnBfU7zv5BpZOB_WL-POw1ufqZLWI\/edit?usp=sharing\" target=\"_blank\" rel=\"noopener\">Aditivo n\u00ba 02 ao Edital n\u00ba 35\/2024 &#8211; PPCL\/UERN<\/a><\/span><\/span><\/li><li><span style=\"color: #0000ff;\"><span style=\"text-decoration: underline;\"><a style=\"color: #0000ff; text-decoration: underline;\" href=\"https:\/\/docs.google.com\/document\/d\/1Hv8DPhz2v2ZIRSFwUz3HvnclNVrKSHSlh0BPLl4ySiQ\/edit?usp=drive_link\" target=\"_blank\" rel=\"noopener\">Aditivo n\u00ba 03 ao Edital n\u00ba 35\/2024 &#8211; PPCL\/UERN<\/a><\/span><\/span><\/li><li><a href=\"https:\/\/drive.google.com\/file\/d\/1dCzie3ZWXYMWwcrK8i1iCuHOHAifPU6v\/view?usp=drive_link\" target=\"_blank\" rel=\"noopener\"><span style=\"text-decoration: underline; color: #0000ff;\">Edital n\u00ba 04\/2025 &#8211; PPCL\/UERN (Homologa\u00e7\u00e3o das Inscri\u00e7\u00f5es)<\/span><\/a><\/li><\/ul><table style=\"width: 100%; border-collapse: collapse; border-style: solid; background-color: #ffff00;\" border=\"0\"><tbody><tr><td style=\"width: 100%;\"><span style=\"color: #000000;\"><strong>RECREDENCIAMENTO DOCENTE<\/strong><\/span><\/td><\/tr><\/tbody><\/table><ul><li><a href=\"https:\/\/drive.google.com\/file\/d\/15FFFrhxdINOpxlSUvEqxhp9QC2-sAPe7\/view?usp=sharing\" target=\"_blank\" rel=\"noopener\"><span style=\"color: #808080;\"><span style=\"text-decoration: underline;\"><span style=\"color: #0000ff; text-decoration: underline;\">Edital n\u00ba 36\/2024 &#8211; PPCL\/UERN (Recredenciamento Docente)<\/span><\/span><\/span><\/a><\/li><li><a href=\"https:\/\/docs.google.com\/document\/d\/1x7Uz9D6-yebIA77xRwaow5iQCSNaGEem\/export?format=doc\"><span style=\"color: #0000ff;\"><span style=\"text-decoration: underline;\">Formul\u00e1rio Padr\u00e3o (Submiss\u00e3o do Projeto)<\/span><\/span><\/a><\/li><li><span style=\"text-decoration: underline; color: #0000ff;\"><a style=\"color: #0000ff;\" href=\"https:\/\/drive.google.com\/file\/d\/1hZFDa72V2VRVg28s2k4Ra0xcgexduksj\/view?usp=drive_link\" target=\"_blank\" rel=\"noopener\">Aditivo n\u00ba 01 ao Edital n\u00ba 36\/2024 &#8211; PPCL\/UERN<\/a><\/span><\/li><li><a href=\"https:\/\/drive.google.com\/file\/d\/1ldWPb7DdRkRaedmbIzceZd7lxwga7hNX\/view?usp=drive_link\" target=\"_blank\" rel=\"noopener\"><span style=\"text-decoration: underline;\"><span style=\"color: #0000ff; text-decoration: underline;\">Aditivo n\u00ba 02 ao Edital n\u00ba 36\/2024 &#8211; PPCL\/UERN<\/span><\/span><\/a><\/li><\/ul><p><span style=\"color: #000000;\"><strong>PROCESSO SELETIVO PARA ALUNOS ESPECIAIS &#8211; 2024.2<\/strong><\/span><\/p><ul><li><div><span style=\"color: #0000ff;\"><a style=\"color: #0000ff;\" href=\"https:\/\/drive.google.com\/file\/d\/1tKlaWsaXcm7gZesz-1oqfD5LTo3QPcr5\/view?usp=sharing\" target=\"_blank\" rel=\"noopener\">Edital n\u00ba 25\/2024 &#8211; PPCL\/UERN (Processo Seletivo para Alunos Especiais &#8211; 2024.2)<\/a><\/span><\/div><\/li><li><span style=\"color: #0000ff;\"><a style=\"color: #0000ff;\" href=\"https:\/\/docs.google.com\/document\/d\/1v2uNxBW-Suk5p-Ia-siT6GfuXuJTL2VGcx77DZDNhtU\/edit?usp=drive_link\" target=\"_blank\" rel=\"noopener\">Aditivo n\u00ba 01 ao Edital n\u00ba 25\/2024 \u2013 PPCL\/UERN<\/a><\/span><\/li><li><span style=\"color: #0000ff;\"><a style=\"color: #0000ff;\" href=\"https:\/\/drive.google.com\/file\/d\/1-KezxI7SdgTAMiob_OVQ0jMhA0SuVJoD\/view?usp=sharing\" target=\"_blank\" rel=\"noopener\">Aditivo n\u00ba 02 ao Edital n\u00ba 25\/2024 &#8211; PPCL\/UERN<\/a><\/span><\/li><li><span style=\"color: #0000ff;\"><a style=\"color: #0000ff;\" href=\"https:\/\/docs.google.com\/document\/d\/1a77Sh68Pb3xn832VIMsR5gPrYLZ-W4D0\/edit?usp=drive_link&amp;ouid=108572602878053382328&amp;rtpof=true&amp;sd=true\" target=\"_blank\" rel=\"noopener\">Edital n\u00ba 33\/2024 &#8211; PPCL\/UERN (Homologa\u00e7\u00e3o das Inscri\u00e7\u00f5es)<\/a><\/span><\/li><li><span style=\"color: #0000ff;\"><a style=\"color: #0000ff;\" href=\"https:\/\/docs.google.com\/document\/d\/1YqZs1adNAWila18ONsnwO6ftqQIz7PFLJB-EWJZp1Dc\/edit?usp=sharing\" target=\"_blank\" rel=\"noopener\">Retifica\u00e7\u00e3o n\u00ba 01 ao Edital n\u00ba 33\/2024 &#8211; PPCL\/UERN<\/a><\/span><\/li><li><a href=\"https:\/\/docs.google.com\/document\/d\/14n05QSKO8458cThccGcMF5zbgzk22nX1Cnpw4_fvZ0c\/edit?usp=sharing\" target=\"_blank\" rel=\"noopener\"><span style=\"color: #0000ff;\">Edital n\u00ba 34\/2024 &#8211; PPCL\/UERN (Resultado Final)<\/span><\/a><\/li><\/ul><p><span style=\"color: #000000;\"><strong>MATR\u00cdCULAS 2024.2 &#8211; ALUNO(A)S REGULARES<\/strong><\/span><\/p><ul><li><a href=\"https:\/\/docs.google.com\/document\/d\/1C8zKPPZr4EImAS1CyX-3xk7uuXfO0bzEt7Xp5R9A-u8\/edit?usp=drive_link\" target=\"_blank\" rel=\"noopener\"><span style=\"color: #0000ff;\">Edital n\u00ba 31\/2024 &#8211; PPCL\/UERN (Matr\u00edculas 2024.2 &#8211; Aluno(a)s Regulares)<\/span><\/a><\/li><li><span style=\"color: #0000ff;\"><a style=\"color: #0000ff;\" href=\"https:\/\/docs.google.com\/document\/d\/1VxqGXtRaFvukgWdMSDJOSGIlND3vSWpmJNemxKXbuws\/edit?usp=sharing\" target=\"_blank\" rel=\"noopener\">Quadro de Disciplinas 2024.2<\/a><\/span><\/li><li><span style=\"color: #0000ff;\"><a style=\"color: #0000ff;\" href=\"https:\/\/docs.google.com\/document\/d\/1vi0OUaHIRgyR7m_Mw85-hvhd6UBxxdd7\/export?format=doc\" target=\"_blank\" rel=\"noopener\">Requerimento de Matr\u00edcula Institucional<\/a><\/span><\/li><\/ul><p><span style=\"color: #000000;\"><strong>MATR\u00cdCULAS 2024.1 &#8211; ALUNOS REGULARES<\/strong><\/span><\/p><ul><li><span style=\"color: #0000ff;\"><a style=\"color: #0000ff;\" href=\"https:\/\/docs.google.com\/document\/d\/1oCv1CvbDe6U6tdk101ATnJ_E_-qxDNNjiRAjdYmYFRE\/edit?usp=drive_link\" target=\"_blank\" rel=\"noopener\">Edital n\u00ba 01\/2024 &#8211; PPCL\/UERN (Matr\u00edculas 2024.1 &#8211; Alunos Regulares)<\/a><\/span><\/li><li><a href=\"https:\/\/docs.google.com\/document\/d\/1zRq5d2Q5Lj6CAb4HTFPEGWPKiVotZ-zA7wZyFj6UDDI\/edit?usp=drive_link\" target=\"_blank\" rel=\"noopener\"><span style=\"color: #0000ff;\">Aditivo n\u00ba 01 ao Edital n\u00ba 01\/2024 &#8211; PPCL\/UERN<\/span><\/a><\/li><\/ul><p><span style=\"color: #000000;\"><strong>PROCESSO SELETIVO PARA ALUNOS ESPECIAIS &#8211; 2024.1<\/strong><\/span><\/p><ul><li><div><span style=\"color: #0000ff;\"><a style=\"color: #0000ff;\" href=\"https:\/\/docs.google.com\/document\/d\/1v7gANJUbh1Wdz2JitngTM-s2akDpS4PjxR8BpVZ95Jo\/edit?usp=drive_link\" target=\"_blank\" rel=\"noopener\">Edital n\u00ba 02\/2024 &#8211; PPCL\/UERN (Processo Seletivo para Alunos Especiais &#8211; 2024.1)<\/a><\/span><\/div><\/li><li><div><span style=\"color: #0000ff;\"><a style=\"color: #0000ff;\" href=\"https:\/\/docs.google.com\/document\/d\/1-fE4fxKnwYgCSoyoqdk4fhhHaUJ9ArVIUeecIIU9Gg8\/edit?usp=drive_link\" target=\"_blank\" rel=\"noopener\">Aditivo n\u00b0 01 ao Edital n\u00b0 02\/2024 &#8211; PPCL\/UERN<\/a><\/span><\/div><\/li><li><div><span style=\"color: #0000ff;\"><a style=\"color: #0000ff;\" href=\"https:\/\/docs.google.com\/document\/d\/1Ih4araJen_72YRSKOjaxmL5aMdmvosgu\/edit?usp=drive_link&amp;ouid=108572602878053382328&amp;rtpof=true&amp;sd=true\" target=\"_blank\" rel=\"noopener\">Edital n\u00b0 03\/2024 &#8211; PPCL\/UERN (Homologa\u00e7\u00e3o das Inscri\u00e7\u00f5es)<\/a><\/span><\/div><\/li><li><div><a href=\"https:\/\/docs.google.com\/document\/d\/1lCVBAZTq2pugbpLh8gpkulRjmHX-rpMoxP5dOAJlZcw\/edit?usp=drive_link\" target=\"_blank\" rel=\"noopener\"><span style=\"color: #0000ff;\">Edital n\u00ba 04\/2024 &#8211; PPCL\/UERN (Resultado Final)<\/span><\/a><\/div><\/li><\/ul><p><span style=\"color: #000000;\"><strong>PROCESSO SELETIVO PARA ALUNOS ESPECIAIS &#8211; 2024.1<\/strong><\/span><\/p><ul><li><div><a href=\"https:\/\/docs.google.com\/document\/d\/1s-2p5wG3pij4rzve8T8MoxWlzM3P5-z6fFngf2qXh_k\/edit?usp=drive_link\" target=\"_blank\" rel=\"noopener\"><span style=\"color: #0000ff;\">Edital n\u00ba 10\/2024 &#8211; PPCL\/UERN (Processo Seletivo para Alunos Especiais &#8211; 2024.1)<\/span><\/a><\/div><\/li><li><div><span style=\"color: #0000ff;\"><a style=\"color: #0000ff;\" href=\"https:\/\/docs.google.com\/document\/d\/17OarNXXXJ8byydlHXbfxmr7y0YkYPUeX\/edit?usp=drive_link&amp;ouid=108572602878053382328&amp;rtpof=true&amp;sd=true\" target=\"_blank\" rel=\"noopener\">Edital n\u00b0 12\/2024 &#8211; PPCL\/UERN (Homologa\u00e7\u00e3o das Inscri\u00e7\u00f5es)<\/a><\/span><\/div><\/li><li><span style=\"color: #0000ff;\"><a style=\"color: #0000ff;\" href=\"https:\/\/docs.google.com\/document\/d\/1iwsaSMnkrhkGsUw85t4uBWmrrOSbPyL2EnNg6TYFzO4\/edit?usp=sharing\" target=\"_blank\" rel=\"noopener\">Edital n\u00b0 13\/2024 &#8211; PPCL\/UERN (Resultado Final)<\/a><\/span><\/li><\/ul><p><span style=\"color: #000000;\"><strong>PROCESSO SELETIVO PARA ALUNOS ESPECIAIS &#8211; 2024.1<\/strong><\/span><\/p><ul><li><div><span style=\"color: #0000ff;\"><a style=\"color: #0000ff;\" href=\"https:\/\/docs.google.com\/document\/d\/19lrwoYNg7yG5a_K6d7vZCQ_vgI8ctP6f3Ym1D8o9gVg\/edit?usp=drive_link\" target=\"_blank\" rel=\"noopener\">Edital n\u00ba 19\/2024 &#8211; PPCL\/UERN<\/a><\/span><\/div><\/li><li><div><a href=\"https:\/\/docs.google.com\/document\/d\/1z_YpMIL9OZBjmcVR6gsavqQ3zZR1Xt23\/edit?usp=drive_link&amp;ouid=108572602878053382328&amp;rtpof=true&amp;sd=true\" target=\"_blank\" rel=\"noopener\"><span style=\"color: #0000ff;\">Edital n\u00ba 20\/2024 &#8211; PPCL\/UERN (Homologa\u00e7\u00e3o das Inscri\u00e7\u00f5es)<\/span><\/a><\/div><\/li><\/ul><p><span style=\"color: #000000;\"><strong>PROCESSO SELETIVO \/ BOLSAS DE DEMANDA SOCIAL \/ CAPES &#8211; 2024<\/strong><\/span><\/p><ul><li><div><span style=\"color: #0000ff;\"><a style=\"color: #0000ff;\" href=\"https:\/\/docs.google.com\/document\/d\/1gV_hN5gyYrJzKJAeXsdDv51BrcCr4fviuX-bQmZxzYY\/edit?usp=drive_link\" target=\"_blank\" rel=\"noopener\">Edital n\u00ba 05\/2024 &#8211; PPCL\/UERN (Bolsas de Demanda Social\/Capes &#8211; 2024)<\/a><\/span><\/div><\/li><li><div><span style=\"color: #0000ff;\"><a style=\"color: #0000ff;\" href=\"https:\/\/docs.google.com\/document\/d\/1gGJYulxV0tZSzkfS_WVQYbWqZxygJOhs\/edit?usp=drive_link&amp;ouid=108572602878053382328&amp;rtpof=true&amp;sd=true\" target=\"_blank\" rel=\"noopener\">Edital n\u00b0 07\/2024 &#8211; PPCL\/UERN (Homologa\u00e7\u00e3o das Inscri\u00e7\u00f5es)<\/a><\/span><\/div><\/li><li><div><span style=\"color: #0000ff;\"><a style=\"color: #0000ff;\" href=\"https:\/\/docs.google.com\/document\/d\/1a27m_SEQ_a0qrHAr_8qx6dc0IEesP-q6jHNImyzqFk8\/edit?usp=drive_link\" target=\"_blank\" rel=\"noopener\">Aditivo n\u00b0 01 ao Edital n\u00b0 05\/2024 &#8211; PPCL\/UERN<\/a><\/span><\/div><\/li><li><div><span style=\"color: #0000ff;\"><a style=\"color: #0000ff;\" href=\"https:\/\/docs.google.com\/document\/d\/13XC6_N_iQMYlsS-VypQvTp0oM0jj7quGtvZnhVQkXHg\/edit?usp=drive_link\" target=\"_blank\" rel=\"noopener\">Edital n\u00b0 08\/2024 &#8211; PPCL\/UERN (Resultado Parcial)<\/a><\/span><\/div><\/li><li><div><a href=\"https:\/\/docs.google.com\/document\/d\/1YqNAgJIfL1mEI9DsQXtLRIYQc8S2Pzz7-IVMsW2GIk8\/edit?usp=drive_link\" target=\"_blank\" rel=\"noopener\"><span style=\"color: #0000ff;\">Edital n\u00ba 09\/2024 &#8211; PPCL\/UERN (Resultado Final)<\/span><\/a><\/div><div>\u00a0<\/div><\/li><\/ul><p><span style=\"color: #000000;\"><strong>PROCESSO SELETIVO PARA ALUNOS REGULARES &#8211; 2024<\/strong><\/span><\/p><ul><li><div><a href=\"https:\/\/docs.google.com\/document\/d\/1ddRSbOkc93iAYsepszLHP8Q2CcWTxN4obxWOCcBWO8U\/edit?usp=drive_link\" target=\"_blank\" rel=\"noopener\"><span style=\"color: #0000ff;\">Edital n\u00ba 06\/2024 &#8211; PPCL\/UERN (Processo Seletivo para Alunos Regulares 2024)<\/span><\/a><\/div><\/li><li><div><span style=\"color: #0000ff;\"><a style=\"color: #0000ff;\" href=\"https:\/\/docs.google.com\/document\/d\/1j-RNVP-qfA_FhpN-j0sP-LhkrLvZnk_Tm5DN3puUXZY\/edit?usp=drive_link\" target=\"_blank\" rel=\"noopener\">Aditivo n\u00ba 01 ao Edital n\u00ba 06\/2024 &#8211; PPCL\/UERN<\/a><\/span><\/div><\/li><li><div><span style=\"color: #0000ff;\"><a style=\"color: #0000ff;\" href=\"https:\/\/docs.google.com\/document\/d\/1_QKeM8Lfu3f0QPtu8KSZZOUjd7KTV0sd\/edit?usp=drive_link&amp;ouid=108572602878053382328&amp;rtpof=true&amp;sd=true\" target=\"_blank\" rel=\"noopener\">Edital n\u00b0 11\/2024 &#8211; PPCL\/UERN (Homologa\u00e7\u00e3o das Inscri\u00e7\u00f5es)<\/a><\/span><\/div><\/li><li><div><span style=\"color: #0000ff;\"><a style=\"color: #0000ff;\" href=\"https:\/\/docs.google.com\/document\/d\/1NUAgI93SelOLmWmDbi21kIOXVxfCLfYrUUIoTR0bLxw\/edit?usp=sharing\" target=\"_blank\" rel=\"noopener\">Retifica\u00e7\u00e3o n\u00b0 01 ao Edital n\u00b0 06\/2024 &#8211; PPCL\/UERN<\/a><\/span><\/div><\/li><li><div><span style=\"color: #0000ff;\"><a style=\"color: #0000ff;\" href=\"https:\/\/docs.google.com\/document\/d\/1AvUsb-x7zwYn6vtGA1zkG65X81Y36UHfocRSWSIBUT8\/edit?usp=drive_link\" target=\"_blank\" rel=\"noopener\">Hor\u00e1rio e Local de Prova<\/a><\/span><\/div><\/li><li><div><span style=\"color: #0000ff;\"><a style=\"color: #0000ff;\" href=\"https:\/\/drive.google.com\/file\/d\/1bFeJI7uyYHROh6lBpcnN2VktdDfs7l7e\/view?usp=drive_link\" target=\"_blank\" rel=\"noopener\">Edital n\u00ba 14\/2024 &#8211; PPCL\/UERN (Resultado da Prova Escrita)<\/a><\/span><\/div><\/li><li><span style=\"color: #0000ff;\"><a style=\"color: #0000ff;\" href=\"https:\/\/drive.google.com\/file\/d\/1jiCDmZqcZU_8ImXHm7J5JxsAkBFZLfe7\/view?usp=drive_link\" target=\"_blank\" rel=\"noopener\">Edital n\u00ba 15\/2024 &#8211; PPCL\/UERN (Recursos ao Resultado da Prova Escrita)<\/a><\/span><\/li><li><span style=\"color: #0000ff;\"><a style=\"color: #0000ff;\" href=\"https:\/\/drive.google.com\/file\/d\/1-yXLbTfJpBtNjoSUfqhNfLcbqSRLc-37\/view?usp=drive_link\" target=\"_blank\" rel=\"noopener\">Aditivo n\u00ba 02 ao Edital n\u00ba 06\/2024 &#8211; PPCL\/UERN<\/a><\/span><\/li><li><span style=\"color: #0000ff;\"><a style=\"color: #0000ff;\" href=\"https:\/\/drive.google.com\/file\/d\/1pTCIwoythpLWFJ0nDJTtHJutk6X3fDq-\/view?usp=drive_link\" target=\"_blank\" rel=\"noopener\">Edital n\u00ba 21\/2024 &#8211; PPCL\/UERN (Resultado da An\u00e1lise dos Anteprojetos)<\/a><\/span><\/li><li><span style=\"color: #0000ff;\"><a style=\"color: #0000ff;\" href=\"https:\/\/drive.google.com\/file\/d\/1RSsPW_2o0FjaYN-2dLXnyky-vfrKCq43\/view?usp=drive_link\" target=\"_blank\" rel=\"noopener\">Edital n\u00ba 22\/2024 &#8211; PPCL\/UERN (Recursos ao Resultado da An\u00e1lise dos Anteprojetos)<\/a><\/span><\/li><li><span style=\"color: #0000ff;\"><a style=\"color: #0000ff;\" href=\"https:\/\/docs.google.com\/document\/d\/1DfTuZpJoAY2TKaSF6P2Xn_Uj4hamOAgcXPsXIbWGR9U\/edit?usp=sharing\" target=\"_blank\" rel=\"noopener\">Edital n\u00ba 23\/2024 &#8211; PPCL\/UERN (Cronograma de Entrevistas)<\/a><\/span><\/li><li><span style=\"color: #0000ff;\"><a style=\"color: #0000ff;\" href=\"https:\/\/docs.google.com\/document\/d\/1ofJ7Bv7slXdpLQK33MdxfJsXXELL76ejpOAfiv6EUlk\/edit?usp=drive_link\" target=\"_blank\" rel=\"noopener\">Edital n\u00ba 24\/2024 &#8211; PPCL\/UERN (Resultado das Entrevistas)<\/a><\/span><\/li><li><span style=\"color: #0000ff;\"><a style=\"color: #0000ff;\" href=\"https:\/\/docs.google.com\/document\/d\/14X735TLLIcwg7ZqUAdD7SYxJSEOAgay4pdP9lTXgLjA\/edit?usp=sharing\" target=\"_blank\" rel=\"noopener\">Edital n\u00ba 26\/2024 &#8211; PPCL\/UERN (Resultado da An\u00e1lise dos Curr\u00edculos)<\/a><\/span><\/li><li><span style=\"color: #0000ff;\"><a style=\"color: #0000ff;\" href=\"https:\/\/docs.google.com\/document\/d\/1Ivn-rmqCZNIKfK1PG7ve4DW73vozJLpn94fr5Vnyy08\/edit?usp=sharing\" target=\"_blank\" rel=\"noopener\">Edital n\u00ba 27\/2024 &#8211; PPCL\/UERN (Resultado Parcial Sele\u00e7\u00e3o 2024)<\/a><\/span><\/li><li><span style=\"color: #0000ff;\"><a style=\"color: #0000ff;\" href=\"https:\/\/docs.google.com\/document\/d\/1kOKffJcsGuqv4snATxY5wgzNPu1xoWPw\/edit?usp=sharing&amp;ouid=108572602878053382328&amp;rtpof=true&amp;sd=true\" target=\"_blank\" rel=\"noopener\">Edital n\u00ba 28\/2024 &#8211; PPCL\/UERN (Convoca\u00e7\u00e3o para Heteroidentifica\u00e7\u00e3o)<\/a><\/span><\/li><li><span style=\"color: #0000ff;\"><a style=\"color: #0000ff;\" href=\"https:\/\/docs.google.com\/document\/d\/1AjomOW4_lAhU1A2OCAGohvb3AZ9aeLAy\/edit?usp=drive_link&amp;ouid=108572602878053382328&amp;rtpof=true&amp;sd=true\" target=\"_blank\" rel=\"noopener\">Edital n\u00ba 29\/2024 &#8211; PPCL\/UERN (Resultado de Recurso ao Resultado Parcial)<\/a><\/span><\/li><li><span style=\"color: #0000ff;\"><a style=\"color: #0000ff;\" href=\"https:\/\/docs.google.com\/document\/d\/1mLY6BRwY09opW8daYOijpIfP0rtBpp7F\/edit?usp=sharing&amp;ouid=108572602878053382328&amp;rtpof=true&amp;sd=true\" target=\"_blank\" rel=\"noopener\">Edital n\u00ba 30\/2024 &#8211; PPCL\/UERN (Resultado da Heteroidentifica\u00e7\u00e3o)<\/a><\/span><\/li><li><span style=\"color: #0000ff;\"><a style=\"color: #0000ff;\" href=\"https:\/\/docs.google.com\/document\/d\/101vDr_XizKu-zfuNmix42ghKKlmUXtOABolIiIFHASI\/edit?usp=drive_link\" target=\"_blank\" rel=\"noopener\">Edital n\u00ba 32\/2024 \u2013 PPCL\/UERN (Resultado Final Sele\u00e7\u00e3o 2024)<\/a><\/span><\/li><\/ul><p><span style=\"color: #000000;\"><strong>PROCESSO ELEITORAL PARA COORDENA\u00c7\u00c3O E VICE-COORDENA\u00c7\u00c3O DO PPCL (BI\u00caNIO 2024 &#8211; 2026)<\/strong><\/span><\/p><ul><li><a href=\"https:\/\/docs.google.com\/document\/d\/1rzniMJKzsTmJX8w0c2I4cwS47QTrdFgr\/edit?usp=drive_link&amp;ouid=108572602878053382328&amp;rtpof=true&amp;sd=true\" target=\"_blank\" rel=\"noopener\"><span style=\"color: #0000ff;\">Edital n\u00ba 16\/2024 &#8211; PPCL\/UERN<\/span><\/a><\/li><\/ul><p><span style=\"color: #000000;\"><strong>COLEGIADO REPRESENTATIVO DO PPCL (2024 &#8211; 2025) \/ REPRESENTANTES DOCENTES<\/strong><\/span><\/p><ul><li><a href=\"https:\/\/docs.google.com\/document\/d\/1C1XfId1bm6JyWLMSV8Tztb7S8QThvoWa\/edit?usp=drive_link&amp;ouid=108572602878053382328&amp;rtpof=true&amp;sd=true\" target=\"_blank\" rel=\"noopener\"><span style=\"color: #0000ff;\">Edital n\u00ba 17\/2024 &#8211; PPCL\/UERN<\/span><\/a><\/li><\/ul><p><span style=\"color: #000000;\"><strong>COLEGIADO REPRESENTATIVO DO PPCL (2024 &#8211; 2025) \/ REPRESENTANTE DISCENTE<\/strong><\/span><\/p><ul><li><div id=\"site\"><div id=\"margem\"><div id=\"corpo\"><div id=\"conteudo\"><div class=\"texto\"><div><div><div><div><div><div><div><div><div><div><div><div><div><div><div><div><div><div><div><div><div><div><a href=\"https:\/\/docs.google.com\/document\/d\/16j8i5kHbY_cxyCfn6YOcJnkQW1wCeaiw\/edit?usp=drive_link&amp;ouid=108572602878053382328&amp;rtpof=true&amp;sd=true\" target=\"_blank\" rel=\"noopener\"><span style=\"color: #0000ff;\">Edital n\u00ba 18\/2024 &#8211; PPCL\/UERN<\/span><\/a><\/div><\/div><\/div><\/div><\/div><\/div><\/div><\/div><\/div><\/div><\/div><\/div><\/div><\/div><\/div><\/div><\/div><\/div><\/div><\/div><\/div><\/div><\/div><\/div><\/div><\/div><\/div><\/li><\/ul>\t\t\t\t\t\t\t\t<\/div>\n\t\t\t\t<\/div>\n\t\t\t\t\t<\/div>\n\t\t\t\t<\/div>\n\t\t\t\t<\/div>\n\t\t","protected":false},"excerpt":{"rendered":"<p>Editais 2024 PROCESSO SELETIVO &#8211; ALUNOS(AS) REGULARES 2025 Edital n\u00ba 35\/2024 &#8211; PPCL\/UERN (Processo Seletivo &#8211; Alunos(as) Regulares 2025) Formul\u00e1rio Eletr\u00f4nico de Inscri\u00e7\u00e3o (SIGAA) Aditivo n\u00ba 01 ao Edital n\u00ba 35\/2024 &#8211; PPCL\/UERN Aditivo n\u00ba 02 ao Edital n\u00ba 35\/2024 &#8211; PPCL\/UERN Aditivo n\u00ba 03 ao Edital n\u00ba 35\/2024 &#8211; PPCL\/UERN Edital n\u00ba 04\/2025 &#8211; [&hellip;]<\/p>\n","protected":false},"author":5,"featured_media":0,"parent":0,"menu_order":0,"comment_status":"closed","ping_status":"closed","template":"","meta":{"site-sidebar-layout":"no-sidebar","site-content-layout":"page-builder","ast-site-content-layout":"full-width-container","site-content-style":"default","site-sidebar-style":"default","ast-global-header-display":"","ast-banner-title-visibility":"","ast-main-header-display":"","ast-hfb-above-header-display":"","ast-hfb-below-header-display":"","ast-hfb-mobile-header-display":"","site-post-title":"disabled","ast-breadcrumbs-content":"","ast-featured-img":"disabled","footer-sml-layout":"","theme-transparent-header-meta":"","adv-header-id-meta":"","stick-header-meta":"","header-above-stick-meta":"","header-main-stick-meta":"","header-below-stick-meta":"","astra-migrate-meta-layouts":"set","ast-page-background-enabled":"default","ast-page-background-meta":{"desktop":{"background-color":"var(--ast-global-color-4)","background-image":"","background-repeat":"repeat","background-position":"center center","background-size":"auto","background-attachment":"scroll","background-type":"","background-media":"","overlay-type":"","overlay-color":"","overlay-opacity":"","overlay-gradient":""},"tablet":{"background-color":"","background-image":"","background-repeat":"repeat","background-position":"center center","background-size":"auto","background-attachment":"scroll","background-type":"","background-media":"","overlay-type":"","overlay-color":"","overlay-opacity":"","overlay-gradient":""},"mobile":{"background-color":"","background-image":"","background-repeat":"repeat","background-position":"center center","background-size":"auto","background-attachment":"scroll","background-type":"","background-media":"","overlay-type":"","overlay-color":"","overlay-opacity":"","overlay-gradient":""}},"ast-content-background-meta":{"desktop":{"background-color":"var(--ast-global-color-5)","background-image":"","background-repeat":"repeat","background-position":"center center","background-size":"auto","background-attachment":"scroll","background-type":"","background-media":"","overlay-type":"","overlay-color":"","overlay-opacity":"","overlay-gradient":""},"tablet":{"background-color":"var(--ast-global-color-5)","background-image":"","background-repeat":"repeat","background-position":"center center","background-size":"auto","background-attachment":"scroll","background-type":"","background-media":"","overlay-type":"","overlay-color":"","overlay-opacity":"","overlay-gradient":""},"mobile":{"background-color":"var(--ast-global-color-5)","background-image":"","background-repeat":"repeat","background-position":"center center","background-size":"auto","background-attachment":"scroll","background-type":"","background-media":"","overlay-type":"","overlay-color":"","overlay-opacity":"","overlay-gradient":""}},"footnotes":""},"class_list":["post-2121","page","type-page","status-publish","hentry"],"_links":{"self":[{"href":"http:\/\/ppcl.uern.br\/index.php?rest_route=\/wp\/v2\/pages\/2121","targetHints":{"allow":["GET"]}}],"collection":[{"href":"http:\/\/ppcl.uern.br\/index.php?rest_route=\/wp\/v2\/pages"}],"about":[{"href":"http:\/\/ppcl.uern.br\/index.php?rest_route=\/wp\/v2\/types\/page"}],"author":[{"embeddable":true,"href":"http:\/\/ppcl.uern.br\/index.php?rest_route=\/wp\/v2\/users\/5"}],"replies":[{"embeddable":true,"href":"http:\/\/ppcl.uern.br\/index.php?rest_route=%2Fwp%2Fv2%2Fcomments&post=2121"}],"version-history":[{"count":160,"href":"http:\/\/ppcl.uern.br\/index.php?rest_route=\/wp\/v2\/pages\/2121\/revisions"}],"predecessor-version":[{"id":3796,"href":"http:\/\/ppcl.uern.br\/index.php?rest_route=\/wp\/v2\/pages\/2121\/revisions\/3796"}],"wp:attachment":[{"href":"http:\/\/ppcl.uern.br\/index.php?rest_route=%2Fwp%2Fv2%2Fmedia&parent=2121"}],"curies":[{"name":"wp","href":"https:\/\/api.w.org\/{rel}","templated":true}]}}