{"id":190,"date":"2023-09-30T14:26:28","date_gmt":"2023-09-30T17:26:28","guid":{"rendered":"http:\/\/ppcl.uern.br?page_id=190"},"modified":"2024-11-18T15:45:06","modified_gmt":"2024-11-18T18:45:06","slug":"coordenacao-e-contatos","status":"publish","type":"page","link":"http:\/\/ppcl.uern.br\/?page_id=190","title":{"rendered":"Coordena\u00e7\u00e3o e Contatos"},"content":{"rendered":"\t\t<div data-elementor-type=\"wp-page\" data-elementor-id=\"190\" class=\"elementor elementor-190\" data-elementor-post-type=\"page\">\n\t\t\t\t<div class=\"elementor-element elementor-element-402545c e-flex e-con-boxed e-con e-parent\" data-id=\"402545c\" data-element_type=\"container\">\n\t\t\t\t\t<div class=\"e-con-inner\">\n\t\t<div class=\"elementor-element elementor-element-1d1887b e-flex e-con-boxed e-con e-child\" data-id=\"1d1887b\" data-element_type=\"container\">\n\t\t\t\t\t<div class=\"e-con-inner\">\n\t\t<div class=\"elementor-element elementor-element-5193046 e-flex e-con-boxed e-con e-child\" data-id=\"5193046\" data-element_type=\"container\">\n\t\t\t\t\t<div class=\"e-con-inner\">\n\t\t\t\t<div class=\"elementor-element elementor-element-f8a7999 elementor-widget elementor-widget-heading\" data-id=\"f8a7999\" data-element_type=\"widget\" data-widget_type=\"heading.default\">\n\t\t\t\t<div class=\"elementor-widget-container\">\n\t\t\t\t\t<h2 class=\"elementor-heading-title elementor-size-default\">Programa de P\u00f3s-Gradua\u00e7\u00e3o em Ci\u00eancias da Linguagem (PPCL)\n<\/h2>\t\t\t\t<\/div>\n\t\t\t\t<\/div>\n\t\t\t\t<div class=\"elementor-element elementor-element-18a6303 elementor-widget__width-initial elementor-widget elementor-widget-text-editor\" data-id=\"18a6303\" data-element_type=\"widget\" data-widget_type=\"text-editor.default\">\n\t\t\t\t<div class=\"elementor-widget-container\">\n\t\t\t\t\t\t\t\t\t<p><strong>Mestrado Acad\u00eamico em Ci\u00eancias da Linguagem<\/strong><\/p><p>UERN &#8211; Campus Central |\u00a0<span style=\"font-style: inherit; font-weight: inherit; color: var( --e-global-color-text ); font-family: var( --e-global-typography-text-font-family ), Sans-serif; text-align: var(--text-align); background-color: var(--ast-global-color-5);\">Av. Prof. Ant\u00f4nio Campos, Bairro Presidente Costa e Silva, CEP: 59610-090, Mossor\u00f3\/RN |\u00a0<\/span><span style=\"background-color: var(--ast-global-color-5); color: var( --e-global-color-text ); font-family: var( --e-global-typography-text-font-family ), Sans-serif; font-style: inherit; font-weight: inherit; text-align: var(--text-align);\">Faculdade de Letras e Artes (FALA), Sede I (Sala n\u00ba 03, Bloco II)<\/span><\/p><p>\u00a0<\/p>\t\t\t\t\t\t\t\t<\/div>\n\t\t\t\t<\/div>\n\t\t\t\t\t<\/div>\n\t\t\t\t<\/div>\n\t\t<div class=\"elementor-element elementor-element-10975b3 e-con-full e-flex e-con e-child\" data-id=\"10975b3\" data-element_type=\"container\">\n\t\t\t\t<div class=\"elementor-element elementor-element-36db2dc elementor-widget elementor-widget-image\" data-id=\"36db2dc\" data-element_type=\"widget\" data-widget_type=\"image.default\">\n\t\t\t\t<div class=\"elementor-widget-container\">\n\t\t\t\t\t\t\t\t\t\t\t\t\t\t\t<img decoding=\"async\" src=\"http:\/\/ppcl.uern.br\/wp-content\/uploads\/2024\/05\/FOTO-FALA-1.jpeg\" title=\"\" alt=\"\" loading=\"lazy\" \/>\t\t\t\t\t\t\t\t\t\t\t\t\t\t\t<\/div>\n\t\t\t\t<\/div>\n\t\t\t\t<\/div>\n\t\t\t\t\t<\/div>\n\t\t\t\t<\/div>\n\t\t<div class=\"elementor-element elementor-element-c34b592 e-con-full e-flex e-con e-child\" data-id=\"c34b592\" data-element_type=\"container\">\n\t\t<div class=\"elementor-element elementor-element-34b671f e-con-full e-flex e-con e-child\" data-id=\"34b671f\" data-element_type=\"container\">\n\t\t\t\t<div class=\"elementor-element elementor-element-52ff594 elementor-widget elementor-widget-heading\" data-id=\"52ff594\" data-element_type=\"widget\" data-widget_type=\"heading.default\">\n\t\t\t\t<div class=\"elementor-widget-container\">\n\t\t\t\t\t<h2 class=\"elementor-heading-title elementor-size-default\">Coordena\u00e7\u00e3o<\/h2>\t\t\t\t<\/div>\n\t\t\t\t<\/div>\n\t\t\t\t<div class=\"elementor-element elementor-element-e527c10 elementor-widget__width-initial elementor-widget-mobile__width-initial elementor-widget elementor-widget-text-editor\" data-id=\"e527c10\" data-element_type=\"widget\" data-widget_type=\"text-editor.default\">\n\t\t\t\t<div class=\"elementor-widget-container\">\n\t\t\t\t\t\t\t\t\t<p><span style=\"font-weight: bold;\">Coordenadora:<\/span>\u00a0Profa. Dra. Ver\u00f4nica Palmira Salme de Arag\u00e3o<br \/><span style=\"font-weight: bold;\">Email:<\/span> coordenacao.ppcl@gmail.com<\/p><p><span style=\"font-weight: bold;\">Vice-Coordenador:<\/span> Prof. Dr. Francisco Paulo da Silva<br \/><span style=\"font-weight: bold;\">Email:<\/span> paulosilva@uern.br<\/p><p><strong>Secret\u00e1rio:<\/strong> Myller Eduardo de Freitas Fonseca<br \/><strong>Email:<\/strong> ppcl@mestrado.uern.br \/ myllerfreitas@uern.br<br \/><strong>Telefone:<\/strong> (84) 93500-1919 (Whatsapp)<br \/><strong>Expediente Presencial:<\/strong> das 10h \u00e0s 16h<\/p>\t\t\t\t\t\t\t\t<\/div>\n\t\t\t\t<\/div>\n\t\t\t\t<\/div>\n\t\t\t\t<\/div>\n\t\t<div class=\"elementor-element elementor-element-1adf3fb e-con-full e-flex e-con e-child\" data-id=\"1adf3fb\" data-element_type=\"container\">\n\t\t<div class=\"elementor-element elementor-element-cfe7375 e-con-full e-flex e-con e-child\" data-id=\"cfe7375\" data-element_type=\"container\">\n\t\t\t\t<div class=\"elementor-element elementor-element-3663cbc elementor-widget elementor-widget-heading\" data-id=\"3663cbc\" data-element_type=\"widget\" data-widget_type=\"heading.default\">\n\t\t\t\t<div class=\"elementor-widget-container\">\n\t\t\t\t\t<h2 class=\"elementor-heading-title elementor-size-default\">Localiza\u00e7\u00e3o<\/h2>\t\t\t\t<\/div>\n\t\t\t\t<\/div>\n\t\t\t\t<div class=\"elementor-element elementor-element-ec2491a elementor-widget elementor-widget-google_maps\" data-id=\"ec2491a\" data-element_type=\"widget\" data-widget_type=\"google_maps.default\">\n\t\t\t\t<div class=\"elementor-widget-container\">\n\t\t\t\t\t\t\t<div class=\"elementor-custom-embed\">\n\t\t\t<iframe loading=\"lazy\"\n\t\t\t\t\tsrc=\"https:\/\/maps.google.com\/maps?q=5%C2%B012%2718.4%22S%2037%C2%B019%2701.6%22W&#038;t=m&#038;z=15&#038;output=embed&#038;iwloc=near\"\n\t\t\t\t\ttitle=\"5\u00b012&#039;18.4&quot;S 37\u00b019&#039;01.6&quot;W\"\n\t\t\t\t\taria-label=\"5\u00b012&#039;18.4&quot;S 37\u00b019&#039;01.6&quot;W\"\n\t\t\t><\/iframe>\n\t\t<\/div>\n\t\t\t\t\t\t<\/div>\n\t\t\t\t<\/div>\n\t\t\t\t<\/div>\n\t\t\t\t<\/div>\n\t\t\t\t\t<\/div>\n\t\t\t\t<\/div>\n\t\t\t\t<\/div>\n\t\t","protected":false},"excerpt":{"rendered":"<p>Programa de P\u00f3s-Gradua\u00e7\u00e3o em Ci\u00eancias da Linguagem (PPCL) Mestrado Acad\u00eamico em Ci\u00eancias da Linguagem UERN &#8211; Campus Central |\u00a0Av. Prof. Ant\u00f4nio Campos, Bairro Presidente Costa e Silva, CEP: 59610-090, Mossor\u00f3\/RN |\u00a0Faculdade de Letras e Artes (FALA), Sede I (Sala n\u00ba 03, Bloco II) \u00a0 Coordena\u00e7\u00e3o Coordenadora:\u00a0Profa. Dra. Ver\u00f4nica Palmira Salme de Arag\u00e3oEmail: coordenacao.ppcl@gmail.com Vice-Coordenador: Prof. [&hellip;]<\/p>\n","protected":false},"author":3,"featured_media":0,"parent":0,"menu_order":0,"comment_status":"closed","ping_status":"closed","template":"","meta":{"site-sidebar-layout":"no-sidebar","site-content-layout":"page-builder","ast-site-content-layout":"full-width-container","site-content-style":"default","site-sidebar-style":"default","ast-global-header-display":"","ast-banner-title-visibility":"","ast-main-header-display":"","ast-hfb-above-header-display":"","ast-hfb-below-header-display":"","ast-hfb-mobile-header-display":"","site-post-title":"disabled","ast-breadcrumbs-content":"","ast-featured-img":"disabled","footer-sml-layout":"","theme-transparent-header-meta":"","adv-header-id-meta":"","stick-header-meta":"","header-above-stick-meta":"","header-main-stick-meta":"","header-below-stick-meta":"","astra-migrate-meta-layouts":"set","ast-page-background-enabled":"default","ast-page-background-meta":{"desktop":{"background-color":"var(--ast-global-color-4)","background-image":"","background-repeat":"repeat","background-position":"center center","background-size":"auto","background-attachment":"scroll","background-type":"","background-media":"","overlay-type":"","overlay-color":"","overlay-opacity":"","overlay-gradient":""},"tablet":{"background-color":"","background-image":"","background-repeat":"repeat","background-position":"center center","background-size":"auto","background-attachment":"scroll","background-type":"","background-media":"","overlay-type":"","overlay-color":"","overlay-opacity":"","overlay-gradient":""},"mobile":{"background-color":"","background-image":"","background-repeat":"repeat","background-position":"center center","background-size":"auto","background-attachment":"scroll","background-type":"","background-media":"","overlay-type":"","overlay-color":"","overlay-opacity":"","overlay-gradient":""}},"ast-content-background-meta":{"desktop":{"background-color":"var(--ast-global-color-5)","background-image":"","background-repeat":"repeat","background-position":"center center","background-size":"auto","background-attachment":"scroll","background-type":"","background-media":"","overlay-type":"","overlay-color":"","overlay-opacity":"","overlay-gradient":""},"tablet":{"background-color":"var(--ast-global-color-5)","background-image":"","background-repeat":"repeat","background-position":"center center","background-size":"auto","background-attachment":"scroll","background-type":"","background-media":"","overlay-type":"","overlay-color":"","overlay-opacity":"","overlay-gradient":""},"mobile":{"background-color":"var(--ast-global-color-5)","background-image":"","background-repeat":"repeat","background-position":"center center","background-size":"auto","background-attachment":"scroll","background-type":"","background-media":"","overlay-type":"","overlay-color":"","overlay-opacity":"","overlay-gradient":""}},"footnotes":""},"class_list":["post-190","page","type-page","status-publish","hentry"],"_links":{"self":[{"href":"http:\/\/ppcl.uern.br\/index.php?rest_route=\/wp\/v2\/pages\/190","targetHints":{"allow":["GET"]}}],"collection":[{"href":"http:\/\/ppcl.uern.br\/index.php?rest_route=\/wp\/v2\/pages"}],"about":[{"href":"http:\/\/ppcl.uern.br\/index.php?rest_route=\/wp\/v2\/types\/page"}],"author":[{"embeddable":true,"href":"http:\/\/ppcl.uern.br\/index.php?rest_route=\/wp\/v2\/users\/3"}],"replies":[{"embeddable":true,"href":"http:\/\/ppcl.uern.br\/index.php?rest_route=%2Fwp%2Fv2%2Fcomments&post=190"}],"version-history":[{"count":127,"href":"http:\/\/ppcl.uern.br\/index.php?rest_route=\/wp\/v2\/pages\/190\/revisions"}],"predecessor-version":[{"id":3064,"href":"http:\/\/ppcl.uern.br\/index.php?rest_route=\/wp\/v2\/pages\/190\/revisions\/3064"}],"wp:attachment":[{"href":"http:\/\/ppcl.uern.br\/index.php?rest_route=%2Fwp%2Fv2%2Fmedia&parent=190"}],"curies":[{"name":"wp","href":"https:\/\/api.w.org\/{rel}","templated":true}]}}