{"id":168,"date":"2023-09-04T20:14:08","date_gmt":"2023-09-04T23:14:08","guid":{"rendered":"http:\/\/ppcl.uern.br?page_id=168"},"modified":"2025-08-29T12:29:08","modified_gmt":"2025-08-29T15:29:08","slug":"autoavaliacao","status":"publish","type":"page","link":"http:\/\/ppcl.uern.br\/?page_id=168","title":{"rendered":"Colegiado e Comiss\u00f5es"},"content":{"rendered":"\t\t<div data-elementor-type=\"wp-page\" data-elementor-id=\"168\" class=\"elementor elementor-168\" data-elementor-post-type=\"page\">\n\t\t\t\t<div class=\"elementor-element elementor-element-5550219 e-con-full e-flex e-con e-parent\" data-id=\"5550219\" data-element_type=\"container\">\n\t\t\t\t<div class=\"elementor-element elementor-element-06d3952 elementor-widget elementor-widget-text-editor\" data-id=\"06d3952\" data-element_type=\"widget\" data-widget_type=\"text-editor.default\">\n\t\t\t\t<div class=\"elementor-widget-container\">\n\t\t\t\t\t\t\t\t\t<h4><b>COLEGIADO DO PPCL<\/b><\/h4><h5><span style=\"color: #339966;\"><b>Docentes<\/b><\/span><\/h5><ul><li><span style=\"color: #000000;\">Alexandre Bezerra Alves<\/span><\/li><li><span style=\"color: #000000;\">Cid Ivan da Costa Carvalho<\/span><\/li><li><span style=\"color: #000000;\">Conc\u00edsia Lopes dos Santos<\/span><\/li><li><span style=\"color: #000000;\">Clerton Luiz Felix Barboza<\/span><\/li><li><span style=\"color: #000000;\">Daiany Ferreira Dantas<\/span><\/li><li><span style=\"color: #000000;\">Edgley Freire Tavares<\/span><\/li><li><span style=\"color: #000000;\">Em\u00edlio Soares Ribeiro<\/span><\/li><li><span style=\"color: #000000;\">Francisco Paulo da Silva<\/span><\/li><li><span style=\"color: #000000;\">Gilson Chicon Alves<\/span><\/li><li><span style=\"color: #000000;\">Jammara Oliveira Vasconcelos de S\u00e1<\/span><\/li><li><span style=\"color: #000000;\">Leila Maria de Ara\u00fajo Tabosa<\/span><\/li><li><span style=\"color: #000000;\">Jos\u00e9 Roberto Alves Barbosa<\/span><\/li><li><span style=\"color: #000000;\">L\u00facia Helena Medeiros da Cunha <em>(Profa. Colaboradora)<\/em><\/span><\/li><li><span style=\"color: #000000;\">Maria Eliane Souza da Silva <em>(Profa. Visitante)<\/em><\/span><\/li><li><span style=\"color: #000000;\">Mois\u00e9s Batista da Silva<\/span><\/li><li><span style=\"color: #000000;\">Nilson Roberto Barros da Silva <em>(Prof. Colaborador)<\/em><\/span><\/li><li><span style=\"color: #000000;\">Pedro Adri\u00e3o da Silva J\u00fanior<\/span><\/li><li><span style=\"color: #000000;\">Tha\u00efs Crist\u00f3faro Alves da Silva <em>(Profa. Colaboradora)<\/em><\/span><\/li><li><span style=\"color: #000000;\">Ver\u00f4nica Palmira Salme de Arag\u00e3o<\/span><\/li><\/ul><h5><span style=\"color: #339966;\"><b>Discentes<\/b><\/span><\/h5><ul><li><span style=\"color: #000000;\">Francisca Ticiany Barbosa Lopes de Oliveira <em>(Representante da Linha de Pesquisa 01)<\/em><\/span><\/li><li><span style=\"color: #000000;\">Jos\u00e9 In\u00e1cio J\u00fanior <em>(Representante da Linha de Pesquisa 02)<\/em><\/span><\/li><li><span style=\"color: #000000;\">Lucas Paulino do Nascimento <em>(Representante da Linha de Pesquisa 03)<\/em><\/span><\/li><\/ul><h5><span style=\"color: #339966;\"><b>T\u00e9cnico-Administrativo<\/b><\/span><\/h5><ul><li><span style=\"color: #000000;\">Myller Eduardo de Freitas Fonseca<\/span><\/li><\/ul><hr \/><h4>\u00a0<\/h4><h4><b>COMISS\u00d5ES DO PPCL<\/b><\/h4><p><span style=\"color: #339966;\"><b>Comiss\u00e3o de Processo Seletivo de Alunos e de Elei\u00e7\u00e3o de Coordenadores<\/b><\/span><\/p><p><a href=\"http:\/\/www.uern.br\/controledepaginas\/ppcl-documentos-regimento\/arquivos\/3507novo_regimento_mestrado_acadamico_em_ciancias_da_linguagem_uern_15_12_2020.pdf\" target=\"_blank\" rel=\"noopener\"><b>Regimento do PPCL<\/b><\/a><b> &#8211; Art. 13, I \/ Art. 14 e 15<\/b><\/p><p><a href=\"https:\/\/drive.google.com\/file\/d\/1ilnW0BAiCwuad-_DyMVOpWiN-q1zopAY\/view?usp=sharing\" target=\"_blank\" rel=\"noopener\"><em><strong>Portaria n\u00ba 16\/2024 &#8211; PPCL\/UERN<\/strong><\/em><\/a><\/p><hr \/><p><span style=\"color: #339966;\"><b>Comiss\u00e3o de Bolsas<\/b><\/span><\/p><p><a href=\"http:\/\/www.uern.br\/controledepaginas\/ppcl-documentos-regimento\/arquivos\/3507novo_regimento_mestrado_acadamico_em_ciancias_da_linguagem_uern_15_12_2020.pdf\" target=\"_blank\" rel=\"noopener\"><b>Regimento do PPCL<\/b><\/a><b> &#8211; Art. 13, II \/ Art. 16 ao 21<\/b><\/p><p><a href=\"https:\/\/drive.google.com\/file\/d\/1zSdgfyLpWerhbQjNHi_8XebNHU-kQqCB\/view?usp=sharing\" target=\"_blank\" rel=\"noopener\"><em><strong>Portaria n\u00ba 428\/2025 &#8211; PPCL\/UERN<\/strong><\/em><\/a><\/p><hr \/><p><span style=\"color: #339966;\"><b style=\"font-style: inherit;\">Comiss\u00e3o de Credenciamento<\/b><\/span><\/p><p><a href=\"http:\/\/www.uern.br\/controledepaginas\/ppcl-documentos-regimento\/arquivos\/3507novo_regimento_mestrado_acadamico_em_ciancias_da_linguagem_uern_15_12_2020.pdf\" target=\"_blank\" rel=\"noopener\"><b>Regimento do PPCL<\/b><\/a><b> &#8211; Art. 13, III \/ Art. 22 ao 27<\/b><\/p><p><a href=\"https:\/\/drive.google.com\/file\/d\/1YU2s-vxDnzo86uZ07pzzsWbzm5ws5OHp\/view?usp=sharing\" target=\"_blank\" rel=\"noopener\"><em><strong>Portaria n\u00ba 03\/2025 &#8211; PPCL\/UERN<\/strong><\/em><\/a><\/p><hr \/><p><span style=\"color: #339966;\"><b>Comiss\u00e3o de Autoavalia\u00e7\u00e3o<\/b><\/span><\/p><p><a href=\"http:\/\/www.uern.br\/controledepaginas\/ppcl-documentos-regimento\/arquivos\/3507novo_regimento_mestrado_acadamico_em_ciancias_da_linguagem_uern_15_12_2020.pdf\"><b>Regimento do PPCL<\/b><\/a><b> &#8211; Art. 13, IV \/ Art. 28 e 29<\/b><\/p><p><a href=\"https:\/\/drive.google.com\/file\/d\/1KQGN2n5F7WfWl4jZdxsFrZnXlcl6JHLw\/view?usp=sharing\" target=\"_blank\" rel=\"noopener\"><em><strong>Portaria n\u00ba 17\/2024 &#8211; PPCL\/UERN<\/strong><\/em><\/a><\/p><hr \/><p><span style=\"color: #339966;\"><b>Comiss\u00e3o de Acompanhamento de Egressos<\/b><\/span><\/p><p><a href=\"http:\/\/www.uern.br\/controledepaginas\/ppcl-documentos-regimento\/arquivos\/3507novo_regimento_mestrado_acadamico_em_ciancias_da_linguagem_uern_15_12_2020.pdf\"><b>Regimento do PPCL<\/b><\/a><b> &#8211; Art. 13, V \/ Art. 30 e 31<\/b><\/p><p><a href=\"https:\/\/drive.google.com\/file\/d\/1t7I12Yu0WWpZI_MQnbz-WKyvD3UYX5vd\/view?usp=sharing\" target=\"_blank\" rel=\"noopener\"><em><strong>Portaria n\u00ba 09\/2024 &#8211; PPCL\/UERN<\/strong><\/em><\/a><\/p><hr \/><p><span style=\"color: #339966;\"><b>Comiss\u00e3o de Revis\u00e3o do Regimento<\/b><\/span><\/p><p><a href=\"http:\/\/www.uern.br\/controledepaginas\/ppcl-documentos-regimento\/arquivos\/3507novo_regimento_mestrado_acadamico_em_ciancias_da_linguagem_uern_15_12_2020.pdf\"><b>Regimento do PPCL<\/b><\/a><b> &#8211; Art. 13, VI \/ Art. 32 ao 34<\/b><\/p><p><a href=\"https:\/\/drive.google.com\/file\/d\/1MMUJx7ujszS7136jJdr3BIPzMby5oOuB\/view?usp=sharing\" target=\"_blank\" rel=\"noopener\"><em><strong>Portaria n\u00ba 02\/2025 &#8211; PPCL\/UERN<\/strong><\/em><\/a><\/p><hr \/><p><b><span style=\"color: #339966;\">Comiss\u00e3o de Planejamento Estrat\u00e9gico<\/span><br \/><\/b><\/p><p><a href=\"http:\/\/www.uern.br\/controledepaginas\/ppcl-documentos-regimento\/arquivos\/3507novo_regimento_mestrado_acadamico_em_ciancias_da_linguagem_uern_15_12_2020.pdf\"><b>Regimento do PPCL<\/b><\/a><b> &#8211; Art. 8\u00ba, XXI<\/b><\/p><p><a href=\"https:\/\/drive.google.com\/file\/d\/1O0rcBq5rHYVesljV2FPg2AWhC-MCyuZB\/view?usp=drive_link\" target=\"_blank\" rel=\"noopener\"><em><strong>Portaria n\u00ba 18\/2024 &#8211; PPCL\/UERN<\/strong><\/em><\/a><\/p>\t\t\t\t\t\t\t\t<\/div>\n\t\t\t\t<\/div>\n\t\t\t\t<\/div>\n\t\t\t\t<\/div>\n\t\t","protected":false},"excerpt":{"rendered":"<p>COLEGIADO DO PPCL Docentes Alexandre Bezerra Alves Cid Ivan da Costa Carvalho Conc\u00edsia Lopes dos Santos Clerton Luiz Felix Barboza Daiany Ferreira Dantas Edgley Freire Tavares Em\u00edlio Soares Ribeiro Francisco Paulo da Silva Gilson Chicon Alves Jammara Oliveira Vasconcelos de S\u00e1 Leila Maria de Ara\u00fajo Tabosa Jos\u00e9 Roberto Alves Barbosa L\u00facia Helena Medeiros da Cunha [&hellip;]<\/p>\n","protected":false},"author":4,"featured_media":0,"parent":0,"menu_order":0,"comment_status":"closed","ping_status":"closed","template":"","meta":{"site-sidebar-layout":"no-sidebar","site-content-layout":"page-builder","ast-site-content-layout":"full-width-container","site-content-style":"unboxed","site-sidebar-style":"unboxed","ast-global-header-display":"","ast-banner-title-visibility":"","ast-main-header-display":"","ast-hfb-above-header-display":"","ast-hfb-below-header-display":"","ast-hfb-mobile-header-display":"","site-post-title":"disabled","ast-breadcrumbs-content":"","ast-featured-img":"disabled","footer-sml-layout":"","theme-transparent-header-meta":"","adv-header-id-meta":"","stick-header-meta":"","header-above-stick-meta":"","header-main-stick-meta":"","header-below-stick-meta":"","astra-migrate-meta-layouts":"set","ast-page-background-enabled":"default","ast-page-background-meta":{"desktop":{"background-color":"var(--ast-global-color-4)","background-image":"","background-repeat":"repeat","background-position":"center center","background-size":"auto","background-attachment":"scroll","background-type":"","background-media":"","overlay-type":"","overlay-color":"","overlay-opacity":"","overlay-gradient":""},"tablet":{"background-color":"","background-image":"","background-repeat":"repeat","background-position":"center center","background-size":"auto","background-attachment":"scroll","background-type":"","background-media":"","overlay-type":"","overlay-color":"","overlay-opacity":"","overlay-gradient":""},"mobile":{"background-color":"","background-image":"","background-repeat":"repeat","background-position":"center center","background-size":"auto","background-attachment":"scroll","background-type":"","background-media":"","overlay-type":"","overlay-color":"","overlay-opacity":"","overlay-gradient":""}},"ast-content-background-meta":{"desktop":{"background-color":"var(--ast-global-color-5)","background-image":"","background-repeat":"repeat","background-position":"center center","background-size":"auto","background-attachment":"scroll","background-type":"","background-media":"","overlay-type":"","overlay-color":"","overlay-opacity":"","overlay-gradient":""},"tablet":{"background-color":"var(--ast-global-color-5)","background-image":"","background-repeat":"repeat","background-position":"center center","background-size":"auto","background-attachment":"scroll","background-type":"","background-media":"","overlay-type":"","overlay-color":"","overlay-opacity":"","overlay-gradient":""},"mobile":{"background-color":"var(--ast-global-color-5)","background-image":"","background-repeat":"repeat","background-position":"center center","background-size":"auto","background-attachment":"scroll","background-type":"","background-media":"","overlay-type":"","overlay-color":"","overlay-opacity":"","overlay-gradient":""}},"footnotes":""},"class_list":["post-168","page","type-page","status-publish","hentry"],"_links":{"self":[{"href":"http:\/\/ppcl.uern.br\/index.php?rest_route=\/wp\/v2\/pages\/168","targetHints":{"allow":["GET"]}}],"collection":[{"href":"http:\/\/ppcl.uern.br\/index.php?rest_route=\/wp\/v2\/pages"}],"about":[{"href":"http:\/\/ppcl.uern.br\/index.php?rest_route=\/wp\/v2\/types\/page"}],"author":[{"embeddable":true,"href":"http:\/\/ppcl.uern.br\/index.php?rest_route=\/wp\/v2\/users\/4"}],"replies":[{"embeddable":true,"href":"http:\/\/ppcl.uern.br\/index.php?rest_route=%2Fwp%2Fv2%2Fcomments&post=168"}],"version-history":[{"count":156,"href":"http:\/\/ppcl.uern.br\/index.php?rest_route=\/wp\/v2\/pages\/168\/revisions"}],"predecessor-version":[{"id":4140,"href":"http:\/\/ppcl.uern.br\/index.php?rest_route=\/wp\/v2\/pages\/168\/revisions\/4140"}],"wp:attachment":[{"href":"http:\/\/ppcl.uern.br\/index.php?rest_route=%2Fwp%2Fv2%2Fmedia&parent=168"}],"curies":[{"name":"wp","href":"https:\/\/api.w.org\/{rel}","templated":true}]}}